{"id":45,"date":"2024-06-25T11:29:43","date_gmt":"2024-06-25T11:29:43","guid":{"rendered":"https:\/\/felvi-teszt.vik.bme.hu\/?page_id=45"},"modified":"2024-09-11T16:38:54","modified_gmt":"2024-09-11T16:38:54","slug":"phd-kepzes","status":"publish","type":"page","link":"https:\/\/felvi-teszt.vik.bme.hu\/index.php\/phd-kepzes\/","title":{"rendered":"PhD k\u00e9pz\u00e9s"},"content":{"rendered":"\n<div class=\"wp-block-group alignfull has-accent-2-background-color has-background has-global-padding is-layout-constrained wp-container-core-group-is-layout-669513ed wp-block-group-is-layout-constrained\" style=\"margin-top:0;margin-bottom:0;padding-top:var(--wp--preset--spacing--50);padding-right:var(--wp--preset--spacing--50);padding-bottom:var(--wp--preset--spacing--50);padding-left:var(--wp--preset--spacing--50)\">\n<div class=\"wp-block-columns alignwide is-layout-flex wp-container-core-columns-is-layout-28f84493 wp-block-columns-is-layout-flex\">\n<div class=\"wp-block-column is-layout-flow wp-block-column-is-layout-flow\" style=\"flex-basis:40%\">\n<p class=\"wp-container-content-0733e5d0\">Az egyetemi tanulm\u00e1nyok legmagasabb foka.<\/p>\n<\/div>\n\n\n\n<div class=\"wp-block-column is-layout-flow wp-block-column-is-layout-flow\" style=\"flex-basis:60%\">\n<p class=\"has-heading-font-family has-x-large-font-size\" style=\"line-height:1.2\">A mesterk\u00e9pz\u00e9s elv\u00e9gz\u00e9se alatt kialakul benned, hogy milyen ter\u00fcleten \u00e9rzed magad felk\u00e9sz\u00fcltnek \u00e9s elhivatottnak. Amennyiben a tudom\u00e1nyos r\u00e9szek, elm\u00e9letek \u00e9s elj\u00e1r\u00e1sok, k\u00eds\u00e9rleti fejleszt\u00e9sek \u00e9rdekelnek, akkor lehet\u0151s\u00e9ged van tanulm\u00e1nyaidat tov\u00e1bb folytatni PhD (doktori) k\u00e9pz\u00e9sen.<\/p>\n<\/div>\n<\/div>\n\n\n\n<div style=\"height:var(--wp--preset--spacing--40)\" aria-hidden=\"true\" class=\"wp-block-spacer\"><\/div>\n\n\n\n<figure class=\"wp-block-image alignwide size-full is-style-rounded is-style-rounded--1\"><img loading=\"lazy\" decoding=\"async\" width=\"1684\" height=\"1217\" src=\"http:\/\/felvi-teszt.vik.bme.hu\/wp-content\/uploads\/2024\/06\/PhD_kepzes.jpg\" alt=\"\" class=\"wp-image-46\"\/><\/figure>\n<\/div>\n\n\n\n<div class=\"wp-block-group alignfull has-base-background-color has-background has-global-padding is-layout-constrained wp-container-core-group-is-layout-d89aad35 wp-block-group-is-layout-constrained\" style=\"margin-top:0;margin-bottom:0;padding-top:var(--wp--preset--spacing--50);padding-right:var(--wp--preset--spacing--50);padding-bottom:var(--wp--preset--spacing--50);padding-left:var(--wp--preset--spacing--50)\">\n<div class=\"wp-block-columns alignwide is-layout-flex wp-container-core-columns-is-layout-549b0c86 wp-block-columns-is-layout-flex\">\n<div class=\"wp-block-column has-global-padding is-content-justification-left is-layout-constrained wp-container-core-column-is-layout-4f15e8fe wp-block-column-is-layout-constrained\" style=\"flex-basis:40%\">\n<p>Tudom\u00e1ny, kutat\u00e1s, oktat\u00e1s, kapcsolat\u00e9p\u00edt\u00e9s, projektekben val\u00f3 r\u00e9szv\u00e9tel &#8211; a PhD hallgat\u00f3k sz\u00e9les spektrum\u00e1t l\u00e1tj\u00e1k az akad\u00e9miai \u00e9letnek.<br><br><a href=\"https:\/\/lanyoknapja.vik.bme.hu\/page\/1322\" data-type=\"link\" data-id=\"https:\/\/lanyoknapja.vik.bme.hu\/page\/1322\" target=\"_blank\" rel=\"noreferrer noopener\">Kutat\u00e1s, oktat\u00e1s \u00e9s ipar: doktorandusz \u00e9let a VIK-en<\/a> &#8211; \u00c1d\u00e1m Zs\u00f3fia, Farkas Rebeka, Gujgiczer Anna, Nemkin Vikt\u00f3ria \u00e9s Varny\u00fa D\u00f3ra \u00edr\u00e1sa<\/p>\n<\/div>\n\n\n\n<div class=\"wp-block-column is-layout-flow wp-container-core-column-is-layout-119bc444 wp-block-column-is-layout-flow\" style=\"flex-basis:60%\">\n<p class=\"has-heading-font-family has-x-large-font-size\" style=\"line-height:1.2\">A PhD k\u00e9pz\u00e9s 4 \u00e9vb\u0151l \u00e1ll, melyek alatt tudom\u00e1nyos (kutat\u00f3) munk\u00e1val fel kell k\u00e9sz\u00fclni a doktori disszert\u00e1ci\u00f3 (\u00e9rtekez\u00e9s) elk\u00e9sz\u00edt\u00e9s\u00e9re. A disszert\u00e1ci\u00f3 hasonl\u00f3 egy diplomamunk\u00e1hoz, de sokkal alaposabb, r\u00e9szletesebb, \u00e9s \u00faj tudom\u00e1nyos eredm\u00e9nyt tartalmaz. Elk\u00e9sz\u00edt\u00e9s\u00e9vel \u00e9s megv\u00e9d\u00e9s\u00e9vel bizony\u00edtod, hogy k\u00e9pes vagy \u00f6n\u00e1ll\u00f3an tudom\u00e1nyos probl\u00e9m\u00e1kat megoldani.<\/p>\n\n\n\n<div class=\"wp-block-columns is-layout-flex wp-container-core-columns-is-layout-87beb0d0 wp-block-columns-is-layout-flex\">\n<div class=\"wp-block-column is-layout-flow wp-block-column-is-layout-flow\">\n<p class=\"wp-container-content-9cfa9a5a\">A PhD k\u00e9pz\u00e9s elv\u00e9gz\u00e9se \u00e9s a disszert\u00e1ci\u00f3 meg\u00edr\u00e1sa nem egyszer\u0171 feladat. El kell m\u00e9lyedni az adott t\u00e9m\u00e1ban, feldolgozni \u00e9s rendszerezni az inform\u00e1ci\u00f3kat, k\u00eds\u00e9rletezni, fejleszteni, \u00e9s mindemellett cikkeket \u00edrni \u00e9s oktatni. De mindez meg\u00e9ri, tud\u00e1sod \u00e9s probl\u00e9mamegold\u00f3 k\u00e9pess\u00e9ged tov\u00e1bb n\u00f6vekszik, kapcsolataid b\u0151v\u00fclnek. <\/p>\n<\/div>\n\n\n\n<div class=\"wp-block-column is-layout-flow wp-block-column-is-layout-flow\">\n<p>A doktori c\u00edmet elnyer\u0151k keresettek egyetemi\/akad\u00e9miai vonalon is \u00e9s a kutat\u00e1s-fejleszt\u00e9ssel foglalkoz\u00f3 (f\u0151leg nagy) v\u00e1llalatok k\u00f6r\u00e9ben is. Ezt bizony\u00edtja, hogy a karon jelent\u0151s sz\u00e1m\u00fa, v\u00e1llalatok \u00e1ltal ki\u00edrt doktori \u00f6szt\u00f6nd\u00edj l\u00e9tezik.<\/p>\n<\/div>\n<\/div>\n<\/div>\n<\/div>\n<\/div>\n\n\n\n<div class=\"wp-block-group alignfull has-base-2-color has-contrast-background-color has-text-color has-background has-link-color wp-elements-d2cd1e044c56ee1695443589cdf533b7 has-global-padding is-layout-constrained wp-container-core-group-is-layout-facafb6f wp-block-group-is-layout-constrained\" style=\"margin-top:0;margin-bottom:0;padding-top:var(--wp--preset--spacing--50);padding-right:var(--wp--preset--spacing--50);padding-bottom:var(--wp--preset--spacing--50);padding-left:var(--wp--preset--spacing--50)\">\n<div class=\"wp-block-columns alignwide is-layout-flex wp-container-core-columns-is-layout-d1c656ed wp-block-columns-is-layout-flex\">\n<div class=\"wp-block-column is-vertically-aligned-stretch is-layout-flow wp-block-column-is-layout-flow\" style=\"padding-right:0;flex-basis:60%\">\n<div class=\"wp-block-group is-vertical is-content-justification-stretch is-layout-flex wp-container-core-group-is-layout-ae24f51d wp-block-group-is-layout-flex\" style=\"min-height:100%\">\n<figure class=\"wp-block-image size-full is-style-rounded is-style-rounded--2\"><img loading=\"lazy\" decoding=\"async\" width=\"1201\" height=\"1314\" src=\"https:\/\/felvi-teszt.vik.bme.hu\/wp-content\/uploads\/2024\/06\/PhD_kepzes_2.jpg\" alt=\"\" class=\"wp-image-47\" style=\"aspect-ratio:9\/16;object-fit:cover\"\/><\/figure>\n\n\n\n<p class=\"has-medium-font-size\">A TDK el\u0151ad\u00e1sok egyenes \u00e1gon visznek a sikeres PhD jelentkez\u00e9s ir\u00e1ny\u00e1ba.<\/p>\n<\/div>\n<\/div>\n\n\n\n<div class=\"wp-block-column is-layout-flow wp-block-column-is-layout-flow\" style=\"flex-basis:40%\">\n<div class=\"wp-block-group has-global-padding is-layout-constrained wp-block-group-is-layout-constrained\">\n<p class=\"has-large-font-size\" style=\"font-style:normal;font-weight:500;line-height:1.2\">A PhD k\u00e9pz\u00e9s elv\u00e9gz\u00e9se \u00e9s a disszert\u00e1ci\u00f3 meg\u00edr\u00e1sa nem egyszer\u0171 feladat. El kell m\u00e9lyedni az adott t\u00e9m\u00e1ban, feldolgozni \u00e9s rendszerezni az inform\u00e1ci\u00f3kat, k\u00eds\u00e9rletezni, fejleszteni, \u00e9s mindemellett cikkeket \u00edrni \u00e9s oktatni. De mindez meg\u00e9ri, tud\u00e1sod \u00e9s probl\u00e9mamegold\u00f3 k\u00e9pess\u00e9ged tov\u00e1bb n\u00f6vekszik, kapcsolataid b\u0151v\u00fclnek. A doktori c\u00edmet elnyer\u0151k keresettek egyetemi\/akad\u00e9miai vonalon is \u00e9s a kutat\u00e1s-fejleszt\u00e9ssel foglalkoz\u00f3 (f\u0151leg nagy) v\u00e1llalatok k\u00f6r\u00e9ben is. Ezt bizony\u00edtja, hogy a karon jelent\u0151s sz\u00e1m\u00fa, v\u00e1llalatok \u00e1ltal ki\u00edrt doktori \u00f6szt\u00f6nd\u00edj l\u00e9tezik.<\/p>\n\n\n\n<div style=\"height:64px\" aria-hidden=\"true\" class=\"wp-block-spacer\"><\/div>\n\n\n\n<div class=\"wp-block-group is-layout-flow wp-block-group-is-layout-flow\">\n<p class=\"has-medium-font-size\">A karon jelenleg k\u00e9t PhD k\u00e9pz\u00e9s (iskola) m\u0171k\u00f6dik: <strong>a villamosm\u00e9rn\u00f6ki \u00e9s az informatikai tudom\u00e1nyok iskol\u00e1ja.<\/strong><\/p>\n<\/div>\n<\/div>\n\n\n\n<p><a class=\"elementor-button elementor-button-link elementor-size-xl\" href=\"https:\/\/www.vik.bme.hu\/doktorandusz\/\" target=\"_blank\" rel=\"noopener\"><span class=\"elementor-button-content-wrapper\"><span class=\"elementor-button-text\">Tov\u00e1bbi inform\u00e1ci\u00f3kat itt tal\u00e1lhatsz a BME-VIK-en zajl\u00f3 PhD k\u00e9pz\u00e9sr\u0151l!<\/span><\/span><\/a><\/p>\n<\/div>\n<\/div>\n<\/div>\n","protected":false},"excerpt":{"rendered":"<p>Az egyetemi tanulm\u00e1nyok legmagasabb foka. A mesterk\u00e9pz\u00e9s elv\u00e9gz\u00e9se alatt kialakul benned, hogy milyen ter\u00fcleten \u00e9rzed magad felk\u00e9sz\u00fcltnek \u00e9s elhivatottnak. Amennyiben a tudom\u00e1nyos r\u00e9szek, elm\u00e9letek \u00e9s elj\u00e1r\u00e1sok, k\u00eds\u00e9rleti fejleszt\u00e9sek \u00e9rdekelnek, akkor lehet\u0151s\u00e9ged van tanulm\u00e1nyaidat tov\u00e1bb folytatni PhD (doktori) k\u00e9pz\u00e9sen. Tudom\u00e1ny, kutat\u00e1s, oktat\u00e1s, kapcsolat\u00e9p\u00edt\u00e9s, projektekben val\u00f3 r\u00e9szv\u00e9tel &#8211; a PhD hallgat\u00f3k sz\u00e9les spektrum\u00e1t l\u00e1tj\u00e1k az akad\u00e9miai \u00e9letnek. [&hellip;]<\/p>\n","protected":false},"author":1,"featured_media":0,"parent":0,"menu_order":0,"comment_status":"closed","ping_status":"closed","template":"","meta":{"footnotes":""},"class_list":["post-45","page","type-page","status-publish","hentry"],"_links":{"self":[{"href":"https:\/\/felvi-teszt.vik.bme.hu\/index.php\/wp-json\/wp\/v2\/pages\/45","targetHints":{"allow":["GET"]}}],"collection":[{"href":"https:\/\/felvi-teszt.vik.bme.hu\/index.php\/wp-json\/wp\/v2\/pages"}],"about":[{"href":"https:\/\/felvi-teszt.vik.bme.hu\/index.php\/wp-json\/wp\/v2\/types\/page"}],"author":[{"embeddable":true,"href":"https:\/\/felvi-teszt.vik.bme.hu\/index.php\/wp-json\/wp\/v2\/users\/1"}],"replies":[{"embeddable":true,"href":"https:\/\/felvi-teszt.vik.bme.hu\/index.php\/wp-json\/wp\/v2\/comments?post=45"}],"version-history":[{"count":4,"href":"https:\/\/felvi-teszt.vik.bme.hu\/index.php\/wp-json\/wp\/v2\/pages\/45\/revisions"}],"predecessor-version":[{"id":511,"href":"https:\/\/felvi-teszt.vik.bme.hu\/index.php\/wp-json\/wp\/v2\/pages\/45\/revisions\/511"}],"wp:attachment":[{"href":"https:\/\/felvi-teszt.vik.bme.hu\/index.php\/wp-json\/wp\/v2\/media?parent=45"}],"curies":[{"name":"wp","href":"https:\/\/api.w.org\/{rel}","templated":true}]}}