{"id":383,"date":"2024-07-09T14:56:32","date_gmt":"2024-07-09T14:56:32","guid":{"rendered":"https:\/\/felvi-teszt.vik.bme.hu\/?page_id=383"},"modified":"2024-07-09T15:04:37","modified_gmt":"2024-07-09T15:04:37","slug":"virtualis-laborok-2","status":"publish","type":"page","link":"https:\/\/felvi-teszt.vik.bme.hu\/index.php\/virtualis-laborok-2\/","title":{"rendered":"VIRTU\u00c1LIS LABOROK"},"content":{"rendered":"\n<div class=\"wp-block-group alignwide has-global-padding is-layout-constrained wp-block-group-is-layout-constrained\">\n<h1 class=\"wp-block-heading alignwide has-xx-large-font-size\" style=\"margin-top:var(--wp--preset--spacing--40);margin-bottom:var(--wp--preset--spacing--40);line-height:1.2\"><strong>&nbsp;A kari laborokban az oktat\u00e1s mellett kutat\u00f3- \u00e9s fejleszt\u0151munka is folyik. L\u00e1togass meg p\u00e1rat, n\u00e9zd meg, milyen fejleszt\u00e9seket k\u00e9sz\u00edtenek oktat\u00f3k \u00e9s hallgat\u00f3k<\/strong>.<\/h1>\n<\/div>\n\n\n\n<div class=\"wp-block-columns alignwide are-vertically-aligned-top is-layout-flex wp-container-core-columns-is-layout-08c01c1c wp-block-columns-is-layout-flex\">\n<div class=\"wp-block-column is-vertically-aligned-top is-layout-flow wp-block-column-is-layout-flow\">\n<figure class=\"wp-block-embed is-type-video is-provider-youtube wp-block-embed-youtube wp-embed-aspect-16-9 wp-has-aspect-ratio\" style=\"margin-top:var(--wp--preset--spacing--20);margin-bottom:var(--wp--preset--spacing--20)\"><div class=\"wp-block-embed__wrapper\">\n<iframe loading=\"lazy\" title=\"Mobil robotok, \u00f6nvezet\u0151 j\u00e1rm\u0171vek\" width=\"500\" height=\"281\" src=\"https:\/\/www.youtube.com\/embed\/56WWmHn0xdw?feature=oembed\" frameborder=\"0\" allow=\"accelerometer; autoplay; clipboard-write; encrypted-media; gyroscope; picture-in-picture; web-share\" referrerpolicy=\"strict-origin-when-cross-origin\" allowfullscreen><\/iframe>\n<\/div><figcaption class=\"wp-element-caption\">Mobil Robotok &#8211; \u00d6nvezet\u0151 j\u00e1rm\u0171vek<\/figcaption><\/figure>\n<\/div>\n\n\n\n<div class=\"wp-block-column is-vertically-aligned-top is-layout-flow wp-block-column-is-layout-flow\">\n<figure class=\"wp-block-embed is-type-video is-provider-youtube wp-block-embed-youtube wp-embed-aspect-16-9 wp-has-aspect-ratio\" style=\"margin-top:var(--wp--preset--spacing--20);margin-bottom:var(--wp--preset--spacing--20)\"><div class=\"wp-block-embed__wrapper\">\n<iframe loading=\"lazy\" title=\"Elektronikai Technol\u00f3gia Tansz\u00e9k - Bemutatkozunk (BME-ETT)\" width=\"500\" height=\"281\" src=\"https:\/\/www.youtube.com\/embed\/BRaKqeXHvRQ?feature=oembed\" frameborder=\"0\" allow=\"accelerometer; autoplay; clipboard-write; encrypted-media; gyroscope; picture-in-picture; web-share\" referrerpolicy=\"strict-origin-when-cross-origin\" allowfullscreen><\/iframe>\n<\/div><figcaption class=\"wp-element-caption\">Elektronika, \u00e1remk\u00f6rtervez\u00e9s<\/figcaption><\/figure>\n<\/div>\n<\/div>\n\n\n\n<div class=\"wp-block-columns alignwide are-vertically-aligned-top is-layout-flex wp-container-core-columns-is-layout-08c01c1c wp-block-columns-is-layout-flex\">\n<div class=\"wp-block-column is-vertically-aligned-top is-layout-flow wp-block-column-is-layout-flow\">\n<figure class=\"wp-block-embed is-type-video is-provider-youtube wp-block-embed-youtube wp-embed-aspect-16-9 wp-has-aspect-ratio\" style=\"margin-top:var(--wp--preset--spacing--20);margin-bottom:var(--wp--preset--spacing--20)\"><div class=\"wp-block-embed__wrapper\">\n<iframe loading=\"lazy\" title=\"Digit\u00e1lis B\u0171v\u00f6s Kocka\" width=\"500\" height=\"281\" src=\"https:\/\/www.youtube.com\/embed\/ZKP5fH0nKOQ?feature=oembed\" frameborder=\"0\" allow=\"accelerometer; autoplay; clipboard-write; encrypted-media; gyroscope; picture-in-picture; web-share\" referrerpolicy=\"strict-origin-when-cross-origin\" allowfullscreen><\/iframe>\n<\/div><figcaption class=\"wp-element-caption\">Digit\u00e1lis B\u0171v\u00f6s Kocka<\/figcaption><\/figure>\n<\/div>\n\n\n\n<div class=\"wp-block-column is-vertically-aligned-top is-layout-flow wp-block-column-is-layout-flow\">\n<figure class=\"wp-block-embed is-type-video is-provider-youtube wp-block-embed-youtube wp-embed-aspect-16-9 wp-has-aspect-ratio\" style=\"margin-top:var(--wp--preset--spacing--20);margin-bottom:var(--wp--preset--spacing--20)\"><div class=\"wp-block-embed__wrapper\">\n<iframe loading=\"lazy\" title=\"Mobil nagyfesz\u00fclts\u00e9g\u0171 laborat\u00f3rium -Energetikai Szakkoll\u00e9gium\" width=\"500\" height=\"281\" src=\"https:\/\/www.youtube.com\/embed\/seYP3EqC4MY?feature=oembed\" frameborder=\"0\" allow=\"accelerometer; autoplay; clipboard-write; encrypted-media; gyroscope; picture-in-picture; web-share\" referrerpolicy=\"strict-origin-when-cross-origin\" allowfullscreen><\/iframe>\n<\/div><figcaption class=\"wp-element-caption\">Mobil nagyfesz\u00fclts\u00e9g\u0171 laborat\u00f3rium<\/figcaption><\/figure>\n<\/div>\n<\/div>\n\n\n\n<div class=\"wp-block-columns alignwide are-vertically-aligned-top is-layout-flex wp-container-core-columns-is-layout-08c01c1c wp-block-columns-is-layout-flex\">\n<div class=\"wp-block-column is-vertically-aligned-top is-layout-flow wp-block-column-is-layout-flow\">\n<figure class=\"wp-block-embed is-type-video is-provider-youtube wp-block-embed-youtube wp-embed-aspect-16-9 wp-has-aspect-ratio\" style=\"margin-top:var(--wp--preset--spacing--20);margin-bottom:var(--wp--preset--spacing--20)\"><div class=\"wp-block-embed__wrapper\">\n<iframe loading=\"lazy\" title=\"Mobil Kommunik\u00e1ci\u00f3 \u00e9s Kvantumtechnol\u00f3gi\u00e1k Laborat\u00f3rium (MCL) bemutatkoz\u00f3ja\" width=\"500\" height=\"281\" src=\"https:\/\/www.youtube.com\/embed\/cATH7bM2alE?feature=oembed\" frameborder=\"0\" allow=\"accelerometer; autoplay; clipboard-write; encrypted-media; gyroscope; picture-in-picture; web-share\" referrerpolicy=\"strict-origin-when-cross-origin\" allowfullscreen><\/iframe>\n<\/div><figcaption class=\"wp-element-caption\">Mobil Kommunik\u00e1ci\u00f3 \u00e9s Kvantumtechnol\u00f3gi\u00e1k<\/figcaption><\/figure>\n<\/div>\n\n\n\n<div class=\"wp-block-column is-vertically-aligned-top is-layout-flow wp-block-column-is-layout-flow\">\n<figure class=\"wp-block-embed is-type-video is-provider-youtube wp-block-embed-youtube wp-embed-aspect-16-9 wp-has-aspect-ratio\" style=\"margin-top:var(--wp--preset--spacing--20);margin-bottom:var(--wp--preset--spacing--20)\"><div class=\"wp-block-embed__wrapper\">\n<iframe loading=\"lazy\" title=\"Ipari szerel\u0151robotok\" width=\"500\" height=\"281\" src=\"https:\/\/www.youtube.com\/embed\/YlCpyC3ZLc8?feature=oembed\" frameborder=\"0\" allow=\"accelerometer; autoplay; clipboard-write; encrypted-media; gyroscope; picture-in-picture; web-share\" referrerpolicy=\"strict-origin-when-cross-origin\" allowfullscreen><\/iframe>\n<\/div><figcaption class=\"wp-element-caption\">Ipari Szerel\u0151robotok<\/figcaption><\/figure>\n<\/div>\n<\/div>\n\n\n\n<div class=\"wp-block-columns alignwide are-vertically-aligned-top is-layout-flex wp-container-core-columns-is-layout-08c01c1c wp-block-columns-is-layout-flex\">\n<div class=\"wp-block-column is-vertically-aligned-top is-layout-flow wp-block-column-is-layout-flow\">\n<figure class=\"wp-block-embed is-type-video is-provider-youtube wp-block-embed-youtube wp-embed-aspect-16-9 wp-has-aspect-ratio\" style=\"margin-top:var(--wp--preset--spacing--20);margin-bottom:var(--wp--preset--spacing--20)\"><div class=\"wp-block-embed__wrapper\">\n<iframe loading=\"lazy\" title=\"V2V demonstration at the 1st Commsignia \u2013 BME HIT Workshop (11 May 2016)\" width=\"500\" height=\"281\" src=\"https:\/\/www.youtube.com\/embed\/2BTs0Hubt-o?feature=oembed\" frameborder=\"0\" allow=\"accelerometer; autoplay; clipboard-write; encrypted-media; gyroscope; picture-in-picture; web-share\" referrerpolicy=\"strict-origin-when-cross-origin\" allowfullscreen><\/iframe>\n<\/div><figcaption class=\"wp-element-caption\">V2V demonstr\u00e1ci\u00f3<\/figcaption><\/figure>\n<\/div>\n\n\n\n<div class=\"wp-block-column is-vertically-aligned-top is-layout-flow wp-block-column-is-layout-flow\">\n<figure class=\"wp-block-embed is-type-video is-provider-youtube wp-block-embed-youtube wp-embed-aspect-16-9 wp-has-aspect-ratio\" style=\"margin-top:var(--wp--preset--spacing--20);margin-bottom:var(--wp--preset--spacing--20)\"><div class=\"wp-block-embed__wrapper\">\n<iframe loading=\"lazy\" title=\"AI and IoT intergrated V2X Demonstration\" width=\"500\" height=\"281\" src=\"https:\/\/www.youtube.com\/embed\/eGsnOnsSrxs?feature=oembed\" frameborder=\"0\" allow=\"accelerometer; autoplay; clipboard-write; encrypted-media; gyroscope; picture-in-picture; web-share\" referrerpolicy=\"strict-origin-when-cross-origin\" allowfullscreen><\/iframe>\n<\/div><figcaption class=\"wp-element-caption\">Ai \u00e9s IoT <\/figcaption><\/figure>\n<\/div>\n<\/div>\n\n\n\n<div class=\"wp-block-columns alignwide are-vertically-aligned-top is-layout-flex wp-container-core-columns-is-layout-08c01c1c wp-block-columns-is-layout-flex\">\n<div class=\"wp-block-column is-vertically-aligned-top is-layout-flow wp-block-column-is-layout-flow\">\n<figure class=\"wp-block-embed is-type-video is-provider-youtube wp-block-embed-youtube wp-embed-aspect-16-9 wp-has-aspect-ratio\" style=\"margin-top:var(--wp--preset--spacing--20);margin-bottom:var(--wp--preset--spacing--20)\"><div class=\"wp-block-embed__wrapper\">\n<iframe loading=\"lazy\" title=\"BME Nagyfesz\u00fclts\u00e9g\u0171 Laborat\u00f3rium prom\u00f3ci\u00f3s vide\u00f3\" width=\"500\" height=\"281\" src=\"https:\/\/www.youtube.com\/embed\/jDtzjT-FbjQ?feature=oembed\" frameborder=\"0\" allow=\"accelerometer; autoplay; clipboard-write; encrypted-media; gyroscope; picture-in-picture; web-share\" referrerpolicy=\"strict-origin-when-cross-origin\" allowfullscreen><\/iframe>\n<\/div><figcaption class=\"wp-element-caption\">BME Nagyfesz\u00fclts\u00e9g\u0171 Laborat\u00f3rium<\/figcaption><\/figure>\n<\/div>\n\n\n\n<div class=\"wp-block-column is-vertically-aligned-top is-layout-flow wp-block-column-is-layout-flow\">\n<figure class=\"wp-block-embed is-type-video is-provider-youtube wp-block-embed-youtube wp-embed-aspect-16-9 wp-has-aspect-ratio\" style=\"margin-top:var(--wp--preset--spacing--20);margin-bottom:var(--wp--preset--spacing--20)\"><div class=\"wp-block-embed__wrapper\">\n<iframe loading=\"lazy\" title=\"Scanopus - 3D scanner fejleszt\u00e9s\" width=\"500\" height=\"281\" src=\"https:\/\/www.youtube.com\/embed\/Dh09uHbSypo?feature=oembed\" frameborder=\"0\" allow=\"accelerometer; autoplay; clipboard-write; encrypted-media; gyroscope; picture-in-picture; web-share\" referrerpolicy=\"strict-origin-when-cross-origin\" allowfullscreen><\/iframe>\n<\/div><figcaption class=\"wp-element-caption\">Scanopus 3D szkenner<\/figcaption><\/figure>\n<\/div>\n<\/div>\n","protected":false},"excerpt":{"rendered":"<p>&nbsp;A kari laborokban az oktat\u00e1s mellett kutat\u00f3- \u00e9s fejleszt\u0151munka is folyik. L\u00e1togass meg p\u00e1rat, n\u00e9zd meg, milyen fejleszt\u00e9seket k\u00e9sz\u00edtenek oktat\u00f3k \u00e9s hallgat\u00f3k.<\/p>\n","protected":false},"author":1,"featured_media":0,"parent":0,"menu_order":0,"comment_status":"closed","ping_status":"closed","template":"","meta":{"footnotes":""},"class_list":["post-383","page","type-page","status-publish","hentry"],"_links":{"self":[{"href":"https:\/\/felvi-teszt.vik.bme.hu\/index.php\/wp-json\/wp\/v2\/pages\/383","targetHints":{"allow":["GET"]}}],"collection":[{"href":"https:\/\/felvi-teszt.vik.bme.hu\/index.php\/wp-json\/wp\/v2\/pages"}],"about":[{"href":"https:\/\/felvi-teszt.vik.bme.hu\/index.php\/wp-json\/wp\/v2\/types\/page"}],"author":[{"embeddable":true,"href":"https:\/\/felvi-teszt.vik.bme.hu\/index.php\/wp-json\/wp\/v2\/users\/1"}],"replies":[{"embeddable":true,"href":"https:\/\/felvi-teszt.vik.bme.hu\/index.php\/wp-json\/wp\/v2\/comments?post=383"}],"version-history":[{"count":13,"href":"https:\/\/felvi-teszt.vik.bme.hu\/index.php\/wp-json\/wp\/v2\/pages\/383\/revisions"}],"predecessor-version":[{"id":396,"href":"https:\/\/felvi-teszt.vik.bme.hu\/index.php\/wp-json\/wp\/v2\/pages\/383\/revisions\/396"}],"wp:attachment":[{"href":"https:\/\/felvi-teszt.vik.bme.hu\/index.php\/wp-json\/wp\/v2\/media?parent=383"}],"curies":[{"name":"wp","href":"https:\/\/api.w.org\/{rel}","templated":true}]}}