{"id":372,"date":"2024-07-09T13:19:08","date_gmt":"2024-07-09T13:19:08","guid":{"rendered":"https:\/\/felvi-teszt.vik.bme.hu\/?page_id=372"},"modified":"2024-07-09T14:38:28","modified_gmt":"2024-07-09T14:38:28","slug":"nemet-kepzes","status":"publish","type":"page","link":"https:\/\/felvi-teszt.vik.bme.hu\/index.php\/nemet-kepzes\/","title":{"rendered":"N\u00c9MET K\u00c9PZ\u00c9S"},"content":{"rendered":"\n<div class=\"wp-block-group alignfull has-accent-2-background-color has-background has-global-padding is-layout-constrained wp-container-core-group-is-layout-cd6163fc wp-block-group-is-layout-constrained\" style=\"margin-top:0;margin-bottom:0;padding-top:var(--wp--preset--spacing--10);padding-right:var(--wp--preset--spacing--50);padding-bottom:var(--wp--preset--spacing--10);padding-left:var(--wp--preset--spacing--50)\">\n<div class=\"wp-block-columns alignwide is-layout-flex wp-container-core-columns-is-layout-28f84493 wp-block-columns-is-layout-flex\">\n<div class=\"wp-block-column is-layout-flow wp-block-column-is-layout-flow\" style=\"flex-basis:40%\">\n<p class=\"wp-container-content-0733e5d0\">BME \u00e9s KIT k\u00f6z\u00f6s n\u00e9met nyelv\u0171 k\u00e9pz\u00e9se<\/p>\n<\/div>\n\n\n\n<div class=\"wp-block-column is-layout-flow wp-block-column-is-layout-flow\" style=\"flex-basis:60%\">\n<p class=\"has-heading-font-family\" style=\"font-size:clamp(19.481px, 1.218rem + ((1vw - 3.2px) * 1.2), 31px);line-height:1.2\">Das Karlsruher Institut f\u00fcr Technologie (KIT) ist \u201edie Forschungsuniversit\u00e4t in der Helmholtz-Gemeinschaft\u201c.<br>Als einzige deutsche Exzellenzuniversit\u00e4t mit nationaler Gro\u00dfforschung bieten wir unseren Studierenden, Forschenden und Besch\u00e4ftigten einmalige Lern-, Lehr- und Arbeitsbedingungen. Die Wurzeln der universit\u00e4ren Bildungsst\u00e4tte reichen bis ins Jahr 1825 zur\u00fcck. Seine heutige Form erhielt das KIT, indem sich die Universit\u00e4t Karlsruhe (TH) und das Forschungszentrum Karlsruhe 2009 zusammenschlossen.<\/p>\n<\/div>\n<\/div>\n\n\n\n<div style=\"height:var(--wp--preset--spacing--40)\" aria-hidden=\"true\" class=\"wp-block-spacer\"><\/div>\n\n\n\n<figure class=\"wp-block-image alignwide size-full is-style-rounded is-style-rounded--1\"><img loading=\"lazy\" decoding=\"async\" width=\"849\" height=\"722\" src=\"http:\/\/felvi-teszt.vik.bme.hu\/wp-content\/uploads\/2024\/07\/KIT_vik.jpeg\" alt=\"\" class=\"wp-image-375\"\/><\/figure>\n<\/div>\n\n\n\n<div class=\"wp-block-group alignfull has-base-background-color has-background has-global-padding is-layout-constrained wp-container-core-group-is-layout-d89aad35 wp-block-group-is-layout-constrained\" style=\"margin-top:0;margin-bottom:0;padding-top:var(--wp--preset--spacing--50);padding-right:var(--wp--preset--spacing--50);padding-bottom:var(--wp--preset--spacing--50);padding-left:var(--wp--preset--spacing--50)\">\n<div class=\"wp-block-columns alignwide is-layout-flex wp-container-core-columns-is-layout-549b0c86 wp-block-columns-is-layout-flex\">\n<div class=\"wp-block-column has-global-padding is-content-justification-left is-layout-constrained wp-container-core-column-is-layout-4f15e8fe wp-block-column-is-layout-constrained\" style=\"flex-basis:40%\">\n<p>\u2022 Szakmai n\u00e9met nyelvtud\u00e1s.<br>\u2022 Kis l\u00e9tsz\u00e1m\u00fa csoportokban t\u00f6rt\u00e9n\u0151 k\u00e9pz\u00e9s az orsz\u00e1g vezet\u0151 m\u0171szaki egyetem\u00e9n.<br>\u2022 \u00c9letre sz\u00f3l\u00f3 eml\u00e9kek a Karlsruheben t\u00f6lt\u00f6tt 1 vagy 2 f\u00e9l\u00e9v alatt.<br>\u2022 A n\u00e9metorsz\u00e1gi f\u00e9l\u00e9veket t\u00e1mogat\u00f3 kieg\u00e9sz\u00edt\u0151 \u00f6szt\u00f6nd\u00edj lehet\u0151s\u00e9gek.<br>\u2022 Lehet\u0151s\u00e9g, hogy piacvezet\u0151 nyugati c\u00e9gekn\u00e9l kezdhesd meg a szakmai p\u00e1lyafut\u00e1sod.<\/p>\n<\/div>\n\n\n\n<div class=\"wp-block-column is-layout-flow wp-container-core-column-is-layout-119bc444 wp-block-column-is-layout-flow\" style=\"flex-basis:60%\">\n<p class=\"has-heading-font-family has-x-large-font-size\" style=\"line-height:1.2\">Mit ny\u00fajt a n\u00e9met nyelv\u0171 k\u00e9pz\u00e9s?<\/p>\n\n\n\n<div class=\"wp-block-columns is-layout-flex wp-container-core-columns-is-layout-87beb0d0 wp-block-columns-is-layout-flex\">\n<div class=\"wp-block-column is-layout-flow wp-block-column-is-layout-flow\">\n<p class=\"wp-container-content-9cfa9a5a\">A double degree program keretein bel\u00fcl 2018-t\u00f3l a villamosm\u00e9rn\u00f6ki, 2023-t\u00f3l a mechatronikai m\u00e9rn\u00f6ki szak hallgat\u00f3i az els\u0151 k\u00e9t f\u00e9l\u00e9v\u00fcket a BME-n v\u00e9gzik n\u00e9met nyelven, a harmadik \u00e9s a negyedik f\u00e9l\u00e9v\u00fcket a KIT-en t\u00f6ltik. Alapk\u00e9pz\u00e9s\u00fcket itthon fejezik be, \u00e9s megfelel\u0151 tanulm\u00e1nyi eredm\u00e9ny el\u00e9r\u00e9se eset\u00e9n k\u00e9pz\u00e9s\u00fck v\u00e9g\u00e9n kett\u0151s diplom\u00e1t (double degree) vehetnek \u00e1t. A f\u00e9l\u00e9v\u00e1thallgat\u00e1st az Egyetem \u00e9s a Magyarorsz\u00e1gon jelen l\u00e9v\u0151 n\u00e9met c\u00e9gek \u00e1ltal ny\u00fajtott \u00f6szt\u00f6nd\u00edjak seg\u00edtik, a c\u00e9gek emellett szakmai gyakorlat v\u00e9gz\u00e9s\u00e9re is lehet\u0151s\u00e9get adnak.<\/p>\n\n\n\n<p><\/p>\n\n\n\n<p><\/p>\n\n\n\n<p class=\"wp-container-content-9cfa9a5a\">A double degree program mellett a m\u00e9rn\u00f6kinformatikus \u00e9s g\u00e9p\u00e9szm\u00e9rn\u00f6k hallgat\u00f3knak lehet\u0151s\u00e9g\u00fck van n\u00e9met nyelv\u0171 m\u00e9rn\u00f6kk\u00e9pz\u00e9sben r\u00e9szt venni. Ezen k\u00e9pz\u00e9seken az els\u0151 n\u00e9gy f\u00e9l\u00e9v a magyar nyelv\u0171 k\u00e9pz\u00e9ssel megegyez\u0151 tematik\u00e1val, kis l\u00e9tsz\u00e1m\u00fa csoportban, n\u00e9met nyelven folyik. A megfelel\u0151 tanulm\u00e1nyi \u00e1tlagot el\u00e9rt hallgat\u00f3k a BSc K\u00e9pz\u00e9s mecha-tronikus hallgat\u00f3i az \u00f6t\u00f6dik f\u00e9l\u00e9vet, m\u00e9rn\u00f6kinformatikus hallgat\u00f3i a hatodik f\u00e9l\u00e9v\u00fcket a Karlsruhei Technol\u00f3giai Int\u00e9zetben (KIT) t\u00f6lthetik. A mesterk\u00e9pz\u00e9s v\u00e9g\u00e9n minden hallgat\u00f3 a KIT \u00e1ltal is al\u00e1\u00edrt, n\u00e9met k\u00e9pz\u00e9s teljes\u00edt\u00e9s\u00e9t igazol\u00f3 bet\u00e9tlappal kieg\u00e9sz\u00edtett diplom\u00e1t vehet \u00e1t. A k\u00e9pz\u00e9s plusz k\u00f6lts\u00e9ggel nem j\u00e1r.<\/p>\n\n\n\n<p><\/p>\n\n\n\n<p>Ha a fentiek megmozgatt\u00e1k a fant\u00e1zi\u00e1dat, ne habozz jelentkezni a Budapesti M\u0171szaki \u00e9s Gazdas\u00e1gtudom\u00e1nyi Egyetem \u00e9s a Karlsruhei Technol\u00f3giai Int\u00e9zet (KIT) 1992- ben ind\u00edtott k\u00f6z\u00f6s n\u00e9met nyelv\u0171 m\u00e9rn\u00f6kk\u00e9pz\u00e9s\u00e9re!<br>A n\u00e9met nyelv\u0171 k\u00e9pz\u00e9sben a<br>\u2022 villamosm\u00e9rn\u00f6ki \/ m\u00e9rn\u00f6kinformatikus,<br>\u2022 g\u00e9p\u00e9szm\u00e9rn\u00f6ki \/ mechatronikai m\u00e9rn\u00f6ki alapszakok hallgat\u00f3i vehetnek r\u00e9szt.<\/p>\n\n\n\n<p>Inform\u00e1ci\u00f3 \u00e9s jelentkez\u00e9s a villamosm\u00e9rn\u00f6k \u00e9s m\u00e9rn\u00f6kinformatikus hallgat\u00f3k sz\u00e1m\u00e1ra: nemet.vik.bme.hu \u2022 <a href=\"http:\/\/start.vik.bme.hu\/nemet-kepzes\" data-type=\"link\" data-id=\"start.vik.bme.hu\/nemet-kepzes\">start.vik.bme.hu\/nemet-kepzes<\/a> \u2022 Kontakt: nemet-kepzes@vik.bme.hu<\/p>\n\n\n\n<p><\/p>\n<\/div>\n<\/div>\n<\/div>\n<\/div>\n<\/div>\n","protected":false},"excerpt":{"rendered":"<p>BME \u00e9s KIT k\u00f6z\u00f6s n\u00e9met nyelv\u0171 k\u00e9pz\u00e9se Das Karlsruher Institut f\u00fcr Technologie (KIT) ist \u201edie Forschungsuniversit\u00e4t in der Helmholtz-Gemeinschaft\u201c.Als einzige deutsche Exzellenzuniversit\u00e4t mit nationaler Gro\u00dfforschung bieten wir unseren Studierenden, Forschenden und Besch\u00e4ftigten einmalige Lern-, Lehr- und Arbeitsbedingungen. Die Wurzeln der universit\u00e4ren Bildungsst\u00e4tte reichen bis ins Jahr 1825 zur\u00fcck. Seine heutige Form erhielt das KIT, indem [&hellip;]<\/p>\n","protected":false},"author":1,"featured_media":0,"parent":0,"menu_order":0,"comment_status":"closed","ping_status":"closed","template":"","meta":{"footnotes":""},"class_list":["post-372","page","type-page","status-publish","hentry"],"_links":{"self":[{"href":"https:\/\/felvi-teszt.vik.bme.hu\/index.php\/wp-json\/wp\/v2\/pages\/372","targetHints":{"allow":["GET"]}}],"collection":[{"href":"https:\/\/felvi-teszt.vik.bme.hu\/index.php\/wp-json\/wp\/v2\/pages"}],"about":[{"href":"https:\/\/felvi-teszt.vik.bme.hu\/index.php\/wp-json\/wp\/v2\/types\/page"}],"author":[{"embeddable":true,"href":"https:\/\/felvi-teszt.vik.bme.hu\/index.php\/wp-json\/wp\/v2\/users\/1"}],"replies":[{"embeddable":true,"href":"https:\/\/felvi-teszt.vik.bme.hu\/index.php\/wp-json\/wp\/v2\/comments?post=372"}],"version-history":[{"count":3,"href":"https:\/\/felvi-teszt.vik.bme.hu\/index.php\/wp-json\/wp\/v2\/pages\/372\/revisions"}],"predecessor-version":[{"id":377,"href":"https:\/\/felvi-teszt.vik.bme.hu\/index.php\/wp-json\/wp\/v2\/pages\/372\/revisions\/377"}],"wp:attachment":[{"href":"https:\/\/felvi-teszt.vik.bme.hu\/index.php\/wp-json\/wp\/v2\/media?parent=372"}],"curies":[{"name":"wp","href":"https:\/\/api.w.org\/{rel}","templated":true}]}}