{"id":365,"date":"2024-07-09T13:01:40","date_gmt":"2024-07-09T13:01:40","guid":{"rendered":"https:\/\/felvi-teszt.vik.bme.hu\/?page_id=365"},"modified":"2024-07-09T13:15:57","modified_gmt":"2024-07-09T13:15:57","slug":"tehetseggondozas","status":"publish","type":"page","link":"https:\/\/felvi-teszt.vik.bme.hu\/index.php\/tehetseggondozas\/","title":{"rendered":"IMSc PROGRAM"},"content":{"rendered":"\n<div class=\"wp-block-group alignfull has-base-2-color has-contrast-background-color has-text-color has-background has-link-color wp-elements-84428e3566ed6fd1d4f6925133c46a59 has-global-padding is-layout-constrained wp-container-core-group-is-layout-669513ed wp-block-group-is-layout-constrained\" style=\"margin-top:0;margin-bottom:0;padding-top:var(--wp--preset--spacing--50);padding-right:var(--wp--preset--spacing--50);padding-bottom:var(--wp--preset--spacing--50);padding-left:var(--wp--preset--spacing--50)\">\n<div class=\"wp-block-columns alignwide is-layout-flex wp-container-core-columns-is-layout-1da03c2a wp-block-columns-is-layout-flex\">\n<div class=\"wp-block-column is-vertically-aligned-stretch is-layout-flow wp-block-column-is-layout-flow\" style=\"flex-basis:50%\">\n<div class=\"wp-block-group is-vertical is-content-justification-stretch is-layout-flex wp-container-core-group-is-layout-444d5ee8 wp-block-group-is-layout-flex\" style=\"min-height:100%\">\n<p class=\"has-heading-font-family has-x-large-font-size\" style=\"line-height:1.2\"><strong><em>A BME Villamosm\u00e9rn\u00f6ki \u00e9s Informatikai Kara (BME VIK) a vil\u00e1g sz\u00e1mos vezet\u0151 m\u0171szaki egyetem\u00e9nek sikeres gyakorlat\u00e1t k\u00f6vetve 2016 szeptember\u00e9t\u0151l kezd\u0151d\u0151en a villamosm\u00e9rn\u00f6ki \u00e9s a m\u00e9rn\u00f6kinformatikusi k\u00e9pz\u00e9si programjait integr\u00e1lt form\u00e1ban is meghirdeti. Az integr\u00e1lt program a BME VIK \u00e1ltal a Felv\u00e9teli T\u00e1j\u00e9koztat\u00f3ban meghirdetett villamosm\u00e9rn\u00f6ki \u00e9s m\u00e9rn\u00f6kinformatikusi BSc \u00e9s MSc k\u00e9pz\u00e9sek szakmailag egyetlen \u00edvet k\u00e9pez\u0151 v\u00e1ltozata, amelyet r\u00f6viden integr\u00e1lt BSc-MSc programnak (IMSc) nevez\u00fcnk. <\/em><\/strong><\/p>\n\n\n\n<div class=\"wp-block-group has-global-padding is-content-justification-left is-layout-constrained wp-container-core-group-is-layout-9fe8ed88 wp-block-group-is-layout-constrained\">\n<p class=\"wp-container-content-0733e5d0\"><\/p>\n\n\n\n<div class=\"wp-block-buttons is-layout-flex wp-block-buttons-is-layout-flex\"><\/div>\n<\/div>\n<\/div>\n<\/div>\n\n\n\n<div class=\"wp-block-column is-vertically-aligned-center is-layout-flow wp-block-column-is-layout-flow\" style=\"flex-basis:50%\">\n<figure class=\"wp-block-image size-full has-custom-border is-style-rounded is-style-rounded--1\"><img loading=\"lazy\" decoding=\"async\" width=\"1080\" height=\"1440\" src=\"https:\/\/felvi-teszt.vik.bme.hu\/wp-content\/uploads\/2024\/07\/1720472409334.jpg\" alt=\"\" class=\"wp-image-369\" style=\"border-width:18px;aspect-ratio:3\/4;object-fit:cover\"\/><\/figure>\n<\/div>\n<\/div>\n<\/div>\n\n\n\n<div class=\"wp-block-group alignfull has-base-background-color has-background has-global-padding is-layout-constrained wp-container-core-group-is-layout-d89aad35 wp-block-group-is-layout-constrained\" style=\"margin-top:0;margin-bottom:0;padding-top:var(--wp--preset--spacing--50);padding-right:var(--wp--preset--spacing--50);padding-bottom:var(--wp--preset--spacing--50);padding-left:var(--wp--preset--spacing--50)\">\n<div class=\"wp-block-columns alignwide is-layout-flex wp-container-core-columns-is-layout-549b0c86 wp-block-columns-is-layout-flex\">\n<div class=\"wp-block-column has-global-padding is-content-justification-left is-layout-constrained wp-container-core-column-is-layout-4f15e8fe wp-block-column-is-layout-constrained\" style=\"flex-basis:40%\">\n<p class=\"has-large-font-size\" style=\"margin-top:0;margin-right:0;margin-bottom:0;margin-left:0\">A programban r\u00e9sztvev\u0151 hallgat\u00f3kt\u00f3l elv\u00e1rj\u00e1k a szigor\u00fa minta-tanterv szerinti halad\u00e1st, valamint minden f\u00e9l\u00e9vben a legal\u00e1bb 4.00-\u00e1s halmozott, kredittel s\u00falyozott tanulm\u00e1nyi \u00e1tlagot.<br><br><\/p>\n<\/div>\n\n\n\n<div class=\"wp-block-column is-layout-flow wp-block-column-is-layout-flow\"><\/div>\n\n\n\n<div class=\"wp-block-column is-layout-flow wp-container-core-column-is-layout-119bc444 wp-block-column-is-layout-flow\" style=\"flex-basis:60%\">\n<p class=\"has-heading-font-family has-x-large-font-size\" style=\"line-height:1.2\">A program sz\u00e1mos eleme emelt szint\u0171: \u00fagy, mint az egy-egy t\u00e9mak\u00f6rh\u00f6z kapcsol\u00f3d\u00f3an megszerezhet\u0151 tud\u00e1s m\u00e9lys\u00e9ge, valamint a kapcsol\u00f3d\u00f3 k\u00e9szs\u00e9gek szintj\u00e9t illet\u0151en is fels\u0151fok\u00fa. Ezek az elemek egyr\u00e9szt a kisebb csoportokban t\u00f6rt\u00e9n\u0151 k\u00e9pz\u00e9s, m\u00e1sr\u00e9szt pedig a szem\u00e9lyre szabotts\u00e1g keretei k\u00f6z\u00f6tt val\u00f3sulnak meg. K\u00fcl\u00f6n eml\u00edtend\u0151k a szakmai elm\u00e9ly\u00fcl\u00e9s \u00e9s tapasztalatszerz\u00e9s azon kih\u00edv\u00e1sai \u00e9s lehet\u0151s\u00e9gei, amelyek a program r\u00e9szvev\u0151i sz\u00e1m\u00e1ra a BME VIK sz\u00e9lesk\u00f6r\u0171 hazai \u00e9s nemzetk\u00f6zi kapcsolatrendszere, valamint egyetemi \u00e9s ipari partnerei r\u00e9v\u00e9n f\u00e9rhet\u0151ek hozz\u00e1. A tanulm\u00e1nyaikat a program keret\u00e9ben v\u00e9gz\u0151k sikeres teljes\u00edt\u00e9s eset\u00e9n mind a BSc, mind az MSc diplom\u00e1t a jogszab\u00e1lyok \u00e1ltal el\u0151\u00edrt keretek k\u00f6z\u00f6tt szerzik meg.<\/p>\n\n\n\n<div class=\"wp-block-columns is-layout-flex wp-container-core-columns-is-layout-87beb0d0 wp-block-columns-is-layout-flex\">\n<div class=\"wp-block-column is-layout-flow wp-block-column-is-layout-flow\">\n<p class=\"wp-container-content-9cfa9a5a\"><strong>Jelentkez\u00e9si felt\u00e9telek:<\/strong> A programra minden egy\u00e9b felt\u00e9telvizsg\u00e1lat n\u00e9lk\u00fcl fel-v\u00e9telt nyernek azok a jelentkez\u0151k, akik a Matematika, Fizika, Informatika II., Digit\u00e1lis kult\u00fara II. OKTV, \u00e9s az Informatikai ismeretek, valamint Automatikai \u00e9s elektronikai alapismeretek \u00c1SZ\u00c9V (kor\u00e1bban SZ\u00c9TV) tanulm\u00e1nyi versenyek 1-10 helyezettjei. Rajtuk k\u00edv\u00fcl azok is jelentkezhetnek, akik emelt szint\u0171 \u00e9retts\u00e9git tettek matematik\u00e1b\u00f3l vagy fizik\u00e1b\u00f3l, vagy az el\u0151z\u0151 pontban felsorolt t\u00e1rgyak egyik\u00e9b\u0151l OKTV vagy \u00c1SZ\u00c9V (kor\u00e1bban SZ\u00c9TV) tanulm\u00e1nyi verseny 11-30. helyezettjei. A jelentkez\u0151k rangsorol\u00e1sa felv\u00e9teli pontsz\u00e1m+pluszpont rendszerben el\u00e9rt \u00f6sszpontsz\u00e1m alapj\u00e1n, a felv\u00e9teli d\u00f6nt\u00e9s pedig a l\u00e9tsz\u00e1mkorl\u00e1t figyelembev\u00e9tel\u00e9vel meghat\u00e1rozott minimumpontsz\u00e1m (\u201evonalh\u00faz\u00e1s\u201d) alapj\u00e1n t\u00f6rt\u00e9nik. A felv\u00e9teli pontsz\u00e1m az orsz\u00e1gos felv\u00e9teli elj\u00e1r\u00e1s sor\u00e1n el\u00e9rt pontsz\u00e1m, amelyhez a rangsorol\u00e1skor pluszpontok ad\u00f3dnak a Matematika, Fizika, Informatika II., Digit\u00e1lis kult\u00fara II. OKTV, \u00e9s az informatikai ismeretek, valamint automatikai \u00e9s elektronikai alapismeretek.<\/p>\n<\/div>\n\n\n\n<div class=\"wp-block-column is-layout-flow wp-block-column-is-layout-flow\">\n<p>\u00c1SZ\u00c9V (kor\u00e1bban SZ\u00c9TV) tanulm\u00e1nyi versenyek 11-30. helyezettjei eset\u00e9ben, ill. azokn\u00e1l, akik egy m\u00e1sodik emelt szint\u0171 \u00e9retts\u00e9gi vizsg\u00e1val rendelkeznek matematik\u00e1b\u00f3l vagy fizik\u00e1b\u00f3l, az al\u00e1bbiak szerint:<br>\u2022 a felsorolt tanulm\u00e1nyi versenyek 11-20. helyez\u00e9se: +50 pont;<br>\u2022 a felsorolt tanulm\u00e1nyi versenyek 21-30. helyez\u00e9se: +25 pont;<br>\u2022 m\u00e1sodik emelt szint\u0171 \u00e9retts\u00e9gi (matematik\u00e1b\u00f3l vagy fizik\u00e1b\u00f3l): +25 pont.<br>Azok, akik valamilyen okb\u00f3l a felv\u00e9teli krit\u00e9riumnak nem felelnek meg, vagy kev\u00e9s pontot \u00e9rtek el, egy (vagy k\u00e9t) szemeszterrel k\u00e9s\u0151bb \u2013 mintatanterv szerinti halad\u00e1s eset\u00e9n, \u00e9s tanulm\u00e1nyi eredm\u00e9ny sorrend alapj\u00e1n &#8211; a felvehet\u0151 l\u00e9tsz\u00e1m m\u00e9rt\u00e9k\u00e9ig csatlakozhatnak a programhoz. A Kar a becsatlakoz\u00f3k l\u00e9tsz\u00e1mkeret\u00e9t \u00fagy hat\u00e1rozza meg, hogy az \u00e9vfolyamok l\u00e9tsz\u00e1ma egyik szakon se haladja meg a 80 f\u0151t.<\/p>\n<\/div>\n<\/div>\n<\/div>\n<\/div>\n\n\n\n<p><\/p>\n<\/div>\n\n\n\n<pre class=\"wp-block-code has-contrast-color has-text-color has-link-color has-medium-font-size wp-elements-2ba38a7394a631a098e8cd7fcce8058d\" style=\"font-style:normal;font-weight:400\"><code>\/\/ <strong>Kiemelt \u00f6szt\u00f6nd\u00edjak<\/strong>: Az IMSc programban \n\/\/ r\u00e9sztvev\u0151 hallgat\u00f3k az els\u0151 szemeszter \n\/\/ kiv\u00e9tel\u00e9vel \u00f6szt\u00f6nd\u00edjban r\u00e9szes\u00fclnek, \n\/\/ mely szemeszterenk\u00e9nt emelked\u0151 alap\u00f6szt\u00f6nd\u00edjb\u00f3l\n\/\/ \u00e9s a tanulm\u00e1nyi teljes\u00edtm\u00e9nyt\u0151l f\u00fcgg\u0151 kieg\u00e9sz\u00edt\u0151 \n\/\/ \u00f6szt\u00f6nd\u00edjb\u00f3l \u00e1ll. \n\n###\n<strong>\nA legkiemelked\u0151bb hallgat\u00f3k d\u00e9k\u00e1ni \u00f6szt\u00f6nd\u00edjban r\u00e9szes\u00fclnek, melynek \u00f6sszege az IMSc \u00f6szt\u00f6nd\u00edjon t\u00fal 200e Ft\/\u00e9v.<\/strong><\/code><\/pre>\n","protected":false},"excerpt":{"rendered":"<p>A BME Villamosm\u00e9rn\u00f6ki \u00e9s Informatikai Kara (BME VIK) a vil\u00e1g sz\u00e1mos vezet\u0151 m\u0171szaki egyetem\u00e9nek sikeres gyakorlat\u00e1t k\u00f6vetve 2016 szeptember\u00e9t\u0151l kezd\u0151d\u0151en a villamosm\u00e9rn\u00f6ki \u00e9s a m\u00e9rn\u00f6kinformatikusi k\u00e9pz\u00e9si programjait integr\u00e1lt form\u00e1ban is meghirdeti. Az integr\u00e1lt program a BME VIK \u00e1ltal a Felv\u00e9teli T\u00e1j\u00e9koztat\u00f3ban meghirdetett villamosm\u00e9rn\u00f6ki \u00e9s m\u00e9rn\u00f6kinformatikusi BSc \u00e9s MSc k\u00e9pz\u00e9sek szakmailag egyetlen \u00edvet k\u00e9pez\u0151 v\u00e1ltozata, amelyet [&hellip;]<\/p>\n","protected":false},"author":1,"featured_media":0,"parent":0,"menu_order":0,"comment_status":"closed","ping_status":"closed","template":"","meta":{"footnotes":""},"class_list":["post-365","page","type-page","status-publish","hentry"],"_links":{"self":[{"href":"https:\/\/felvi-teszt.vik.bme.hu\/index.php\/wp-json\/wp\/v2\/pages\/365","targetHints":{"allow":["GET"]}}],"collection":[{"href":"https:\/\/felvi-teszt.vik.bme.hu\/index.php\/wp-json\/wp\/v2\/pages"}],"about":[{"href":"https:\/\/felvi-teszt.vik.bme.hu\/index.php\/wp-json\/wp\/v2\/types\/page"}],"author":[{"embeddable":true,"href":"https:\/\/felvi-teszt.vik.bme.hu\/index.php\/wp-json\/wp\/v2\/users\/1"}],"replies":[{"embeddable":true,"href":"https:\/\/felvi-teszt.vik.bme.hu\/index.php\/wp-json\/wp\/v2\/comments?post=365"}],"version-history":[{"count":4,"href":"https:\/\/felvi-teszt.vik.bme.hu\/index.php\/wp-json\/wp\/v2\/pages\/365\/revisions"}],"predecessor-version":[{"id":370,"href":"https:\/\/felvi-teszt.vik.bme.hu\/index.php\/wp-json\/wp\/v2\/pages\/365\/revisions\/370"}],"wp:attachment":[{"href":"https:\/\/felvi-teszt.vik.bme.hu\/index.php\/wp-json\/wp\/v2\/media?parent=365"}],"curies":[{"name":"wp","href":"https:\/\/api.w.org\/{rel}","templated":true}]}}