{"id":322,"date":"2024-07-08T20:43:48","date_gmt":"2024-07-08T20:43:48","guid":{"rendered":"https:\/\/felvi-teszt.vik.bme.hu\/?page_id=322"},"modified":"2024-09-11T16:54:57","modified_gmt":"2024-09-11T16:54:57","slug":"pontszamitas","status":"publish","type":"page","link":"https:\/\/felvi-teszt.vik.bme.hu\/index.php\/pontszamitas\/","title":{"rendered":"PONTSZ\u00c1M\u00cdT\u00c1S"},"content":{"rendered":"\n<div class=\"wp-block-group alignfull has-accent-background-color has-background has-global-padding is-layout-constrained wp-container-core-group-is-layout-796362d6 wp-block-group-is-layout-constrained\" style=\"margin-top:0;margin-bottom:0;padding-top:var(--wp--preset--spacing--40);padding-right:var(--wp--preset--spacing--50);padding-bottom:var(--wp--preset--spacing--40);padding-left:var(--wp--preset--spacing--50)\">\n<div class=\"wp-block-columns alignwide is-layout-flex wp-container-core-columns-is-layout-1da03c2a wp-block-columns-is-layout-flex\">\n<div class=\"wp-block-column is-vertically-aligned-stretch is-layout-flow wp-block-column-is-layout-flow\" style=\"flex-basis:50%\">\n<div class=\"wp-block-group is-vertical is-content-justification-stretch is-layout-flex wp-container-core-group-is-layout-444d5ee8 wp-block-group-is-layout-flex\" style=\"min-height:100%\">\n<p class=\"has-heading-font-family has-x-large-font-size\" style=\"line-height:1.2\">A pontsz\u00e1m\u00edt\u00e1si rendszerr\u0151l \u00f6sszeszedt\u00fck az \u00f6sszes \u00e9rdemes tudnival\u00f3t. J\u00f3 b\u00f6ng\u00e9sz\u00e9st!<\/p>\n\n\n\n<div class=\"wp-block-group has-global-padding is-layout-constrained wp-block-group-is-layout-constrained\" style=\"margin-top:var(--wp--preset--spacing--30);margin-bottom:var(--wp--preset--spacing--30)\">\n<pre class=\"wp-block-code has-contrast-color has-text-color has-link-color has-small-font-size wp-elements-db364aa664f5fd413ceec4d22c68886e\" style=\"border-style:none;border-width:0px;padding-top:var(--wp--preset--spacing--20);padding-right:var(--wp--preset--spacing--10);padding-bottom:var(--wp--preset--spacing--20);padding-left:var(--wp--preset--spacing--10)\"><code>\/\/ Ez a t\u00e1j\u00e9koztat\u00f3 nem hivatalos, nem k\u00e9pezheti hivatkoz\u00e1s \n\/\/ alapj\u00e1t. A BME hivatalos t\u00e1j\u00e9koztat\u00f3ja el\u00e9rhet\u0151 \n\/\/ itt: <a href=\"https:\/\/www.bme.hu\/felvetelizoknek\" data-type=\"link\" data-id=\"https:\/\/www.bme.hu\/felvetelizoknek\">KATT!<\/a><\/code><\/pre>\n<\/div>\n<\/div>\n<\/div>\n\n\n\n<div class=\"wp-block-column is-vertically-aligned-center is-layout-flow wp-block-column-is-layout-flow\" style=\"flex-basis:50%\">\n<pre class=\"wp-block-preformatted\" style=\"padding-top:0;padding-bottom:0\">Az al\u00e1bbiakban azokat az inform\u00e1ci\u00f3kat gy\u0171jtj\u00fck \u00f6ssze, melyek a 2024 szeptember\u00e9t\u0151l vagy ut\u00e1na kezd\u0151knek fontosak, ugyanis az int\u00e9zm\u00e9nyeknek nagyobb \u00f6n\u00e1ll\u00f3s\u00e1ggal lehet meghat\u00e1rozni, hogy mely tant\u00e1rgyakb\u00f3l tett \u00e9retts\u00e9gi\u00e9rt adnak pontot! \u00c9ppen ez\u00e9rt fontosnak tartjuk, hogy egy j\u00f3l \u00e9rthet\u0151, vil\u00e1gos k\u00e9pet adjunk miel\u0151bb minden k\u00f6z\u00e9piskol\u00e1s sz\u00e1m\u00e1ra.<br>A v\u00e1ltoz\u00e1sr\u00f3l az alapinform\u00e1ci\u00f3kat itt olvashatj\u00e1tok: <a href=\"https:\/\/www.felvi.hu\/felveteli\/pontszamitas\/felveteli_valtozasok_2024\">https:\/\/www.felvi.hu\/felveteli\/pontszamitas\/felveteli_valtozasok_2024 <\/a><br><br>Nyomtatott kari t\u00e1j\u00e9koztat\u00f3 f\u00fczet let\u00f6lthet\u0151 <a href=\"http:\/\/felvi.vik.bme.hu\/wp-content\/uploads\/2024\/05\/Fekvo-fuzet-2024-1.-webre.pdf\" data-type=\"link\" data-id=\"http:\/\/felvi.vik.bme.hu\/wp-content\/uploads\/2024\/05\/Fekvo-fuzet-2024-1.-webre.pdf\">innen<\/a>.<br><\/pre>\n<\/div>\n<\/div>\n<\/div>\n\n\n\n<hr class=\"wp-block-separator has-alpha-channel-opacity\"\/>\n\n\n\n<div class=\"wp-block-group alignfull has-accent-5-background-color has-background has-global-padding is-layout-constrained wp-container-core-group-is-layout-32a46761 wp-block-group-is-layout-constrained\" style=\"margin-top:0;margin-bottom:0;padding-top:var(--wp--preset--spacing--40);padding-right:var(--wp--preset--spacing--50);padding-bottom:var(--wp--preset--spacing--40);padding-left:var(--wp--preset--spacing--50)\">\n<div class=\"wp-block-columns alignwide is-layout-flex wp-container-core-columns-is-layout-1da03c2a wp-block-columns-is-layout-flex\">\n<div class=\"wp-block-column is-vertically-aligned-center is-layout-flow wp-block-column-is-layout-flow\" style=\"flex-basis:60%\">\n<figure class=\"wp-block-image size-full is-style-rounded is-style-rounded--1\"><img loading=\"lazy\" decoding=\"async\" width=\"3648\" height=\"2736\" src=\"https:\/\/felvi-teszt.vik.bme.hu\/wp-content\/uploads\/2024\/07\/1720472473939.jpg\" alt=\"\" class=\"wp-image-338\" style=\"aspect-ratio:4\/3;object-fit:cover\"\/><\/figure>\n<\/div>\n\n\n\n<div class=\"wp-block-column is-layout-flow wp-block-column-is-layout-flow\" style=\"flex-basis:40%\">\n<h2 class=\"wp-block-heading has-text-align-center has-heading-font-family has-large-font-size\"><strong>A BME az \u00e1ltala meghirdetett alapk\u00e9pz\u00e9si \u00e9s osztatlan szakokon egys\u00e9gesen<\/strong> <\/h2>\n\n\n\n<div class=\"wp-block-buttons is-content-justification-center is-layout-flex wp-container-core-buttons-is-layout-a6d9f191 wp-block-buttons-is-layout-flex\" style=\"margin-top:var(--wp--preset--spacing--40);margin-bottom:var(--wp--preset--spacing--40)\">\n<div class=\"wp-block-button has-custom-width wp-block-button__width-75 has-custom-font-size has-xx-large-font-size\"><a class=\"wp-block-button__link has-text-align-center wp-element-button\" style=\"padding-top:var(--wp--preset--spacing--10);padding-bottom:var(--wp--preset--spacing--10)\">320<\/a><\/div>\n<\/div>\n\n\n\n<h2 class=\"wp-block-heading has-text-align-center has-large-font-size\"><strong>pontos minimumpontot \u00e1llap\u00edt meg. Aki nem \u00e9r el legal\u00e1bb ennyi pontot, nem vehet\u0151 fel az adott szakra.<\/strong><\/h2>\n<\/div>\n<\/div>\n<\/div>\n\n\n\n<hr class=\"wp-block-separator has-alpha-channel-opacity\"\/>\n\n\n\n<div class=\"wp-block-group alignfull has-base-background-color has-background has-global-padding is-layout-constrained wp-container-core-group-is-layout-7cdede16 wp-block-group-is-layout-constrained\" style=\"margin-top:0;margin-bottom:0;padding-top:var(--wp--preset--spacing--40);padding-right:var(--wp--preset--spacing--20);padding-bottom:var(--wp--preset--spacing--40);padding-left:var(--wp--preset--spacing--20)\">\n<div class=\"wp-block-columns alignwide is-layout-flex wp-container-core-columns-is-layout-549b0c86 wp-block-columns-is-layout-flex\">\n<div class=\"wp-block-column has-global-padding is-content-justification-left is-layout-constrained wp-container-core-column-is-layout-4f15e8fe wp-block-column-is-layout-constrained\" style=\"flex-basis:40%\">\n<p class=\"has-large-font-size\" style=\"margin-bottom:var(--wp--preset--spacing--20)\">Szeretn\u00e9d l\u00e1tni, hogy \u00e1llnak \u00f6ssze pontjaid? Haszn\u00e1ld pontsz\u00e1m\u00edt\u00f3 applik\u00e1c\u00f3nkat!<\/p>\n\n\n\n<div class=\"wp-block-buttons is-layout-flex wp-block-buttons-is-layout-flex\">\n<div class=\"wp-block-button\"><a class=\"wp-block-button__link wp-element-button\" href=\"https:\/\/felvi.bme.hu\/pontszamito\">KALKUL\u00c1LJUNK!<\/a><\/div>\n<\/div>\n<\/div>\n\n\n\n<div class=\"wp-block-column is-layout-flow wp-container-core-column-is-layout-119bc444 wp-block-column-is-layout-flow\" style=\"flex-basis:60%\">\n<div class=\"wp-block-group alignfull has-global-padding is-layout-constrained wp-container-core-group-is-layout-aff63992 wp-block-group-is-layout-constrained\" style=\"margin-top:0;margin-bottom:0;padding-top:0;padding-right:var(--wp--preset--spacing--50);padding-bottom:0;padding-left:var(--wp--preset--spacing--50)\">\n<div class=\"wp-block-group is-vertical is-content-justification-center is-layout-flex wp-container-core-group-is-layout-ce155fab wp-block-group-is-layout-flex\">\n<h2 class=\"wp-block-heading has-text-align-center has-xx-large-font-size\">A m\u00e1gikus 500<\/h2>\n\n\n\n<p class=\"has-text-align-center\">Ebb\u0151l a h\u00e1rom \u00f6sszetev\u0151b\u0151l \u00e1llnak \u00f6ssze pontjaid.<\/p>\n<\/div>\n\n\n\n<div style=\"height:var(--wp--preset--spacing--30)\" aria-hidden=\"true\" class=\"wp-block-spacer\"><\/div>\n\n\n\n<div class=\"wp-block-columns alignwide is-layout-flex wp-container-core-columns-is-layout-4935966c wp-block-columns-is-layout-flex\" style=\"padding-right:0;padding-left:0\">\n<div class=\"wp-block-column is-layout-flow wp-block-column-is-layout-flow\">\n<figure class=\"wp-block-image size-full is-resized is-style-rounded is-style-rounded--2\"><img loading=\"lazy\" decoding=\"async\" width=\"370\" height=\"402\" src=\"https:\/\/felvi-teszt.vik.bme.hu\/wp-content\/uploads\/2024\/07\/taska.png\" alt=\"\" class=\"wp-image-328\" style=\"object-fit:contain;width:170px;height:170px\"\/><\/figure>\n\n\n\n<div class=\"wp-block-group is-vertical is-content-justification-center is-nowrap is-layout-flex wp-container-core-group-is-layout-21d4e958 wp-block-group-is-layout-flex\">\n<p class=\"has-text-align-center has-small-font-size\" style=\"margin-top:var(--wp--preset--spacing--10);margin-bottom:0\"><strong>200 pont<\/strong><\/p>\n\n\n\n<p class=\"has-text-align-center has-small-font-size\">Tanulm\u00e1nyi pontok<\/p>\n<\/div>\n<\/div>\n\n\n\n<div class=\"wp-block-column is-layout-flow wp-block-column-is-layout-flow\">\n<figure class=\"wp-block-image size-full is-resized is-style-rounded is-style-rounded--3\"><img loading=\"lazy\" decoding=\"async\" width=\"362\" height=\"368\" src=\"https:\/\/felvi-teszt.vik.bme.hu\/wp-content\/uploads\/2024\/07\/atom.png\" alt=\"\" class=\"wp-image-329\" style=\"object-fit:contain;width:170px;height:170px\"\/><\/figure>\n\n\n\n<div class=\"wp-block-group is-vertical is-content-justification-center is-nowrap is-layout-flex wp-container-core-group-is-layout-63bfd6c1 wp-block-group-is-layout-flex\">\n<p class=\"has-text-align-center has-small-font-size\" style=\"margin-top:var(--wp--preset--spacing--20)\"><strong>200 pont<\/strong><\/p>\n\n\n\n<p class=\"has-text-align-center has-small-font-size\">\u00c9retts\u00e9gi pontok<\/p>\n<\/div>\n<\/div>\n\n\n\n<div class=\"wp-block-column is-layout-flow wp-block-column-is-layout-flow\">\n<figure class=\"wp-block-image size-full is-resized is-style-rounded is-style-rounded--4\"><img loading=\"lazy\" decoding=\"async\" width=\"250\" height=\"419\" src=\"https:\/\/felvi-teszt.vik.bme.hu\/wp-content\/uploads\/2024\/07\/konyv.png\" alt=\"\" class=\"wp-image-330\" style=\"object-fit:contain;width:170px;height:170px\"\/><\/figure>\n\n\n\n<div class=\"wp-block-group is-vertical is-content-justification-center is-nowrap is-layout-flex wp-container-core-group-is-layout-63bfd6c1 wp-block-group-is-layout-flex\">\n<p class=\"has-text-align-center has-small-font-size\" style=\"margin-top:var(--wp--preset--spacing--20)\"><strong>100 pont<\/strong><\/p>\n\n\n\n<p class=\"has-text-align-center has-small-font-size\">Int\u00e9zm\u00e9nyi pontok<\/p>\n<\/div>\n<\/div>\n<\/div>\n<\/div>\n\n\n\n<div class=\"wp-block-columns is-layout-flex wp-container-core-columns-is-layout-87beb0d0 wp-block-columns-is-layout-flex\">\n<div class=\"wp-block-column is-layout-flow wp-block-column-is-layout-flow\" style=\"padding-top:0;padding-right:0;padding-bottom:0;padding-left:0\">\n<h2 class=\"wp-block-heading has-text-align-left has-large-font-size\" style=\"margin-top:var(--wp--preset--spacing--10);margin-right:0;margin-bottom:var(--wp--preset--spacing--10);margin-left:0\">TANULM\u00c1NYI PONTOK:<\/h2>\n\n\n\n<ul class=\"wp-block-list\">\n<li><strong>100 pont: 5 t\u00e1rgy utols\u00f3 k\u00e9t \u00e9vv\u00e9gi eredm\u00e9nyei (az \u00f6sszeg\u00fck k\u00e9tszerese)<br><\/strong>magyar nyelv \u00e9s irodalom, t\u00f6rt\u00e9nelem, matematika, idegen nyelv \u00e9s<br>az int\u00e9zm\u00e9ny \u00e1ltal k\u00e9pz\u00e9si ter\u00fcletenk\u00e9nt meghat\u00e1rozott tant\u00e1rgy<\/li>\n\n\n\n<li><strong>100 pont: <\/strong><strong>5 \u00e9retts\u00e9gi t\u00e1rgy %-os eredm\u00e9ny\u00e9nek \u00e1tlaga<br><\/strong>magyar nyelv \u00e9s irodalom, t\u00f6rt\u00e9nelem, matematika, idegen nyelv \u00e9s<br>az int\u00e9zm\u00e9ny \u00e1ltal k\u00e9pz\u00e9si ter\u00fcletenk\u00e9nt meghat\u00e1rozott tant\u00e1rgy<\/li>\n<\/ul>\n\n\n\n<p><\/p>\n\n\n\n<h2 class=\"wp-block-heading has-large-font-size\" style=\"margin-top:var(--wp--preset--spacing--10);margin-bottom:var(--wp--preset--spacing--10)\">\u00c9RETTS\u00c9GI PONTOK: <\/h2>\n\n\n\n<ul class=\"wp-block-list\">\n<li>Az int\u00e9zm\u00e9ny \u00e1ltal szakonk\u00e9nt megadott tant\u00e1rgylista.<\/li>\n\n\n\n<li>Egyet emelt szinten kell teljes\u00edteni.<\/li>\n\n\n\n<li>A k\u00f6z\u00e9pszint\u0171 \u00e9retts\u00e9gi eredm\u00e9ny\u00e9t 2\/3-os szorz\u00f3val sz\u00e1m\u00edtj\u00e1k \u00e1t felv\u00e9teli pontsz\u00e1mm\u00e1.<\/li>\n\n\n\n<li>A villamosm\u00e9rn\u00f6ki, m\u00e9rn\u00f6kinformatikus \u00e9s \u00fczemm\u00e9rn\u00f6k-informatikus szakokon az egyik pontot ad\u00f3 t\u00e1rgy k\u00f6telez\u0151en a <strong>matematika.<\/strong><\/li>\n<\/ul>\n\n\n\n<p><\/p>\n\n\n\n<h2 class=\"wp-block-heading has-large-font-size\" style=\"margin-top:var(--wp--preset--spacing--10);margin-bottom:var(--wp--preset--spacing--10)\">INT\u00c9ZM\u00c9NYI PONTOK:<\/h2>\n\n\n\n<p><strong><em>2024-ben a k\u00f6zpontilag adott t\u00f6bbletpontok hely\u00e9re az int\u00e9zm\u00e9nyi pont l\u00e9p. <\/em><\/strong><strong>A BME megtartja az eddigi t\u00f6bbletpont jogc\u00edmeket,&nbsp; emeli az adhat\u00f3 pontokat \u00e9s \u00faj jogc\u00edmeken is ad int\u00e9zm\u00e9nyi pontokat!<\/strong><\/p>\n\n\n\n<p>Tov\u00e1bbi r\u00e9szletek: <a href=\"https:\/\/www.bme.hu\/sites\/default\/files\/csatolmanyok\/Felvetelizz_a_BME-re__2024-ben%21.pdf\" target=\"_blank\" rel=\"noreferrer noopener\">Ebben a k\u00f6zponti prezent\u00e1ci\u00f3ban.<\/a><\/p>\n\n\n\n<p style=\"margin-top:var(--wp--preset--spacing--20);margin-bottom:var(--wp--preset--spacing--20)\"><strong>Ez a t\u00e1j\u00e9koztat\u00f3 nem hivatalos, nem k\u00e9pezheti hivatkoz\u00e1s alapj\u00e1t.<br>A BME hivatalos t\u00e1j\u00e9koztat\u00f3ja el\u00e9rhet\u0151 itt: <a href=\"https:\/\/www.bme.hu\/felvetelizoknek\">https:\/\/www.bme.hu\/felvetelizoknek<\/a><\/strong><\/p>\n<\/div>\n<\/div>\n<\/div>\n<\/div>\n<\/div>\n\n\n\n<div class=\"wp-block-group alignfull has-base-color has-contrast-background-color has-text-color has-background has-link-color wp-elements-32625fd294ac2c328a42e52c4c8afcea has-global-padding is-layout-constrained wp-container-core-group-is-layout-d89aad35 wp-block-group-is-layout-constrained\" style=\"margin-top:0;margin-bottom:0;padding-top:var(--wp--preset--spacing--50);padding-right:var(--wp--preset--spacing--50);padding-bottom:var(--wp--preset--spacing--50);padding-left:var(--wp--preset--spacing--50)\">\n<h2 class=\"wp-block-heading alignwide is-style-default has-base-color has-text-color has-link-color wp-elements-4a609d539c812de48b700330011bd4bd\" style=\"margin-bottom:var(--wp--preset--spacing--20);font-size:clamp(2.545rem, 2.545rem + ((1vw - 0.2rem) * 3.758), 4.8rem);letter-spacing:-0.02em\">T\u00c1RGYLE\u00cdR\u00c1SOK<\/h2>\n\n\n\n<div class=\"wp-block-group alignwide is-layout-flow wp-block-group-is-layout-flow\">\n<hr class=\"wp-block-separator has-text-color has-base-color has-alpha-channel-opacity has-base-background-color has-background is-style-wide\"\/>\n\n\n\n<details class=\"wp-block-details is-style-arrow-icon-details has-medium-font-size is-layout-flow wp-block-details-is-layout-flow\" style=\"border-top-style:none;border-top-width:0px;border-right-style:none;border-right-width:0px;border-bottom-color:var(--wp--preset--color--base);border-bottom-style:solid;border-bottom-width:1px;border-left-style:none;border-left-width:0px;margin-top:0\"><summary>VILLAMOSM\u00c9RN\u00d6KI SZAK T\u00c1RGYLIST\u00c1K<\/summary>\n<ul class=\"wp-block-list\">\n<li style=\"margin-top:var(--wp--preset--spacing--10)\">K\u00e9pz\u00e9si ter\u00fclet: m\u0171szaki<\/li>\n\n\n\n<li>\u00c9retts\u00e9gi pont sz\u00e1m\u00edt\u00e1s\u00e1ra elfogadott tant\u00e1rgyak: <strong>matematika<\/strong> \u00e9s a m\u00e1sik t\u00e1rgy a list\u00e1b\u00f3l v\u00e1laszthat\u00f3<\/li>\n\n\n\n<li>Emelt szinten kell teljes\u00edteni: a k\u00e9t tant\u00e1rgy k\u00f6z\u00fcl legal\u00e1bb egyet.<\/li>\n<\/ul>\n\n\n\n<p style=\"margin-top:var(--wp--preset--spacing--10);margin-bottom:var(--wp--preset--spacing--10)\"><strong><a href=\"https:\/\/www.kth.bme.hu\/document\/2752\/original\/BME_FSZ_2017_elfogadott_mod_20221025_T.pdf#page=49\" target=\"_blank\" rel=\"noreferrer noopener\">Tanulm\u00e1nyi pontokhoz elfogadhat\u00f3 \u00e9retts\u00e9gi t\u00e1rgyak \u2013 kattints&nbsp; \u2013 49. oldal<\/a><br><\/strong><a href=\"https:\/\/www.kth.bme.hu\/document\/2752\/original\/BME_FSZ_2017_elfogadott_mod_20221025_T.pdf#page=161\" target=\"_blank\" rel=\"noreferrer noopener\"><strong>\u00c9retts\u00e9gi pontokhoz besz\u00e1m\u00edthat\u00f3 t\u00e1rgylista \u2013 kattints \u2013 161. oldal<\/strong><\/a><\/p>\n\n\n\n<p>(Asztali g\u00e9pen a fenti t\u00e1rgylist\u00e1k a felv\u00e9teli szab\u00e1lyzat megfelel\u0151 oldal\u00e1ra navig\u00e1lnak. Okostelefonnal a link melletti oldalsz\u00e1mra kell lapozni.)<\/p>\n\n\n\n<p style=\"margin-top:var(--wp--preset--spacing--10);margin-bottom:var(--wp--preset--spacing--10)\"><strong>Ez a t\u00e1j\u00e9koztat\u00f3 nem hivatalos, nem k\u00e9pezheti hivatkoz\u00e1s alapj\u00e1t.<br>A BME hivatalos t\u00e1j\u00e9koztat\u00f3ja el\u00e9rhet\u0151 itt: <a href=\"https:\/\/www.bme.hu\/felvetelizoknek\">https:\/\/www.bme.hu\/felvetelizoknek<\/a><\/strong><\/p>\n<\/details>\n\n\n\n<details class=\"wp-block-details is-style-arrow-icon-details has-medium-font-size is-layout-flow wp-block-details-is-layout-flow\" style=\"border-top-style:none;border-top-width:0px;border-right-style:none;border-right-width:0px;border-bottom-color:var(--wp--preset--color--base);border-bottom-style:solid;border-bottom-width:1px;border-left-style:none;border-left-width:0px;margin-top:0\"><summary>M\u00c9RN\u00d6KINFORMATIKUS SZAK T\u00c1RGYLIST\u00c1K<\/summary>\n<ul class=\"wp-block-list\">\n<li style=\"margin-top:var(--wp--preset--spacing--10);margin-bottom:0\">K\u00e9pz\u00e9si ter\u00fclet: informatikai<\/li>\n\n\n\n<li>\u00c9retts\u00e9gi pont sz\u00e1m\u00edt\u00e1s\u00e1ra elfogadott tant\u00e1rgyak: <strong>matematika<\/strong> \u00e9s a m\u00e1sik t\u00e1rgy a list\u00e1b\u00f3l v\u00e1laszthat\u00f3<\/li>\n\n\n\n<li>Emelt szinten kell teljes\u00edteni: a k\u00e9t tant\u00e1rgy k\u00f6z\u00fcl legal\u00e1bb egyet<\/li>\n<\/ul>\n\n\n\n<p style=\"margin-top:var(--wp--preset--spacing--10);margin-bottom:var(--wp--preset--spacing--10)\"><strong><a href=\"https:\/\/www.kth.bme.hu\/document\/2752\/original\/BME_FSZ_2017_elfogadott_mod_20221025_T.pdfhttps:\/\/www.kth.bme.hu\/document\/2752\/original\/BME_FSZ_2017_elfogadott_mod_20221025_T.pdf#page=64\" target=\"_blank\" rel=\"noreferrer noopener\">Tanulm\u00e1nyi pontokhoz elfogadhat\u00f3 \u00e9retts\u00e9gi t\u00e1rgyak \u2013 kattints \u2013 64. oldal<\/a><br><\/strong><a href=\"https:\/\/www.kth.bme.hu\/document\/2752\/original\/BME_FSZ_2017_elfogadott_mod_20221025_T.pdfhttps:\/\/www.kth.bme.hu\/document\/2752\/original\/BME_FSZ_2017_elfogadott_mod_20221025_T.pdf#page=172\" target=\"_blank\" rel=\"noreferrer noopener\"><strong>\u00c9retts\u00e9gi pontokhoz besz\u00e1m\u00edthat\u00f3 t\u00e1rgylista \u2013 kattints \u2013 172. oldal<\/strong><\/a><\/p>\n\n\n\n<p>(Asztali g\u00e9pen a fenti t\u00e1rgylist\u00e1k a felv\u00e9teli szab\u00e1lyzat megfelel\u0151 oldal\u00e1ra navig\u00e1lnak. Okostelefonnal a link melletti oldalsz\u00e1mra kell lapozni.)<\/p>\n\n\n\n<p style=\"margin-top:var(--wp--preset--spacing--10);margin-bottom:var(--wp--preset--spacing--10)\"><strong>Ez a t\u00e1j\u00e9koztat\u00f3 nem hivatalos, nem k\u00e9pezheti hivatkoz\u00e1s alapj\u00e1t.<br>A BME hivatalos t\u00e1j\u00e9koztat\u00f3ja el\u00e9rhet\u0151 itt: <a href=\"https:\/\/www.bme.hu\/felvetelizoknek\">https:\/\/www.bme.hu\/felvetelizoknek<\/a><\/strong><\/p>\n<\/details>\n\n\n\n<details class=\"wp-block-details is-style-arrow-icon-details has-medium-font-size is-layout-flow wp-block-details-is-layout-flow\" style=\"border-top-style:none;border-top-width:0px;border-right-style:none;border-right-width:0px;border-bottom-color:var(--wp--preset--color--base);border-bottom-style:solid;border-bottom-width:1px;border-left-style:none;border-left-width:0px;margin-top:0\"><summary>\u00dcZEMM\u00c9RN\u00d6K INFORMATIKUS SZAK T\u00c1RGYLIST\u00c1K<\/summary>\n<ul class=\"wp-block-list\">\n<li style=\"margin-top:var(--wp--preset--spacing--10)\">K\u00e9pz\u00e9si ter\u00fclet: informatikai<\/li>\n\n\n\n<li>\u00c9retts\u00e9gi pont sz\u00e1m\u00edt\u00e1s\u00e1ra elfogadott tant\u00e1rgyak: <strong>matematika<\/strong> \u00e9s a m\u00e1sik t\u00e1rgy a list\u00e1b\u00f3l v\u00e1laszthat\u00f3<\/li>\n\n\n\n<li>Emelt szinten kell teljes\u00edteni: a k\u00e9t tant\u00e1rgy k\u00f6z\u00fcl legal\u00e1bb egyet<\/li>\n<\/ul>\n\n\n\n<p style=\"margin-top:var(--wp--preset--spacing--10);margin-bottom:var(--wp--preset--spacing--10)\"><strong><a href=\"https:\/\/www.kth.bme.hu\/document\/2752\/original\/BME_FSZ_2017_elfogadott_mod_20221025_T.pdfhttps:\/\/www.kth.bme.hu\/document\/2752\/original\/BME_FSZ_2017_elfogadott_mod_20221025_T.pdf#page=64\" target=\"_blank\" rel=\"noreferrer noopener\">Tanulm\u00e1nyi pontokhoz elfogadhat\u00f3 \u00e9retts\u00e9gi t\u00e1rgyak \u2013 kattints \u2013 64. oldal<\/a><br><\/strong><a href=\"https:\/\/www.kth.bme.hu\/document\/2752\/original\/BME_FSZ_2017_elfogadott_mod_20221025_T.pdfhttps:\/\/www.kth.bme.hu\/document\/2752\/original\/BME_FSZ_2017_elfogadott_mod_20221025_T.pdf#page=173\" target=\"_blank\" rel=\"noreferrer noopener\"><strong>\u00c9retts\u00e9gi pontokhoz besz\u00e1m\u00edthat\u00f3 t\u00e1rgylista \u2013 kattints \u2013 173. oldal<\/strong><\/a><\/p>\n\n\n\n<p>(Asztali g\u00e9pen a fenti t\u00e1rgylist\u00e1k a felv\u00e9teli szab\u00e1lyzat megfelel\u0151 oldal\u00e1ra navig\u00e1lnak. Okostelefonnal a link melletti oldalsz\u00e1mra kell lapozni.)<\/p>\n\n\n\n<p style=\"margin-top:var(--wp--preset--spacing--10);margin-bottom:var(--wp--preset--spacing--10)\"><strong>Ez a t\u00e1j\u00e9koztat\u00f3 nem hivatalos, nem k\u00e9pezheti hivatkoz\u00e1s alapj\u00e1t.<br>A BME hivatalos t\u00e1j\u00e9koztat\u00f3ja el\u00e9rhet\u0151 itt: <a href=\"https:\/\/www.bme.hu\/felvetelizoknek\">https:\/\/www.bme.hu\/felvetelizoknek<\/a><\/strong><\/p>\n<\/details>\n\n\n\n<div style=\"margin-top:var(--wp--preset--spacing--10);margin-bottom:0;height:var(--wp--preset--spacing--10)\" aria-hidden=\"true\" class=\"wp-block-spacer\"><\/div>\n<\/div>\n<\/div>\n","protected":false},"excerpt":{"rendered":"<p>A pontsz\u00e1m\u00edt\u00e1si rendszerr\u0151l \u00f6sszeszedt\u00fck az \u00f6sszes \u00e9rdemes tudnival\u00f3t. J\u00f3 b\u00f6ng\u00e9sz\u00e9st! Az al\u00e1bbiakban azokat az inform\u00e1ci\u00f3kat gy\u0171jtj\u00fck \u00f6ssze, melyek a 2024 szeptember\u00e9t\u0151l vagy ut\u00e1na kezd\u0151knek fontosak, ugyanis az int\u00e9zm\u00e9nyeknek nagyobb \u00f6n\u00e1ll\u00f3s\u00e1ggal lehet meghat\u00e1rozni, hogy mely tant\u00e1rgyakb\u00f3l tett \u00e9retts\u00e9gi\u00e9rt adnak pontot! \u00c9ppen ez\u00e9rt fontosnak tartjuk, hogy egy j\u00f3l \u00e9rthet\u0151, vil\u00e1gos k\u00e9pet adjunk miel\u0151bb minden k\u00f6z\u00e9piskol\u00e1s sz\u00e1m\u00e1ra.A v\u00e1ltoz\u00e1sr\u00f3l [&hellip;]<\/p>\n","protected":false},"author":1,"featured_media":0,"parent":0,"menu_order":0,"comment_status":"closed","ping_status":"closed","template":"","meta":{"footnotes":""},"class_list":["post-322","page","type-page","status-publish","hentry"],"_links":{"self":[{"href":"https:\/\/felvi-teszt.vik.bme.hu\/index.php\/wp-json\/wp\/v2\/pages\/322","targetHints":{"allow":["GET"]}}],"collection":[{"href":"https:\/\/felvi-teszt.vik.bme.hu\/index.php\/wp-json\/wp\/v2\/pages"}],"about":[{"href":"https:\/\/felvi-teszt.vik.bme.hu\/index.php\/wp-json\/wp\/v2\/types\/page"}],"author":[{"embeddable":true,"href":"https:\/\/felvi-teszt.vik.bme.hu\/index.php\/wp-json\/wp\/v2\/users\/1"}],"replies":[{"embeddable":true,"href":"https:\/\/felvi-teszt.vik.bme.hu\/index.php\/wp-json\/wp\/v2\/comments?post=322"}],"version-history":[{"count":31,"href":"https:\/\/felvi-teszt.vik.bme.hu\/index.php\/wp-json\/wp\/v2\/pages\/322\/revisions"}],"predecessor-version":[{"id":515,"href":"https:\/\/felvi-teszt.vik.bme.hu\/index.php\/wp-json\/wp\/v2\/pages\/322\/revisions\/515"}],"wp:attachment":[{"href":"https:\/\/felvi-teszt.vik.bme.hu\/index.php\/wp-json\/wp\/v2\/media?parent=322"}],"curies":[{"name":"wp","href":"https:\/\/api.w.org\/{rel}","templated":true}]}}