{"id":242,"date":"2024-07-03T09:59:12","date_gmt":"2024-07-03T09:59:12","guid":{"rendered":"https:\/\/felvi-teszt.vik.bme.hu\/?page_id=242"},"modified":"2024-07-08T20:21:32","modified_gmt":"2024-07-08T20:21:32","slug":"elet-a-vik-en","status":"publish","type":"page","link":"https:\/\/felvi-teszt.vik.bme.hu\/index.php\/elet-a-vik-en\/","title":{"rendered":"\u00c9LET A VIK-EN"},"content":{"rendered":"\n<div class=\"wp-block-group alignwide has-global-padding is-layout-constrained wp-block-group-is-layout-constrained\">\n<h1 class=\"wp-block-heading alignwide has-large-font-size\" style=\"margin-left:0;line-height:1.2\"><em><em>Az egyetem nem csak egy oktat\u00e1si int\u00e9zm\u00e9ny, egyetemist\u00e1nak lenni \u00e9letforma. A sz\u00fcrke mindennapokat a hallgat\u00f3i \u00e9let igaz\u00e1n sz\u00edness\u00e9 \u00e9s v\u00e1ltozatoss\u00e1 var\u00e1zsolja, szinte egym\u00e1st \u00e9rik a k\u00fcl\u00f6nb\u00f6z\u0151 programok.<\/em><\/em><\/h1>\n<\/div>\n\n\n\n<div class=\"wp-block-group alignfull has-global-padding is-layout-constrained wp-container-core-group-is-layout-8fa2000b wp-block-group-is-layout-constrained\" style=\"padding-top:var(--wp--preset--spacing--30);padding-right:var(--wp--preset--spacing--50);padding-bottom:0;padding-left:var(--wp--preset--spacing--50)\">\n<div class=\"wp-block-columns alignwide is-layout-flex wp-container-core-columns-is-layout-ff4b9c61 wp-block-columns-is-layout-flex\" style=\"margin-top:0;margin-bottom:0\">\n<div class=\"wp-block-column is-layout-flow wp-container-core-column-is-layout-8a368f38 wp-block-column-is-layout-flow\">\n<figure class=\"wp-block-image size-full is-style-rounded is-style-rounded--1\"><img loading=\"lazy\" decoding=\"async\" width=\"250\" height=\"250\" src=\"http:\/\/felvi-teszt.vik.bme.hu\/wp-content\/uploads\/2024\/07\/eletaviken_1.jpg\" alt=\"\" class=\"wp-image-247\"\/><\/figure>\n<\/div>\n\n\n\n<div class=\"wp-block-column is-layout-flow wp-container-core-column-is-layout-8736a895 wp-block-column-is-layout-flow\" style=\"padding-top:0\">\n<figure class=\"wp-block-image size-full is-style-rounded is-style-rounded--2\"><img loading=\"lazy\" decoding=\"async\" width=\"250\" height=\"250\" src=\"http:\/\/felvi-teszt.vik.bme.hu\/wp-content\/uploads\/2024\/07\/eletaviken_2.jpg\" alt=\"\" class=\"wp-image-246\"\/><\/figure>\n<\/div>\n\n\n\n<div class=\"wp-block-column is-layout-flow wp-container-core-column-is-layout-8a368f38 wp-block-column-is-layout-flow\">\n<figure class=\"wp-block-image size-full is-style-rounded is-style-rounded--3\"><img loading=\"lazy\" decoding=\"async\" width=\"250\" height=\"250\" src=\"http:\/\/felvi-teszt.vik.bme.hu\/wp-content\/uploads\/2024\/07\/eletaviken_3.jpg\" alt=\"\" class=\"wp-image-248\"\/><\/figure>\n<\/div>\n\n\n\n<div class=\"wp-block-column is-layout-flow wp-container-core-column-is-layout-8736a895 wp-block-column-is-layout-flow\" style=\"padding-top:0\">\n<figure class=\"wp-block-image size-full is-style-rounded is-style-rounded--4\"><img loading=\"lazy\" decoding=\"async\" width=\"250\" height=\"250\" src=\"http:\/\/felvi-teszt.vik.bme.hu\/wp-content\/uploads\/2024\/07\/eletaviken_4.jpg\" alt=\"\" class=\"wp-image-249\"\/><\/figure>\n<\/div>\n<\/div>\n\n\n\n<p class=\"has-heading-font-family has-large-font-size\" style=\"margin-top:var(--wp--preset--spacing--30)\">Ismerkedj meg hallgat\u00f3i k\u00f6z\u00f6ss\u00e9geinkkel!<\/p>\n\n\n\n<p><\/p>\n\n\n\n<ul class=\"wp-block-list\">\n<li style=\"margin-top:var(--wp--preset--spacing--20);margin-bottom:var(--wp--preset--spacing--20)\" class=\"has-heading-font-family has-large-font-size\"><a href=\"https:\/\/felvi-teszt.vik.bme.hu\/index.php\/a-schonherz-kollegium\/\" data-type=\"link\" data-id=\"https:\/\/felvi-teszt.vik.bme.hu\/index.php\/a-schonherz-kollegium\/\">A KOLL\u00c9GIUM<\/a><\/li>\n\n\n\n<li style=\"margin-top:var(--wp--preset--spacing--20);margin-bottom:var(--wp--preset--spacing--20)\" class=\"has-heading-font-family has-large-font-size\"><a href=\"https:\/\/felvi-teszt.vik.bme.hu\/index.php\/rendezvenyek\/\" data-type=\"link\" data-id=\"https:\/\/felvi-teszt.vik.bme.hu\/wp-admin\/post.php?post=195&amp;action=edit\">RENDEZV\u00c9NYEK<\/a><\/li>\n\n\n\n<li style=\"margin-top:var(--wp--preset--spacing--20);margin-bottom:var(--wp--preset--spacing--20)\" class=\"has-heading-font-family has-large-font-size\"><div id=\"elementor-tab-title-1742\" class=\"elementor-tab-title\" data-tab=\"2\" role=\"button\" aria-controls=\"elementor-tab-content-1742\" aria-expanded=\"false\"><a href=\"https:\/\/felvi-teszt.vik.bme.hu\/index.php\/simonyi-karoly-szakkollegium\/\" data-type=\"link\" data-id=\"https:\/\/felvi-teszt.vik.bme.hu\/index.php\/simonyi-karoly-szakkollegium\/\">SIMONYI SZAKKOLI<\/a><\/div><\/li>\n\n\n\n<li style=\"margin-top:var(--wp--preset--spacing--20);margin-bottom:var(--wp--preset--spacing--20)\" class=\"has-heading-font-family has-large-font-size\"><a href=\"https:\/\/felvi-teszt.vik.bme.hu\/index.php\/penzugyek\/\" data-type=\"link\" data-id=\"https:\/\/felvi-teszt.vik.bme.hu\/index.php\/penzugyek\/\">P\u00c9NZ\u00dcGYEK<\/a><\/li>\n\n\n\n<li style=\"margin-top:var(--wp--preset--spacing--20);margin-bottom:var(--wp--preset--spacing--20)\" class=\"has-heading-font-family has-large-font-size\"><a href=\"https:\/\/felvi-teszt.vik.bme.hu\/index.php\/sport\/\" data-type=\"link\" data-id=\"https:\/\/felvi-teszt.vik.bme.hu\/index.php\/sport\/\">SPORT<\/a><\/li>\n\n\n\n<li style=\"margin-top:var(--wp--preset--spacing--20);margin-bottom:var(--wp--preset--spacing--20)\" class=\"has-heading-font-family has-large-font-size\"><a href=\"https:\/\/felvi-teszt.vik.bme.hu\/index.php\/kultura\/\" data-type=\"link\" data-id=\"https:\/\/felvi-teszt.vik.bme.hu\/index.php\/kultura\/\">KULTUR\u00c1LIS \u00c9LET<\/a><div id=\"elementor-tab-title-1742\" class=\"elementor-tab-title\" data-tab=\"2\" role=\"button\" aria-controls=\"elementor-tab-content-1742\" aria-expanded=\"false\"><\/div><\/li>\n<\/ul>\n<\/div>\n","protected":false},"excerpt":{"rendered":"<p>Az egyetem nem csak egy oktat\u00e1si int\u00e9zm\u00e9ny, egyetemist\u00e1nak lenni \u00e9letforma. A sz\u00fcrke mindennapokat a hallgat\u00f3i \u00e9let igaz\u00e1n sz\u00edness\u00e9 \u00e9s v\u00e1ltozatoss\u00e1 var\u00e1zsolja, szinte egym\u00e1st \u00e9rik a k\u00fcl\u00f6nb\u00f6z\u0151 programok. Ismerkedj meg hallgat\u00f3i k\u00f6z\u00f6ss\u00e9geinkkel!<\/p>\n","protected":false},"author":1,"featured_media":0,"parent":0,"menu_order":0,"comment_status":"closed","ping_status":"closed","template":"","meta":{"footnotes":""},"class_list":["post-242","page","type-page","status-publish","hentry"],"_links":{"self":[{"href":"https:\/\/felvi-teszt.vik.bme.hu\/index.php\/wp-json\/wp\/v2\/pages\/242","targetHints":{"allow":["GET"]}}],"collection":[{"href":"https:\/\/felvi-teszt.vik.bme.hu\/index.php\/wp-json\/wp\/v2\/pages"}],"about":[{"href":"https:\/\/felvi-teszt.vik.bme.hu\/index.php\/wp-json\/wp\/v2\/types\/page"}],"author":[{"embeddable":true,"href":"https:\/\/felvi-teszt.vik.bme.hu\/index.php\/wp-json\/wp\/v2\/users\/1"}],"replies":[{"embeddable":true,"href":"https:\/\/felvi-teszt.vik.bme.hu\/index.php\/wp-json\/wp\/v2\/comments?post=242"}],"version-history":[{"count":6,"href":"https:\/\/felvi-teszt.vik.bme.hu\/index.php\/wp-json\/wp\/v2\/pages\/242\/revisions"}],"predecessor-version":[{"id":314,"href":"https:\/\/felvi-teszt.vik.bme.hu\/index.php\/wp-json\/wp\/v2\/pages\/242\/revisions\/314"}],"wp:attachment":[{"href":"https:\/\/felvi-teszt.vik.bme.hu\/index.php\/wp-json\/wp\/v2\/media?parent=242"}],"curies":[{"name":"wp","href":"https:\/\/api.w.org\/{rel}","templated":true}]}}