{"id":219,"date":"2024-07-03T09:19:38","date_gmt":"2024-07-03T09:19:38","guid":{"rendered":"https:\/\/felvi-teszt.vik.bme.hu\/?page_id=219"},"modified":"2024-07-08T20:20:44","modified_gmt":"2024-07-08T20:20:44","slug":"kultura","status":"publish","type":"page","link":"https:\/\/felvi-teszt.vik.bme.hu\/index.php\/kultura\/","title":{"rendered":"KULTUR\u00c1LIS \u00c9LET"},"content":{"rendered":"\n<div class=\"wp-block-group alignfull has-accent-2-background-color has-background has-global-padding is-layout-constrained wp-container-core-group-is-layout-cd6163fc wp-block-group-is-layout-constrained\" style=\"margin-top:0;margin-bottom:0;padding-top:var(--wp--preset--spacing--10);padding-right:var(--wp--preset--spacing--50);padding-bottom:var(--wp--preset--spacing--10);padding-left:var(--wp--preset--spacing--50)\">\n<div class=\"wp-block-columns alignwide is-layout-flex wp-container-core-columns-is-layout-28f84493 wp-block-columns-is-layout-flex\">\n<div class=\"wp-block-column is-layout-flow wp-block-column-is-layout-flow\" style=\"flex-basis:40%\">\n<p class=\"wp-container-content-0733e5d0\" style=\"margin-right:var(--wp--preset--spacing--20);margin-left:var(--wp--preset--spacing--20)\">&#8222;Zene n\u00e9lk\u00fcl MIT \u00e9r e k\u00e9n?&#8221; &#8211; szemelv\u00e9ny az <\/p>\n\n\n\n<p class=\"wp-container-content-0733e5d0\" style=\"margin-right:var(--wp--preset--spacing--20);margin-left:var(--wp--preset--spacing--20)\">anyagok m\u00e9r\u00e9stechnik\u00e1ja c. nem l\u00e9tez\u0151 t\u00e1gyunkb\u00f3l<\/p>\n<\/div>\n\n\n\n<div class=\"wp-block-column is-layout-flow wp-block-column-is-layout-flow\" style=\"flex-basis:60%\">\n<p class=\"has-heading-font-family has-large-font-size\" style=\"line-height:1.2\"><em><em>A kar \u00e9s az egyetem pezsg\u0151 kultur\u00e1lis \u00e9lettel rendelkezik. A zenekedvel\u0151ket v\u00e1rja a Muzsika M\u00edvel\u0151 M\u00e9rn\u00f6k\u00f6k K\u00f6re, vagy az egyetemi k\u00f3rus \u00e9s zenekar. Akik a foly\u00e9kony \u00f6r\u00f6m\u00f6ket r\u00e9szes\u00edtik el\u0151nyben, a Bor Bar\u00e1ti K\u00f6r rendezv\u00e9nyein kapcsol\u00f3dhatnak ki. A M\u0171egyetem a kult\u00far\u00e1t kedvel\u0151 hallgat\u00f3knak is tartogat sz\u00e1mos lehet\u0151s\u00e9get a kibontakoz\u00e1sra \u00e9s a sz\u00f3rakoz\u00e1sra.<\/em><\/em><\/p>\n<\/div>\n<\/div>\n\n\n\n<div style=\"height:var(--wp--preset--spacing--40)\" aria-hidden=\"true\" class=\"wp-block-spacer\"><\/div>\n\n\n\n<figure class=\"wp-block-image alignwide size-full is-style-rounded is-style-rounded--1\"><img loading=\"lazy\" decoding=\"async\" width=\"2017\" height=\"1177\" src=\"http:\/\/felvi-teszt.vik.bme.hu\/wp-content\/uploads\/2024\/07\/szimfonikus.jpg\" alt=\"\" class=\"wp-image-223\"\/><\/figure>\n<\/div>\n\n\n\n<div class=\"wp-block-group alignfull has-base-background-color has-background has-global-padding is-layout-constrained wp-container-core-group-is-layout-d89aad35 wp-block-group-is-layout-constrained\" style=\"margin-top:0;margin-bottom:0;padding-top:var(--wp--preset--spacing--50);padding-right:var(--wp--preset--spacing--50);padding-bottom:var(--wp--preset--spacing--50);padding-left:var(--wp--preset--spacing--50)\">\n<div class=\"wp-block-columns alignwide is-layout-flex wp-container-core-columns-is-layout-549b0c86 wp-block-columns-is-layout-flex\">\n<div class=\"wp-block-column has-global-padding is-content-justification-left is-layout-constrained wp-container-core-column-is-layout-4f15e8fe wp-block-column-is-layout-constrained\" style=\"flex-basis:40%\">\n<p><\/p>\n<\/div>\n\n\n\n<div class=\"wp-block-column is-layout-flow wp-container-core-column-is-layout-119bc444 wp-block-column-is-layout-flow\" style=\"flex-basis:60%\">\n<div class=\"wp-block-columns is-layout-flex wp-container-core-columns-is-layout-87beb0d0 wp-block-columns-is-layout-flex\">\n<div class=\"wp-block-column is-layout-flow wp-block-column-is-layout-flow\">\n<h3 class=\"wp-block-heading\" style=\"margin-top:var(--wp--preset--spacing--10);margin-bottom:var(--wp--preset--spacing--10)\">IMPULZUS<\/h3>\n\n\n\n<p>Az Impulzus a Villamosm\u00e9rn\u00f6ki \u00e9s Informatikai Kar Hallgat\u00f3i K\u00e9pviselet\u00e9nek havonta megjelen\u0151 lapja, az egyetlen \u00fajs\u00e1g a karon. <strong>T\u00f6bb mint 40 \u00e9ves<\/strong>&nbsp;m\u00faltra tekint vissza, a Di\u00e1k- \u00e9s Ifj\u00fas\u00e1gi \u00dajs\u00e1g\u00edr\u00f3k Orsz\u00e1gos Egyes\u00fclet\u00e9nek lapj\u00e1ban az&nbsp;<strong>egyetemi lapok atyj\u00e1nak<\/strong>&nbsp;nevezt\u00e9k. Ugyanezen szervezet p\u00e1ly\u00e1zat\u00e1n az Impulzus t\u00f6bbsz\u00f6r is elnyerte az \u00c9v Di\u00e1k\u00fajs\u00e1gja c\u00edmet. Sok egykori \u201eimpis\u201d annyira r\u00e1kapott az \u00fajs\u00e1g\u00edr\u00e1s \u00edz\u00e9re egyetemi \u00e9vei alatt, hogy a m\u00e9rn\u00f6ki vagy informatikai p\u00e1ly\u00e1juk mellett vagy elhagyva azt komoly lapok munkat\u00e1rsaik\u00e9nt dolgoznak.<br>Az Impulzus a hallgat\u00f3kat \u00e9rint\u0151 esem\u00e9nyek \u00e9s v\u00e1ltoz\u00e1sok mellett mindenf\u00e9le \u00e9rdekess\u00e9gr\u0151l \u00edr: hallgat\u00f3i k\u00f6z\u00e9let, koncert- \u00e9s fesztiv\u00e1laj\u00e1nl\u00f3k, j\u00e1t\u00e9kismertet\u0151k, szakmai cikkek szerepelnek a lapban. Az egyik legn\u00e9pszer\u0171bb rovat a tan\u00e1rinterj\u00fa, minden h\u00f3napban a kar egyik k\u00f6zkedvelt oktat\u00f3j\u00e1val besz\u00e9lgetnek.<br>Az Impulzus nem csak egy k\u00f6z\u00f6ns\u00e9ges munkahely alkot\u00f3i sz\u00e1m\u00e1ra, hanem egy k\u00f6z\u00f6ss\u00e9g, amihez j\u00f3 tartozni. Az \u00fajs\u00e1gk\u00e9sz\u00edt\u00e9sen t\u00fal elj\u00e1rnak sz\u00f3rakozni, kir\u00e1ndulni, rendszeresen l\u00e1togatj\u00e1k orsz\u00e1gos lapok szerkeszt\u0151s\u00e9geit, \u00e9s akt\u00edvan tartj\u00e1k a kapcsolatot a k\u00f6r \u00f6regtagjaival.&nbsp;Az \u00fajs\u00e1g\u00edr\u00e1s ir\u00e1nt \u00e9rdekl\u0151d\u0151k jelentkez\u00e9s\u00e9t folyamatosan v\u00e1rj\u00e1k. A k\u00f6r honlapja:&nbsp;<a href=\"http:\/\/impulzus.bme.hu\/\" target=\"_blank\" rel=\"noreferrer noopener\">impulzus.bme.hu<\/a><\/p>\n\n\n\n<h3 class=\"wp-block-heading\" style=\"margin-top:var(--wp--preset--spacing--10);margin-bottom:var(--wp--preset--spacing--10)\">BBK<\/h3>\n\n\n\n<p>A BBK, azaz a <strong>Bor Bar\u00e1ti K\u00f6r<\/strong>&nbsp;2001-ben alakult a Sch\u00f6nherz Koll\u00e9giumban azzal a c\u00e9llal, hogy \u00f6sszefogja a kar borkedvel\u0151 tagjait, \u00e9s hogy megszerettesse az emberekkel Magyarorsz\u00e1g egyik legnagyobb kult\u00far\u00e1val rendelkez\u0151 term\u00e9k\u00e9t, a bort.<\/p>\n\n\n\n<p>A k\u00f6r rendszeresen rendez&nbsp;<strong>bork\u00f3stol\u00f3kat<\/strong>&nbsp;a koll\u00e9giumban. A borkedvel\u0151k kultur\u00e1lt, gyertyaf\u00e9nyes k\u00f6rnyezetben besz\u00e9lgethetnek egy j\u00f3t a h\u00e1tt\u00e9rben halkan sz\u00f3l\u00f3 jazz mellett, kicsit elszakadva a h\u00e9tk\u00f6znapok sz\u00fcrkes\u00e9g\u00e9t\u0151l \u00e9s a rohan\u00f3 vil\u00e1gt\u00f3l. Emellett f\u00e9l\u00e9vente igyekeznek bor\u00e1szok \u00e1ltal vezetett esteket tartani, ahol a bor\u00e1szok bemutatj\u00e1k boraikat.&nbsp;<strong>Tanfolyamok<\/strong> is indulnak a BBK szervez\u00e9s\u00e9ben, ahol az \u00e9rdekl\u0151d\u0151k megtanulhatj\u00e1k megk\u00fcl\u00f6nb\u00f6ztetni a k\u00fcl\u00f6nb\u00f6z\u0151 fajt\u00e1kat \u00edz\u00fck, zamatuk \u00e9s sz\u00edn\u00fck alapj\u00e1n. A k\u00f6r honlapja el\u00e9rhet\u0151 <a href=\"https:\/\/www.facebook.com\/BorBaratiKor\" target=\"_blank\" rel=\"noreferrer noopener\">itt<\/a>!<\/p>\n<\/div>\n\n\n\n<div class=\"wp-block-column is-layout-flow wp-block-column-is-layout-flow\">\n<h3 class=\"wp-block-heading\" style=\"margin-top:var(--wp--preset--spacing--10);margin-bottom:var(--wp--preset--spacing--10)\">M\u0170EGYETEMI K\u00d3RUS<\/h3>\n\n\n\n<p>A M\u0171egyetemi K\u00f3rus 1952-ben alakult meg a h\u00e1bor\u00fak sor\u00e1n megsz\u0171nt M\u0171egyetemi Dal\u00e1rda ut\u00f3djak\u00e9nt. C\u00e9ljuk&nbsp;<strong>az egyetem kultur\u00e1lis \u00e9let\u00e9nek \u00e1pol\u00e1sa<\/strong>, valamint az egyetem k\u00e9pviselete hazai \u00e9s nemzetk\u00f6zi kultur\u00e1lis esem\u00e9nyeken. A k\u00f3rus \u00e1lland\u00f3 r\u00e9sztvev\u0151je az egyetemi \u00fcnneps\u00e9geknek.<\/p>\n\n\n\n<p>A M\u0171egyetemi K\u00f3rus karnagya 1977 \u00f3ta Vida Gy\u00f6rgyi, akinek ir\u00e1ny\u00edt\u00e1sa alatt az \u00e9nekkar sz\u00e1mos szakmai sikert \u00e9rt el. A k\u00f3rus t\u00f6bbsz\u00f6r szerepelt nemzetk\u00f6zi zenei fesztiv\u00e1lokon, k\u00e9sz\u00fclt telev\u00edzi\u00f3s felv\u00e9tel \u00e9s CD is fell\u00e9p\u00e9seiken.<\/p>\n\n\n\n<p>2002 nagy esem\u00e9nye volt az 50 \u00e9ves jubileumi tal\u00e1lkoz\u00f3, melynek sor\u00e1n r\u00e9gi k\u00f3rustagok egy\u00fctt \u00e9nekeltek a fiatal tagokkal. Itt felcsend\u00fcltek m\u00e1r majdnem feled\u00e9sbe mer\u00fclt dallamok is.<\/p>\n\n\n\n<h3 class=\"wp-block-heading\" style=\"margin-top:var(--wp--preset--spacing--10);margin-bottom:var(--wp--preset--spacing--10)\">M\u0170EGYETEMI ZENEKAR<\/h3>\n\n\n\n<p>A M\u0171egyetemi Zenekar a vil\u00e1g els\u0151 olyan egyetemi <strong>szimfonikus zenekarja<\/strong>, mely olyan fels\u0151oktat\u00e1si int\u00e9zm\u00e9nyben alakult, amelynek nincs \u00f6n\u00e1ll\u00f3 zenei fakult\u00e1sa. 1896-ban alap\u00edtott\u00e1k a zenekart, az\u00f3ta folyamatosan m\u0171k\u00f6dik, 1945. volt az egyetlen \u00e9v az\u00f3ta, amikor nem l\u00e9pett fel a zenekar. A tagok t\u00f6bbs\u00e9ge m\u0171egyetemi hallgat\u00f3, de vannak m\u00e1s egyetemekr\u0151l is zen\u00e9szek. Sokszor a tagok a diploma megszerz\u00e9se ut\u00e1n is maradnak, \u00edgy lehet az, hogy a zenekarban egy\u00fctt zen\u00e9l oktat\u00f3 \u00e9s hallgat\u00f3.<\/p>\n\n\n\n<p>Rendk\u00edv\u00fcl sok k\u00fclf\u00f6ldi egyetem megh\u00edv\u00e1s\u00e1nak tett eleget a zenekar, voltak Szarajev\u00f3ban, Wroclawban, Belfortban, Bologn\u00e1ban, Marosv\u00e1s\u00e1rhelyen \u00e9s m\u00e9g rendk\u00edv\u00fcl sok \u00e9s \u00e9rdekes v\u00e1rosban. A M\u0171egyetemi Zenekarnak is voltak vend\u00e9gei: t\u00f6bbek k\u00f6z\u00f6tt a Karlsruhei Egyetem, a Harvard Egyetem, a B\u00e9csi M\u0171szaki Egyetem \u00e9s a D\u00fcsseldorfi Egyetem zenekarai. Ha \u00f6r\u00f6m\u00f6det leled a zen\u00e9l\u00e9sben, \u00e9s \u00e9rdekel a komolyzene, l\u00e1togass el a M\u0171egyetemi Zenekar&nbsp;<a href=\"http:\/\/www.zenekar.bme.hu\/\" target=\"_blank\" rel=\"noreferrer noopener\">honlapj\u00e1ra<\/a>!<\/p>\n<\/div>\n<\/div>\n<\/div>\n<\/div>\n<\/div>\n","protected":false},"excerpt":{"rendered":"<p>&#8222;Zene n\u00e9lk\u00fcl MIT \u00e9r e k\u00e9n?&#8221; &#8211; szemelv\u00e9ny az anyagok m\u00e9r\u00e9stechnik\u00e1ja c. nem l\u00e9tez\u0151 t\u00e1gyunkb\u00f3l A kar \u00e9s az egyetem pezsg\u0151 kultur\u00e1lis \u00e9lettel rendelkezik. A zenekedvel\u0151ket v\u00e1rja a Muzsika M\u00edvel\u0151 M\u00e9rn\u00f6k\u00f6k K\u00f6re, vagy az egyetemi k\u00f3rus \u00e9s zenekar. Akik a foly\u00e9kony \u00f6r\u00f6m\u00f6ket r\u00e9szes\u00edtik el\u0151nyben, a Bor Bar\u00e1ti K\u00f6r rendezv\u00e9nyein kapcsol\u00f3dhatnak ki. A M\u0171egyetem a kult\u00far\u00e1t [&hellip;]<\/p>\n","protected":false},"author":1,"featured_media":0,"parent":0,"menu_order":0,"comment_status":"closed","ping_status":"closed","template":"","meta":{"footnotes":""},"class_list":["post-219","page","type-page","status-publish","hentry"],"_links":{"self":[{"href":"https:\/\/felvi-teszt.vik.bme.hu\/index.php\/wp-json\/wp\/v2\/pages\/219","targetHints":{"allow":["GET"]}}],"collection":[{"href":"https:\/\/felvi-teszt.vik.bme.hu\/index.php\/wp-json\/wp\/v2\/pages"}],"about":[{"href":"https:\/\/felvi-teszt.vik.bme.hu\/index.php\/wp-json\/wp\/v2\/types\/page"}],"author":[{"embeddable":true,"href":"https:\/\/felvi-teszt.vik.bme.hu\/index.php\/wp-json\/wp\/v2\/users\/1"}],"replies":[{"embeddable":true,"href":"https:\/\/felvi-teszt.vik.bme.hu\/index.php\/wp-json\/wp\/v2\/comments?post=219"}],"version-history":[{"count":8,"href":"https:\/\/felvi-teszt.vik.bme.hu\/index.php\/wp-json\/wp\/v2\/pages\/219\/revisions"}],"predecessor-version":[{"id":313,"href":"https:\/\/felvi-teszt.vik.bme.hu\/index.php\/wp-json\/wp\/v2\/pages\/219\/revisions\/313"}],"wp:attachment":[{"href":"https:\/\/felvi-teszt.vik.bme.hu\/index.php\/wp-json\/wp\/v2\/media?parent=219"}],"curies":[{"name":"wp","href":"https:\/\/api.w.org\/{rel}","templated":true}]}}