{"id":211,"date":"2024-07-03T09:08:07","date_gmt":"2024-07-03T09:08:07","guid":{"rendered":"https:\/\/felvi-teszt.vik.bme.hu\/?page_id=211"},"modified":"2024-09-11T17:15:04","modified_gmt":"2024-09-11T17:15:04","slug":"penzugyek","status":"publish","type":"page","link":"https:\/\/felvi-teszt.vik.bme.hu\/index.php\/penzugyek\/","title":{"rendered":"P\u00c9NZ\u00dcGYEK"},"content":{"rendered":"\n<div class=\"wp-block-group alignfull has-accent-2-background-color has-background has-global-padding is-layout-constrained wp-container-core-group-is-layout-cd6163fc wp-block-group-is-layout-constrained\" style=\"margin-top:0;margin-bottom:0;padding-top:var(--wp--preset--spacing--10);padding-right:var(--wp--preset--spacing--50);padding-bottom:var(--wp--preset--spacing--10);padding-left:var(--wp--preset--spacing--50)\">\n<div class=\"wp-block-columns alignwide is-layout-flex wp-container-core-columns-is-layout-28f84493 wp-block-columns-is-layout-flex\">\n<div class=\"wp-block-column is-layout-flow wp-block-column-is-layout-flow\" style=\"flex-basis:40%\">\n<p class=\"wp-container-content-0733e5d0\" style=\"margin-right:var(--wp--preset--spacing--10);margin-left:var(--wp--preset--spacing--10)\">&#8222;Jedi mind tricks don&#8217;t work on me, only money.&#8221; &#8211; Watto<\/p>\n<\/div>\n\n\n\n<div class=\"wp-block-column is-layout-flow wp-block-column-is-layout-flow\" style=\"flex-basis:60%\">\n<p class=\"has-heading-font-family has-large-font-size\" style=\"line-height:1.2\"><em><em><em>Nem \u00e1rt, ha tiszt\u00e1ban vagy azzal, hogy milyen k\u00f6lts\u00e9gei vannak az egyetemista l\u00e9tnek, illetve milyen anyagi forr\u00e1sokb\u00f3l tudod a tanulm\u00e1nyaidat finansz\u00edrozni.<\/em><\/em><\/em><\/p>\n<\/div>\n<\/div>\n\n\n\n<div style=\"height:var(--wp--preset--spacing--40)\" aria-hidden=\"true\" class=\"wp-block-spacer\"><\/div>\n\n\n\n<figure class=\"wp-block-image alignwide size-full is-style-rounded is-style-rounded--1\"><img loading=\"lazy\" decoding=\"async\" width=\"2880\" height=\"1800\" src=\"http:\/\/felvi-teszt.vik.bme.hu\/wp-content\/uploads\/2024\/07\/shutup.jpg\" alt=\"\" class=\"wp-image-214\"\/><\/figure>\n<\/div>\n\n\n\n<div class=\"wp-block-group alignfull has-base-background-color has-background has-global-padding is-layout-constrained wp-container-core-group-is-layout-d89aad35 wp-block-group-is-layout-constrained\" style=\"margin-top:0;margin-bottom:0;padding-top:var(--wp--preset--spacing--50);padding-right:var(--wp--preset--spacing--50);padding-bottom:var(--wp--preset--spacing--50);padding-left:var(--wp--preset--spacing--50)\">\n<div class=\"wp-block-columns alignwide is-layout-flex wp-container-core-columns-is-layout-549b0c86 wp-block-columns-is-layout-flex\">\n<div class=\"wp-block-column has-global-padding is-content-justification-left is-layout-constrained wp-container-core-column-is-layout-4f15e8fe wp-block-column-is-layout-constrained\" style=\"flex-basis:40%\">\n<p style=\"margin-right:0;margin-left:0\">Tov\u00e1bbi inform\u00e1ci\u00f3t tal\u00e1lhatsz a <a href=\"https:\/\/vik.hk\/juttatas\/\" data-type=\"link\" data-id=\"https:\/\/vik.hk\/juttatas\/\">VIK HK oldal\u00e1n<\/a>.<\/p>\n<\/div>\n\n\n\n<div class=\"wp-block-column is-layout-flow wp-container-core-column-is-layout-119bc444 wp-block-column-is-layout-flow\" style=\"flex-basis:60%\">\n<p class=\"has-heading-font-family has-x-large-font-size\" style=\"line-height:1.2\">Amikor az ember egyetemista lesz, k\u00fcl\u00f6n\u00f6sen, ha eddig vid\u00e9ken lakott, \u00e9s Pestre ker\u00fcl egyetemre, megteszi az els\u0151 nagy l\u00e9p\u00e9st az \u00f6n\u00e1ll\u00f3 \u00e9let fel\u00e9, \u00e9s ehhez a l\u00e9p\u00e9shez tartozik az anyagi \u00f6n\u00e1ll\u00f3s\u00e1g is. Nem \u00e1rt teh\u00e1t, ha tiszt\u00e1ban vagy azzal, hogy milyen k\u00f6lts\u00e9gei vannak az egyetemista l\u00e9tnek, illetve milyen anyagi forr\u00e1sokb\u00f3l tudod a tanulm\u00e1nyaidat finansz\u00edrozni.<\/p>\n\n\n\n<p><strong>Kezdj\u00fck a helyzet \u00e1rnyoldalaival: a <em>kiad\u00e1sok<\/em> sz\u00e1mbav\u00e9tel\u00e9vel!<br><\/strong>Amivel mindenk\u00e9pp sz\u00e1molnod kell, az a sz\u00fcks\u00e9ges jegyzetek illetve egy\u00e9b seg\u00e9deszk\u00f6z\u00f6k beszerz\u00e9se.<\/p>\n\n\n\n<ul class=\"wp-block-list\">\n<li>A jegyzetek nem jelentenek kiad\u00e1st, hiszen rengeteg seg\u00e9danyag online el\u00e9rhet\u0151 a t\u00e1rgyakhoz! Aki szereti a pap\u00edralap\u00fa jegyzeteket, a K\u00f6zponti K\u00f6nyvt\u00e1rb\u00f3l kik\u00f6lcs\u00f6n\u00f6zhet\u0151 a f\u00e9l\u00e9vre.<\/li>\n\n\n\n<li>Emellett, ami n\u00e9lk\u00fcl nagyon nehezen boldogulsz az egyetemen, az egy sz\u00e1m\u00edt\u00f3g\u00e9p. Mivel jegyzetelni ink\u00e1bb a f\u00fczet\/pap\u00edr aj\u00e1nlott, ez\u00e9rt az els\u0151 \u00e9vekben nem felt\u00e9tlen\u00fcl sz\u00fcks\u00e9ges a laptop a tan\u00f3r\u00e1kra.<\/li>\n<\/ul>\n\n\n\n<p>Ha vid\u00e9ki vagy, \u00e9s naponta a bej\u00e1r\u00e1s nem oldhat\u00f3 meg, akkor valahol laknod is kell majd Pesten az egyetemi \u00e9vek alatt.<\/p>\n\n\n\n<ul class=\"wp-block-list\">\n<li>Ez lehet a koll\u00e9gium, a BME VIK eset\u00e9ben els\u0151sorban a Sch\u00f6nherz Koll\u00e9gium, ami havi 10 ezer forint k\u00f6r\u00fcli \u00f6sszeget jelent.<\/li>\n\n\n\n<li>A m\u00e1sik lehet\u0151s\u00e9g az alb\u00e9rlet. Itt a k\u00f6lts\u00e9g f\u00fcgg az alb\u00e9rlet hely\u00e9t\u0151l, att\u00f3l, hogy h\u00e1nyan laktok egy szob\u00e1ban stb., de legal\u00e1bb 100 ezer forintos havi \u00f6sszeggel kell sz\u00e1molni + rezsik\u00f6lts\u00e9gek (de az alb\u00e9rlet\u00e1rak nagyon v\u00e1lt\u00f3z\u00f3k, att\u00f3l is f\u00fcgg, h\u00e1nyan laktok egy\u00fctt).<\/li>\n<\/ul>\n\n\n\n<p>Budapesten bel\u00fcli k\u00f6zleked\u00e9sre a BKV b\u00e9rlet aj\u00e1nlott (di\u00e1koknak Pest v\u00e1rmegyeb\u00e9rlet jelenleg 945 Ft\/h\u00f3), emellett a vid\u00e9kieknek a napi bej\u00e1r\u00e1s vagy a h\u00e9tv\u00e9gi hazautaz\u00e1s jelent pluszkiad\u00e1st.<br>Ezen k\u00edv\u00fcl m\u00e9g persze enni is kell valamit, \u00e9s n\u00e9ha bulizni sem \u00e1rt. Legolcs\u00f3bban a koll\u00e9giumokban tudod meg\u00faszni ezeket, itt az \u00e1rak is az egyetemista p\u00e9nzt\u00e1rc\u00e1hoz vannak szabva.<\/p>\n\n\n\n<p><strong>Most, hogy a kiad\u00e1sokat sz\u00e1mba vett\u00fck, n\u00e9zz\u00fck azt is meg, hogy <em>mib\u0151l lehet ezeket fedezni<\/em>!<br><\/strong>F\u0151leg az els\u0151 \u00e9vekben az \u00f6szt\u00f6nd\u00edjak a meghat\u00e1roz\u00f3ak. Alapvet\u0151en k\u00e9t nagy csoportba lehet az \u00f6szt\u00f6nd\u00edjakat osztani: tanulm\u00e1nyi teljes\u00edtm\u00e9nyre j\u00e1r\u00f3 \u00e9s szoci\u00e1lis alap\u00fa \u00f6szt\u00f6nd\u00edjakra.<\/p>\n\n\n\n<p>Szoci\u00e1lis alapon j\u00e1r\u00f3 \u00f6szt\u00f6nd\u00edjakb\u00f3l t\u00f6bbfajta van:<\/p>\n\n\n\n<ul class=\"wp-block-list\">\n<li>rendszeres \u00f6szt\u00f6nd\u00edj;<\/li>\n\n\n\n<li>rendk\u00edv\u00fcli \u00f6szt\u00f6nd\u00edj;<\/li>\n\n\n\n<li>az egyetemkezd\u00e9st seg\u00edt\u0151 alapt\u00e1mogat\u00e1s.<\/li>\n<\/ul>\n\n\n\n<p>Ami mindegyikre jellemz\u0151, hogy els\u0151sorban a csal\u00e1d egy f\u0151re jut\u00f3 j\u00f6vedelme hat\u00e1rozza meg az \u00f6sszeget illetve jogosults\u00e1got (de emellett t\u00f6bb m\u00e1s szempont, pl. lak\u00f3hely t\u00e1vols\u00e1ga, hallgat\u00f3 \u00e9s a vele egy h\u00e1ztart\u00e1sban \u00e9l\u0151 helyzete is sz\u00e1m\u00edt).<br>A tanulm\u00e1nyi eredm\u00e9nyre j\u00e1r\u00f3 \u00f6szt\u00f6nd\u00edjak k\u00f6z\u00fcl a legmeghat\u00e1roz\u00f3bb a tanulm\u00e1nyi \u00f6szt\u00f6nd\u00edj. Ez az el\u0151z\u0151 f\u00e9l\u00e9ves tanulm\u00e1nyi teljes\u00edtm\u00e9nyre j\u00e1r, \u00e1ltal\u00e1ban 8 \u00e9s 30 ezer forint k\u00f6z\u00f6tti \u00f6sszeget jelent a teljes\u00edtm\u00e9ny f\u00fcggv\u00e9ny\u00e9ben (ha kapsz).<br>Emellett a kiemelked\u0151 szakmai munk\u00e1t tov\u00e1bbi \u00f6szt\u00f6nd\u00edjakkal jutalmazhatj\u00e1k kari \u00e9s egyetemi szinten a Kari BME \u00e9s Egyetemi BME \u00f6szt\u00f6nd\u00edjjal, illetve els\u0151sorban a szakmai-tanulm\u00e1nyi eredm\u00e9ny alapj\u00e1n lehet elnyerni a K\u00f6zt\u00e1rsas\u00e1gi \u00d6szt\u00f6nd\u00edjat.<br>Az \u00f6szt\u00f6nd\u00edjak mellett a di\u00e1kmunka jelenthet m\u00e9g bev\u00e9teli forr\u00e1st. Eleinte els\u0151sorban a tipikus di\u00e1kmunk\u00e1k k\u00f6z\u00fcl v\u00e1logathatsz csak, de a k\u00e9s\u0151bbiekben, egyetemi tanulm\u00e1nyaid el\u0151rehaladt\u00e1val szakmai feladatokat is kaphatsz, amelyek sor\u00e1n megszerezheted a k\u00e9s\u0151bbi elhelyezked\u00e9sn\u00e9l el\u0151nyt jelent\u0151 szakmai gyakorlatot is. Ak\u00e1r szakmai, ak\u00e1r di\u00e1kmunk\u00e1r\u00f3l besz\u00e9l\u00fcnk, mindk\u00e9t esetben fontos \u00e9rv lehet Budapest mellett, ha m\u00e9g nem d\u00f6nt\u00f6tt\u00e9l, hogy itt sokkal sz\u00e9lesebb a v\u00e1laszt\u00e9k, mint b\u00e1rhol az orsz\u00e1gban, \u00e9s az \u00e1tlagos \u00f3rab\u00e9rek is magasabbak.<\/p>\n<\/div>\n<\/div>\n<\/div>\n\n\n\n<p><br><\/p>\n","protected":false},"excerpt":{"rendered":"<p>&#8222;Jedi mind tricks don&#8217;t work on me, only money.&#8221; &#8211; Watto Nem \u00e1rt, ha tiszt\u00e1ban vagy azzal, hogy milyen k\u00f6lts\u00e9gei vannak az egyetemista l\u00e9tnek, illetve milyen anyagi forr\u00e1sokb\u00f3l tudod a tanulm\u00e1nyaidat finansz\u00edrozni. Tov\u00e1bbi inform\u00e1ci\u00f3t tal\u00e1lhatsz a VIK HK oldal\u00e1n. Amikor az ember egyetemista lesz, k\u00fcl\u00f6n\u00f6sen, ha eddig vid\u00e9ken lakott, \u00e9s Pestre ker\u00fcl egyetemre, megteszi az [&hellip;]<\/p>\n","protected":false},"author":1,"featured_media":0,"parent":0,"menu_order":0,"comment_status":"closed","ping_status":"closed","template":"","meta":{"footnotes":""},"class_list":["post-211","page","type-page","status-publish","hentry"],"_links":{"self":[{"href":"https:\/\/felvi-teszt.vik.bme.hu\/index.php\/wp-json\/wp\/v2\/pages\/211","targetHints":{"allow":["GET"]}}],"collection":[{"href":"https:\/\/felvi-teszt.vik.bme.hu\/index.php\/wp-json\/wp\/v2\/pages"}],"about":[{"href":"https:\/\/felvi-teszt.vik.bme.hu\/index.php\/wp-json\/wp\/v2\/types\/page"}],"author":[{"embeddable":true,"href":"https:\/\/felvi-teszt.vik.bme.hu\/index.php\/wp-json\/wp\/v2\/users\/1"}],"replies":[{"embeddable":true,"href":"https:\/\/felvi-teszt.vik.bme.hu\/index.php\/wp-json\/wp\/v2\/comments?post=211"}],"version-history":[{"count":7,"href":"https:\/\/felvi-teszt.vik.bme.hu\/index.php\/wp-json\/wp\/v2\/pages\/211\/revisions"}],"predecessor-version":[{"id":523,"href":"https:\/\/felvi-teszt.vik.bme.hu\/index.php\/wp-json\/wp\/v2\/pages\/211\/revisions\/523"}],"wp:attachment":[{"href":"https:\/\/felvi-teszt.vik.bme.hu\/index.php\/wp-json\/wp\/v2\/media?parent=211"}],"curies":[{"name":"wp","href":"https:\/\/api.w.org\/{rel}","templated":true}]}}