{"id":204,"date":"2024-07-03T09:00:23","date_gmt":"2024-07-03T09:00:23","guid":{"rendered":"https:\/\/felvi-teszt.vik.bme.hu\/?page_id=204"},"modified":"2024-07-03T09:07:20","modified_gmt":"2024-07-03T09:07:20","slug":"sport","status":"publish","type":"page","link":"https:\/\/felvi-teszt.vik.bme.hu\/index.php\/sport\/","title":{"rendered":"SPORT"},"content":{"rendered":"\n<div class=\"wp-block-group alignfull has-accent-2-background-color has-background has-global-padding is-layout-constrained wp-container-core-group-is-layout-cd6163fc wp-block-group-is-layout-constrained\" style=\"margin-top:0;margin-bottom:0;padding-top:var(--wp--preset--spacing--10);padding-right:var(--wp--preset--spacing--50);padding-bottom:var(--wp--preset--spacing--10);padding-left:var(--wp--preset--spacing--50)\">\n<div class=\"wp-block-columns alignwide is-layout-flex wp-container-core-columns-is-layout-28f84493 wp-block-columns-is-layout-flex\">\n<div class=\"wp-block-column is-layout-flow wp-block-column-is-layout-flow\" style=\"flex-basis:40%\">\n<p class=\"wp-container-content-0733e5d0\">&#8222;Move your a**!&#8221; &#8211; H. P. Baxxter<\/p>\n<\/div>\n\n\n\n<div class=\"wp-block-column is-layout-flow wp-block-column-is-layout-flow\" style=\"flex-basis:60%\">\n<p class=\"has-heading-font-family has-large-font-size\" style=\"line-height:1.2\"><em><em>Az egyetem keretei k\u00f6z\u00f6tt, t\u00falmen\u0151en a k\u00f6telez\u0151 testnevel\u00e9s \u00f3r\u00e1kon, v\u00e1ltozatos sportol\u00e1si lehet\u0151s\u00e9gek \u00e1llnak rendelkez\u00e9sre, k\u00f6zel 100 f\u00e9le sport\u00e1g k\u00f6z\u00fcl v\u00e1laszthatnak a hallgat\u00f3k.<\/em><\/em><\/p>\n<\/div>\n<\/div>\n\n\n\n<div style=\"height:var(--wp--preset--spacing--40)\" aria-hidden=\"true\" class=\"wp-block-spacer\"><\/div>\n\n\n\n<figure class=\"wp-block-image alignwide size-full is-style-rounded is-style-rounded--1\"><img loading=\"lazy\" decoding=\"async\" width=\"1915\" height=\"923\" src=\"http:\/\/felvi-teszt.vik.bme.hu\/wp-content\/uploads\/2024\/07\/sport.jpg\" alt=\"\" class=\"wp-image-207\"\/><\/figure>\n<\/div>\n\n\n\n<div class=\"wp-block-group alignfull has-base-background-color has-background has-global-padding is-layout-constrained wp-container-core-group-is-layout-d89aad35 wp-block-group-is-layout-constrained\" style=\"margin-top:0;margin-bottom:0;padding-top:var(--wp--preset--spacing--50);padding-right:var(--wp--preset--spacing--50);padding-bottom:var(--wp--preset--spacing--50);padding-left:var(--wp--preset--spacing--50)\">\n<div class=\"wp-block-columns alignwide is-layout-flex wp-container-core-columns-is-layout-549b0c86 wp-block-columns-is-layout-flex\">\n<div class=\"wp-block-column has-global-padding is-content-justification-left is-layout-constrained wp-container-core-column-is-layout-4f15e8fe wp-block-column-is-layout-constrained\" style=\"flex-basis:40%\">\n<p>&#8222;Go, go, go! Ale, ale, ale!&#8221; &#8211; Ricky Martin<\/p>\n<\/div>\n\n\n\n<div class=\"wp-block-column is-layout-flow wp-container-core-column-is-layout-119bc444 wp-block-column-is-layout-flow\" style=\"flex-basis:60%\">\n<p class=\"has-heading-font-family has-x-large-font-size\" style=\"line-height:1.2\">A f\u0151bb lehet\u0151s\u00e9gekr\u0151l lentebb olvashattok, b\u0151vebb inform\u00e1ci\u00f3kat a <a href=\"http:\/\/www.bme.hu\/sport\">BME honlapon<\/a> tal\u00e1lhattok a sport\u00e9let\u00fcnkr\u0151l.<\/p>\n\n\n\n<div class=\"wp-block-columns is-layout-flex wp-container-core-columns-is-layout-87beb0d0 wp-block-columns-is-layout-flex\">\n<div class=\"wp-block-column is-layout-flow wp-block-column-is-layout-flow\">\n<h3 class=\"wp-block-heading\" style=\"margin-top:var(--wp--preset--spacing--10);margin-bottom:var(--wp--preset--spacing--10)\">TESTNEVEL\u00c9S \u00d3RA<\/h3>\n\n\n\n<p>A BSc k\u00e9pz\u00e9s tanterve k\u00e9t f\u00e9l\u00e9vnyi k\u00f6telez\u0151 testnevel\u00e9s \u00f3r\u00e1t tartalmaz, \u00e9s tov\u00e1bbi k\u00e9t f\u00e9l\u00e9vben van \u00f3rarendi hely szabadon v\u00e1laszthat\u00f3 testnevel\u00e9snek.<\/p>\n\n\n\n<p>A \u201etesi\u201d az egyetemen teljesen m\u00e1st jelent, mint k\u00f6z\u00e9piskol\u00e1ban: itt&nbsp;<strong>te v\u00e1laszthatod meg<\/strong>, hogy milyen sportot szeretn\u00e9l \u0171zni. A lehet\u0151s\u00e9gek sz\u00e1ma szinte v\u00e9gtelen, minden n\u00e9pszer\u0171 sport megtal\u00e1lhat\u00f3, csak n\u00e9h\u00e1ny a teljess\u00e9g ig\u00e9nye n\u00e9lk\u00fcl: labdar\u00fag\u00e1s, kos\u00e1rlabda, r\u00f6plabda, \u00fasz\u00e1s, j\u00f3ga, asztalitenisz, atl\u00e9tika, test\u00e9p\u00edt\u00e9s, tenisz, tollaslabda, aerobic, aikido, sportl\u00f6v\u00e9szet, karate, cselg\u00e1ncs, kajak kenu, fallabda, t\u00far\u00e1z\u00e1s, t\u00e1nc, lovagl\u00e1s, ejt\u0151erny\u0151z\u00e9s, b\u00fav\u00e1rkod\u00e1s, falm\u00e1sz\u00e1s stb.<\/p>\n\n\n\n<p>A t\u00f6megsportok (labdar\u00fag\u00e1s, r\u00f6plabda) \u00e1ltal\u00e1ban ingyenesek, a t\u00f6bbi sport\u00e1g t\u00e9r\u00edt\u00e9ses. Ez azt jelenti, hogy fizetned kell a foglalkoz\u00e1sokon val\u00f3 r\u00e9szv\u00e9tel\u00e9rt, de nem azt, hogy hatalmas \u00f6sszegekbe ker\u00fcl, nagyr\u00e9szt csup\u00e1n a sportol\u00e1s \u00f6nk\u00f6lts\u00e9g\u00e9t kell kifizetned az egyetem sz\u00e1m\u00e1ra, \u00edgy&nbsp;<strong>el\u00e9rhet\u0151 \u00e1ron<\/strong>&nbsp;pr\u00f3b\u00e1lhatsz ki egy\u00e9bk\u00e9nt&nbsp;<strong>k\u00f6lts\u00e9ges sportokat<\/strong>.<\/p>\n\n\n\n<h3 class=\"wp-block-heading\" style=\"margin-top:var(--wp--preset--spacing--10);margin-bottom:var(--wp--preset--spacing--10)\">DI\u00c1K SPORT K\u00d6R<\/h3>\n\n\n\n<p>A Di\u00e1k Sport K\u00f6r egy, a karon m\u0171k\u00f6d\u0151 hallgat\u00f3i \u00f6ntev\u00e9keny k\u00f6r, amely f\u0151leg sportrendezv\u00e9nyek szervez\u00e9s\u00e9vel foglalkozik, a Sch\u00f6nherz Koll\u00e9gium edz\u0151term\u00e9t \u00fczemelteti, mindemellett sporteszk\u00f6z\u00f6k b\u00e9relhet\u0151ek a szert\u00e1r\u00e1b\u00f3l. Rendszeresen rendeznek pingpong-, streetball- \u00e9s csocs\u00f3bajnoks\u00e1got, \u00e9jszakai focit \u00e9s toronyfut\u00e1st.<\/p>\n\n\n\n<p>A DSK legn\u00e9pszer\u0171bb rendezv\u00e9nye a Jeges Est, ami \u00f6tv\u00f6zi a sportot \u00e9s a bulihangulatot: korcsoly\u00e1z\u00e1s k\u00f6zben zene sz\u00f3l, \u00e9s term\u00e9szetesen a b\u00fcf\u00e9 sem hi\u00e1nyzik.<\/p>\n\n\n\n<h3 class=\"wp-block-heading\" style=\"margin-top:var(--wp--preset--spacing--10);margin-bottom:var(--wp--preset--spacing--10)\">\u00c9L CSARNOK<\/h3>\n\n\n\n<p>A M\u0171egyetem tudatosan t\u00f6rekszik a lehet\u0151 legsz\u00e9lesebb k\u00f6r\u0171 sportol\u00e1si lehet\u0151s\u00e9g ny\u00fajt\u00e1s\u00e1ra. Hamarosan megindul az egyetem egyik \u00e9p\u00fclet\u00e9nek, az \u00c9L csarnoknak a kialak\u00edt\u00e1sa, melynek eredm\u00e9nyek\u00e9ppen a jelenlegi laborat\u00f3riumok hely\u00e9t egy modern sportk\u00f6zpont veszi \u00e1t kos\u00e1rlabda \u00e9s teremfoci p\u00e1ly\u00e1val, edz\u0151teremmel \u00e9s falm\u00e1sz\u00f3 fallal.<\/p>\n<\/div>\n\n\n\n<div class=\"wp-block-column is-layout-flow wp-block-column-is-layout-flow\">\n<h3 class=\"wp-block-heading\" style=\"margin-top:var(--wp--preset--spacing--10);margin-bottom:var(--wp--preset--spacing--10)\">M\u0170EGYETEMI ATL\u00c9TIKAI \u00c9S FOOTBALL CLUB<\/h3>\n\n\n\n<p>A M\u0171egyetemi Atl\u00e9tikai \u00e9s Football Club, a MAFC, a Budapesti M\u0171szaki \u00e9s Gazdas\u00e1gtudom\u00e1nyi Egyetem 1879-ben alap\u00edtott klubja, az orsz\u00e1g egyik legnagyobb \u00e9s legr\u00e9gebbi hagyom\u00e1nyokkal rendelkez\u0151 sportegyes\u00fclete.<\/p>\n\n\n\n<p>A klub f\u0151 feladata a BME hallgat\u00f3i \u00e9s dolgoz\u00f3i sportj\u00e1nak szervez\u00e9se, de az egyes\u00fclet nyitott, jelent\u0151s sz\u00e1mban vannak a tagjaik k\u00f6z\u00f6tt, ill. veszik ig\u00e9nybe szolg\u00e1ltat\u00e1sait m\u00e1s fels\u0151oktat\u00e1si int\u00e9zm\u00e9nyek hallgat\u00f3i, v\u00e9gzett m\u00e9rn\u00f6keink, gyermekek \u00e9s feln\u0151ttek is \u00e1ltal\u00e1nos iskol\u00e1s kort\u00f3l a nyugd\u00edjas korig.<\/p>\n\n\n\n<p>A klub tev\u00e9kenys\u00e9ge k\u00e9t nagy csoportra oszthat\u00f3: rendelkezik hagyom\u00e1nyos&nbsp;<strong>verseny szakoszt\u00e1lyokkal<\/strong>, mindemellett&nbsp;<strong>szabadid\u0151sporttal<\/strong>&nbsp;is foglalkozik.<\/p>\n\n\n\n<p>Nev\u00e9vel ellent\u00e9tben nemcsak atl\u00e9tik\u00e1val \u00e9s labdar\u00fag\u00e1ssal, hanem m\u00e1s sportokkal is foglalkozik. A MAFC asztalitenisz, atl\u00e9tika, aut\u00f3sport, floorball, korfball, kisp\u00e1ly\u00e1s labdar\u00fag\u00e1s, k\u00e9zilabda, f\u00e9rfi-n\u0151i kos\u00e1rlabda, labdar\u00fag\u00f3, \u00f6ttusa, r\u00f6plabda, s\u00ed, t\u00e1jfut\u00e1s, tenisz, tollaslabda, triatlon, sakk \u00e9s go, s\u00falyemel\u0151, vitorl\u00e1z\u00e1s, v\u00edzilabda, v\u00edv\u00f3 \u00e9s rekre\u00e1ci\u00f3s szakoszt\u00e1llyal is rendelkezik.<\/p>\n\n\n\n<p>A MAFC megfelel\u0151en ell\u00e1tott sportl\u00e9tes\u00edtm\u00e9nyekkel, az egyetemhez k\u00f6zel&nbsp;<strong>uszod\u00e1t<\/strong>,&nbsp;<strong>labdar\u00fag\u00f3p\u00e1ly\u00e1t<\/strong>, atl\u00e9tikai p\u00e1ly\u00e1t, k\u00e9zilabda p\u00e1ly\u00e1kat \u00e9s&nbsp;<strong>teniszp\u00e1ly\u00e1t<\/strong>&nbsp;\u00fczemeltet.<\/p>\n\n\n\n<p>A vitorl\u00e1s szakoszt\u00e1ly saj\u00e1t haj\u00f3kkal \u00e9s&nbsp;<strong>vitorl\u00e1skik\u00f6t\u0151vel rendelkezik Balatonf\u00fcreden<\/strong>, melyet a piaci \u00e1r t\u00f6red\u00e9k\u00e9\u00e9rt haszn\u00e1lhatnak az \u00e9rdekl\u0151d\u0151 m\u0171egyetemist\u00e1k. \u00c9vente k\u00e9tszer rendezik meg a MAFC Vitorl\u00e1st\u00e1bort, aminek c\u00e9lja, hogy az \u00e9rdekl\u0151d\u0151k megismerkedhessenek a vitorl\u00e1ssportokkal.<\/p>\n<\/div>\n<\/div>\n<\/div>\n<\/div>\n<\/div>\n\n\n\n<p><br><\/p>\n","protected":false},"excerpt":{"rendered":"<p>&#8222;Move your a**!&#8221; &#8211; H. P. Baxxter Az egyetem keretei k\u00f6z\u00f6tt, t\u00falmen\u0151en a k\u00f6telez\u0151 testnevel\u00e9s \u00f3r\u00e1kon, v\u00e1ltozatos sportol\u00e1si lehet\u0151s\u00e9gek \u00e1llnak rendelkez\u00e9sre, k\u00f6zel 100 f\u00e9le sport\u00e1g k\u00f6z\u00fcl v\u00e1laszthatnak a hallgat\u00f3k. &#8222;Go, go, go! Ale, ale, ale!&#8221; &#8211; Ricky Martin A f\u0151bb lehet\u0151s\u00e9gekr\u0151l lentebb olvashattok, b\u0151vebb inform\u00e1ci\u00f3kat a BME honlapon tal\u00e1lhattok a sport\u00e9let\u00fcnkr\u0151l. TESTNEVEL\u00c9S \u00d3RA A BSc [&hellip;]<\/p>\n","protected":false},"author":1,"featured_media":0,"parent":0,"menu_order":0,"comment_status":"closed","ping_status":"closed","template":"","meta":{"footnotes":""},"class_list":["post-204","page","type-page","status-publish","hentry"],"_links":{"self":[{"href":"https:\/\/felvi-teszt.vik.bme.hu\/index.php\/wp-json\/wp\/v2\/pages\/204","targetHints":{"allow":["GET"]}}],"collection":[{"href":"https:\/\/felvi-teszt.vik.bme.hu\/index.php\/wp-json\/wp\/v2\/pages"}],"about":[{"href":"https:\/\/felvi-teszt.vik.bme.hu\/index.php\/wp-json\/wp\/v2\/types\/page"}],"author":[{"embeddable":true,"href":"https:\/\/felvi-teszt.vik.bme.hu\/index.php\/wp-json\/wp\/v2\/users\/1"}],"replies":[{"embeddable":true,"href":"https:\/\/felvi-teszt.vik.bme.hu\/index.php\/wp-json\/wp\/v2\/comments?post=204"}],"version-history":[{"count":4,"href":"https:\/\/felvi-teszt.vik.bme.hu\/index.php\/wp-json\/wp\/v2\/pages\/204\/revisions"}],"predecessor-version":[{"id":210,"href":"https:\/\/felvi-teszt.vik.bme.hu\/index.php\/wp-json\/wp\/v2\/pages\/204\/revisions\/210"}],"wp:attachment":[{"href":"https:\/\/felvi-teszt.vik.bme.hu\/index.php\/wp-json\/wp\/v2\/media?parent=204"}],"curies":[{"name":"wp","href":"https:\/\/api.w.org\/{rel}","templated":true}]}}