{"id":2,"date":"2024-06-12T19:31:56","date_gmt":"2024-06-12T19:31:56","guid":{"rendered":"http:\/\/felvi-teszt.vik.bme.hu\/?page_id=2"},"modified":"2024-07-03T11:21:02","modified_gmt":"2024-07-03T11:21:02","slug":"sample-page","status":"publish","type":"page","link":"https:\/\/felvi-teszt.vik.bme.hu\/index.php\/sample-page\/","title":{"rendered":"BProf k\u00e9pz\u00e9s"},"content":{"rendered":"\n<p style=\"margin-top:var(--wp--preset--spacing--10);margin-bottom:var(--wp--preset--spacing--10)\">A magyarorsz\u00e1gi informatikushi\u00e1ny hat\u00e9kony cs\u00f6kkent\u00e9se \u00e9rdek\u00e9ben a Villamosm\u00e9rn\u00f6ki \u00e9s Informatikai Kar az eddigi m\u00e9rn\u00f6kinformatikus alapk\u00e9pz\u00e9s (BSc) mellett meghirdeti az \u00fczemm\u00e9rn\u00f6k-informatikus (BProf, Bachelor of Profession) k\u00e9pz\u00e9st. A BProf kifejez\u00e9st \u00e9rdemes feljegyezni, az IT szektor munkaer\u0151 ut\u00e1np\u00f3tl\u00e1s\u00e1t jelent\u0151sen jav\u00edthatja a friss k\u00e9pz\u00e9si forma a k\u00f6zelj\u00f6v\u0151ben.<\/p>\n\n\n\n<p style=\"margin-bottom:var(--wp--preset--spacing--10)\">A k\u00e9pz\u00e9sr\u0151l sz\u00f3l\u00f3 flyert megtal\u00e1lod <a href=\"http:\/\/felvi-teszt.vik.bme.hu\/wp-content\/uploads\/2024\/06\/szak-6-BPROF-compressed.pdf\">ITT<\/a>!<\/p>\n\n\n\n<figure class=\"wp-block-image size-full\"><img loading=\"lazy\" decoding=\"async\" width=\"1865\" height=\"1189\" src=\"http:\/\/felvi-teszt.vik.bme.hu\/wp-content\/uploads\/2024\/06\/diplomaoszto_vik_spot.jpg\" alt=\"\" class=\"wp-image-26\"\/><\/figure>\n\n\n\n<p style=\"margin-top:var(--wp--preset--spacing--10);margin-bottom:var(--wp--preset--spacing--10)\">A j\u00f3l ismert magas sz\u00ednvonal\u00fa BSc k\u00e9pz\u00e9sek mellett a <strong>BProf k\u00e9pz\u00e9st<\/strong> azoknak a di\u00e1koknak aj\u00e1nljuk, akik cs\u00f6kkentett elm\u00e9leti \u00e9s t\u00f6bb gyakorlati ismeret birtok\u00e1ban mihamarabb szeretn\u00e9nek elhelyezkedni informatikusk\u00e9nt az egyre fejl\u0151d\u0151 \u00e9s b\u0151v\u00fcl\u0151 munkaer\u0151 piacon.<\/p>\n\n\n\n<blockquote class=\"wp-block-quote is-layout-flow wp-block-quote-is-layout-flow\">\n<p>A BSc k\u00e9pz\u00e9s programj\u00e1t h\u00e9t, a BProf\u00e9t egy kicsit r\u00f6videbb id\u0151 alatt, hat f\u00e9l\u00e9v sor\u00e1n lehet majd elv\u00e9gezni. A BProf utols\u00f3 k\u00e9t f\u00e9l\u00e9v\u00e9ben az egyetem a v\u00e1llalatokkal kar\u00f6ltve kooperat\u00edv k\u00e9pz\u00e9sben oktatja a hallgat\u00f3t. \u00cdgy az ipari tapasztalat mellett a t\u00e1rgyak egy r\u00e9sz\u00e9t is a v\u00e1llalatn\u00e1l v\u00e9gzett munk\u00e1val teljes\u00edti a hallgat\u00f3. Szigor\u00fa elv\u00e1r\u00e1s a professzion\u00e1lis \u00fczemm\u00e9rn\u00f6k-informatikus k\u00e9pz\u00e9sben, hogy a hallgat\u00f3k munkahelyi tev\u00e9kenys\u00e9ge t\u00e9m\u00e1j\u00e1ban \u00e9s sz\u00ednvonal\u00e1ban illeszkedjen az egyetemi k\u00e9pz\u00e9si programhoz.<\/p>\n<\/blockquote>\n\n\n\n<p style=\"margin-top:var(--wp--preset--spacing--20);margin-bottom:var(--wp--preset--spacing--20)\">A mesterdiploma (MSc) \u00e9s az esetleges doktori (PhD) fokozat el\u0151k\u00e9sz\u00edt\u0151je tov\u00e1bbra is a BSc k\u00e9pz\u00e9s, \u00edgy, aki nem biztos m\u00e9g a d\u00f6nt\u00e9s\u00e9ben, azoknak mindk\u00e9t szak megad\u00e1s\u00e1t javasoljuk a felv\u00e9teli rendszerben (BSc, BProf sorrendben). \u00cdgy k\u00e9s\u0151bb lehet\u0151s\u00e9g ad\u00f3dik a felv\u00e9teli sorrend m\u00f3dos\u00edt\u00e1s\u00e1ra, de a k\u00e9t k\u00e9pz\u00e9s opci\u00f3ja is megmarad a v\u00e9gleges sorrend fel\u00e1ll\u00edt\u00e1s\u00e1ig. A BSc k\u00e9pz\u00e9s els\u0151dleges c\u00e9lja tov\u00e1bbra is v\u00e1ltozatlan a karunkon: olyan fejleszt\u0151m\u00e9rn\u00f6k\u00f6ket k\u00e9pezni, akik bonyolultabb, \u00f6sszetettebb rendszerek, informatikai megold\u00e1sok fejleszt\u00e9s\u00e9re is k\u00e9pesek.<\/p>\n\n\n\n<figure class=\"wp-block-image size-full\"><img loading=\"lazy\" decoding=\"async\" width=\"710\" height=\"330\" src=\"https:\/\/felvi-teszt.vik.bme.hu\/wp-content\/uploads\/2024\/06\/BProf_710.png\" alt=\"\" class=\"wp-image-32\"\/><\/figure>\n\n\n\n<p style=\"margin-top:var(--wp--preset--spacing--20);margin-bottom:var(--wp--preset--spacing--20)\">Akik valamilyen okb\u00f3l hamarabb szeretn\u00e9nek diplom\u00e1hoz jutni, vagy pontsz\u00e1muk v\u00e1rhat\u00f3an nem lenne elegend\u0151 a BSc k\u00e9pz\u00e9sre, azoknak kifejezetten aj\u00e1nljuk, hogy jelentkezzenek a Felv\u00e9teli t\u00e1j\u00e9koztat\u00f3 kieg\u00e9sz\u00edt\u0151 k\u00f6tet\u00e9ben (hivatalosan janu\u00e1r v\u00e9g\u00e9n) megjelen\u0151 BProf k\u00e9pz\u00e9sre.<\/p>\n\n\n\n<blockquote class=\"wp-block-quote is-layout-flow wp-block-quote-is-layout-flow\">\n<p>&#8222;A BProf k\u00e9pz\u00e9st\u0151l t\u00f6bb mindent v\u00e1runk. Az \u00e9get\u0151 informatikushi\u00e1ny enyh\u00edt\u00e9s\u00e9n k\u00edv\u00fcl szeretn\u00e9nk, ha a main\u00e1l t\u00f6bb fiatalb\u00f3l v\u00e1lna j\u00f3l k\u00e9pzett, diplom\u00e1s informatikus. Olyan szakember, aki k\u00e9pes a tov\u00e1bbfejl\u0151d\u00e9sre.V\u00e1rjuk a frissen \u00e9retts\u00e9giz\u0151ket, valamint azokat is, akik jelenleg kiesnek a BSc k\u00e9pz\u00e9sb\u0151l. A karon megteremtj\u00fck a lehet\u0151s\u00e9get, hogy mindenki az \u00e9rdekl\u0151d\u00e9si k\u00f6r\u00e9hez, k\u00e9pess\u00e9geihez \u00e9s amb\u00edci\u00f3j\u00e1hoz illeszked\u0151, sz\u00ednvonalas oktat\u00e1sban r\u00e9szes\u00fclj\u00f6n \u00e9s a szakma \u00e1ltal elismert diplom\u00e1t szerezzen.&#8221; <\/p>\n<cite>Tevesz G\u00e1bor &#8211; volt oktat\u00e1si d\u00e9k\u00e1nhelyettes<\/cite><\/blockquote>\n\n\n\n<p><\/p>\n\n\n\n<p style=\"margin-top:var(--wp--preset--spacing--10);margin-bottom:var(--wp--preset--spacing--10)\">A BME diplom\u00e1val rendelkez\u0151 informatikusok el\u0151tt minden ajt\u00f3 nyitva \u00e1ll, az ipar pedig \u00e9vr\u0151l-\u00e9vre egyre t\u00f6bb professzion\u00e1lis szakembert v\u00e1r!<\/p>\n\n\n\n<p style=\"margin-top:var(--wp--preset--spacing--10);margin-bottom:var(--wp--preset--spacing--10)\">A k\u00e9pz\u00e9sben a k\u00f6vetkez\u0151 specializ\u00e1ci\u00f3kon vehetsz majd r\u00e9szt:<\/p>\n\n\n\n<blockquote class=\"wp-block-quote is-layout-flow wp-block-quote-is-layout-flow\">\n<ul class=\"wp-block-list\">\n<li>Szoftverfejleszt\u0151 specializ\u00e1ci\u00f3<\/li>\n\n\n\n<li>H\u00e1l\u00f3zat \u00e9s biztons\u00e1g specializ\u00e1ci\u00f3<\/li>\n\n\n\n<li>Adatalap\u00fa rendszerek specializ\u00e1ci\u00f3<\/li>\n\n\n\n<li>Tesztel\u00e9s \u00e9s \u00fczemeltet\u00e9s specializ\u00e1ci\u00f3.<\/li>\n<\/ul>\n<\/blockquote>\n\n\n\n<p style=\"margin-top:var(--wp--preset--spacing--10);margin-bottom:var(--wp--preset--spacing--10)\">Ha bizonytalan vagy, BSc vagy BProf \u2013 akkor els\u0151 helyen BSc m\u00e9rn\u00f6kinformatikus, m\u00e1sodik helyen BProf \u00fczemm\u00e9rn\u00f6k-informatikus szakot jel\u00f6ld a felvi.hu oldalon.<\/p>\n\n\n\n<p>Az \u00fczemm\u00e9rn\u00f6k-informatikus k\u00e9pz\u00e9s r\u00e9szletes le\u00edr\u00e1s\u00e1t <a href=\"https:\/\/www.vik.bme.hu\/document\/1756\/original\/BProf_program_U.pdf\">itt tal\u00e1lod<\/a>, a tanterv\u00e9t pedig ezen <a href=\"http:\/\/www.vik.bme.hu\/page\/1116\/\">a linken<\/a>! Tov\u00e1bbi inform\u00e1ci\u00f3k\u00e9rt ide <a href=\"http:\/\/www.vik.bme.hu\/hallgatoknak\/alapkepzes\/BProf\/\">KATTINTS<\/a>!<\/p>\n\n\n\n<pre class=\"wp-block-code\" style=\"border-width:22px;margin-top:var(--wp--preset--spacing--20);margin-bottom:var(--wp--preset--spacing--20)\"><code>\/\/Tov\u00e1bb\u00e1 olvasd el cikk\u00fcnket a k\u00e9pz\u00e9sr\u0151l a <a href=\"https:\/\/www.vik.bme.hu\/document\/4000\/original\/Impulzus_49_00_online_spreads.pdf\">G\u00f3lyimpulzusban<\/a> vagy a <a href=\"https:\/\/www.vik.bme.hu\/document\/3827\/original\/11\/00011370.pdf\">VIK Magazinban<\/a>!<\/code><\/pre>\n","protected":false},"excerpt":{"rendered":"<p>A magyarorsz\u00e1gi informatikushi\u00e1ny hat\u00e9kony cs\u00f6kkent\u00e9se \u00e9rdek\u00e9ben a Villamosm\u00e9rn\u00f6ki \u00e9s Informatikai Kar az eddigi m\u00e9rn\u00f6kinformatikus alapk\u00e9pz\u00e9s (BSc) mellett meghirdeti az \u00fczemm\u00e9rn\u00f6k-informatikus (BProf, Bachelor of Profession) k\u00e9pz\u00e9st. A BProf kifejez\u00e9st \u00e9rdemes feljegyezni, az IT szektor munkaer\u0151 ut\u00e1np\u00f3tl\u00e1s\u00e1t jelent\u0151sen jav\u00edthatja a friss k\u00e9pz\u00e9si forma a k\u00f6zelj\u00f6v\u0151ben. A k\u00e9pz\u00e9sr\u0151l sz\u00f3l\u00f3 flyert megtal\u00e1lod ITT! A j\u00f3l ismert magas sz\u00ednvonal\u00fa BSc [&hellip;]<\/p>\n","protected":false},"author":1,"featured_media":0,"parent":0,"menu_order":0,"comment_status":"closed","ping_status":"open","template":"","meta":{"footnotes":""},"class_list":["post-2","page","type-page","status-publish","hentry"],"_links":{"self":[{"href":"https:\/\/felvi-teszt.vik.bme.hu\/index.php\/wp-json\/wp\/v2\/pages\/2","targetHints":{"allow":["GET"]}}],"collection":[{"href":"https:\/\/felvi-teszt.vik.bme.hu\/index.php\/wp-json\/wp\/v2\/pages"}],"about":[{"href":"https:\/\/felvi-teszt.vik.bme.hu\/index.php\/wp-json\/wp\/v2\/types\/page"}],"author":[{"embeddable":true,"href":"https:\/\/felvi-teszt.vik.bme.hu\/index.php\/wp-json\/wp\/v2\/users\/1"}],"replies":[{"embeddable":true,"href":"https:\/\/felvi-teszt.vik.bme.hu\/index.php\/wp-json\/wp\/v2\/comments?post=2"}],"version-history":[{"count":8,"href":"https:\/\/felvi-teszt.vik.bme.hu\/index.php\/wp-json\/wp\/v2\/pages\/2\/revisions"}],"predecessor-version":[{"id":284,"href":"https:\/\/felvi-teszt.vik.bme.hu\/index.php\/wp-json\/wp\/v2\/pages\/2\/revisions\/284"}],"wp:attachment":[{"href":"https:\/\/felvi-teszt.vik.bme.hu\/index.php\/wp-json\/wp\/v2\/media?parent=2"}],"curies":[{"name":"wp","href":"https:\/\/api.w.org\/{rel}","templated":true}]}}