{"id":195,"date":"2024-07-03T08:43:19","date_gmt":"2024-07-03T08:43:19","guid":{"rendered":"https:\/\/felvi-teszt.vik.bme.hu\/?page_id=195"},"modified":"2024-09-11T17:07:04","modified_gmt":"2024-09-11T17:07:04","slug":"rendezvenyek","status":"publish","type":"page","link":"https:\/\/felvi-teszt.vik.bme.hu\/index.php\/rendezvenyek\/","title":{"rendered":"RENDEZV\u00c9NYEINK"},"content":{"rendered":"\n<div class=\"wp-block-group alignfull has-accent-2-background-color has-background has-global-padding is-layout-constrained wp-container-core-group-is-layout-cd6163fc wp-block-group-is-layout-constrained\" style=\"margin-top:0;margin-bottom:0;padding-top:var(--wp--preset--spacing--10);padding-right:var(--wp--preset--spacing--50);padding-bottom:var(--wp--preset--spacing--10);padding-left:var(--wp--preset--spacing--50)\">\n<div class=\"wp-block-columns alignwide is-layout-flex wp-container-core-columns-is-layout-28f84493 wp-block-columns-is-layout-flex\">\n<div class=\"wp-block-column is-layout-flow wp-block-column-is-layout-flow\" style=\"flex-basis:40%\">\n<p class=\"wp-container-content-0733e5d0\">Szemelv\u00e9nyek a VIK \u00e9let\u00e9b\u0151l<\/p>\n<\/div>\n\n\n\n<div class=\"wp-block-column is-layout-flow wp-block-column-is-layout-flow\" style=\"flex-basis:60%\">\n<p class=\"has-heading-font-family has-large-font-size\" style=\"line-height:1.2\"><em>Az egyetemi mindennapokat v\u00e1ltozatos hallgat\u00f3i rendezv\u00e9nyek sz\u00ednes\u00edtik. A legnagyobb rendezv\u00e9ny az Egyetemi Napok, egy val\u00f3di fesztiv\u00e1l koncertekkel \u00e9s civil programokkal, m\u00e9gis a legt\u00f6bben tal\u00e1n a kari napokk\u00e9nt funkcion\u00e1l\u00f3 Sch\u00f6nherz Qp\u00e1t v\u00e1rj\u00e1k a legjobban.<\/em><\/p>\n<\/div>\n<\/div>\n\n\n\n<div style=\"height:var(--wp--preset--spacing--40)\" aria-hidden=\"true\" class=\"wp-block-spacer\"><\/div>\n\n\n\n<figure class=\"wp-block-image alignwide size-full is-style-rounded is-style-rounded--1\"><img loading=\"lazy\" decoding=\"async\" width=\"1206\" height=\"650\" src=\"https:\/\/felvi-teszt.vik.bme.hu\/wp-content\/uploads\/2024\/07\/qpa2.jpg\" alt=\"\" class=\"wp-image-200\"\/><\/figure>\n<\/div>\n\n\n\n<div class=\"wp-block-group alignfull has-base-background-color has-background has-global-padding is-layout-constrained wp-container-core-group-is-layout-d89aad35 wp-block-group-is-layout-constrained\" style=\"margin-top:0;margin-bottom:0;padding-top:var(--wp--preset--spacing--50);padding-right:var(--wp--preset--spacing--50);padding-bottom:var(--wp--preset--spacing--50);padding-left:var(--wp--preset--spacing--50)\">\n<div class=\"wp-block-columns alignwide is-layout-flex wp-container-core-columns-is-layout-549b0c86 wp-block-columns-is-layout-flex\">\n<div class=\"wp-block-column has-global-padding is-content-justification-left is-layout-constrained wp-container-core-column-is-layout-4f15e8fe wp-block-column-is-layout-constrained\" style=\"flex-basis:40%\">\n<p>Mert musz\u00e1j n\u00e9ha kikapcsolni.<\/p>\n<\/div>\n\n\n\n<div class=\"wp-block-column is-layout-flow wp-container-core-column-is-layout-119bc444 wp-block-column-is-layout-flow\" style=\"flex-basis:60%\">\n<p class=\"has-heading-font-family has-x-large-font-size\" style=\"line-height:1.2\">Az egyetemi mindennapokat v\u00e1ltozatos hallgat\u00f3i rendezv\u00e9nyek sz\u00ednes\u00edtik. A legnagyobb rendezv\u00e9ny az&nbsp;<strong>Egyetemi Napok<\/strong>, egy&nbsp;<strong>val\u00f3di fesztiv\u00e1l<\/strong>&nbsp;koncertekkel \u00e9s civil programokkal, m\u00e9gis a legt\u00f6bben tal\u00e1n a kari napokk\u00e9nt funkcion\u00e1l\u00f3&nbsp;<strong>Sch\u00f6nherz Qp\u00e1t<\/strong>&nbsp;v\u00e1rj\u00e1k a legjobban. G\u00f3lyak\u00e9nt a&nbsp;<strong>g\u00f3lyat\u00e1bor<\/strong>&nbsp;\u00e9s a&nbsp;<strong>g\u00f3lyab\u00e1l<\/strong>&nbsp;is fontos r\u00e9szei az esem\u00e9nyeknek.<\/p>\n\n\n\n<div class=\"wp-block-columns is-layout-flex wp-container-core-columns-is-layout-87beb0d0 wp-block-columns-is-layout-flex\">\n<div class=\"wp-block-column is-layout-flow wp-block-column-is-layout-flow\">\n<h3 class=\"wp-block-heading\">BME EGYETEMI NAPOK<\/h3>\n\n\n\n<p>Az\u00a0<a href=\"https:\/\/www.facebook.com\/egyeteminapok\/\" target=\"_blank\" rel=\"noreferrer noopener\">Egyetemi Napok<\/a>\u00a0a legnagyobb hallgat\u00f3i rendezv\u00e9ny az egyetemen, ahogy a neve is sugallja, nem kari, hanem egyetemi programr\u00f3l van sz\u00f3. Az Egyetemi Napok tulajdonk\u00e9ppen egy mini fesztiv\u00e1l szeptember v\u00e9g\u00e9n, minden sz\u00fcks\u00e9ges kell\u00e9kkel, koncertekkel, party s\u00e1torral, p\u00e1linka k\u00f3stol\u00f3val, civil programokkal.<\/p>\n\n\n\n<p>Az Egyetemi Napok sz\u00ednpad\u00e1n a magyar k\u00f6nny\u0171zenei \u00e9let kr\u00e9mje rendszeres vend\u00e9g, t\u00f6bbek k\u00f6zt fell\u00e9pett m\u00e1r a Republic, a Kisp\u00e1l \u00e9s a Borz, a Tankcsapda, a Bikini, a Kiscsillag, a Cs\u00edk Zenekar, Azahriah \u00e9s Korda Gy\u00f6rgy is, de fordult m\u00e1r meg itt igazi vil\u00e1gszt\u00e1r is a Scooter szem\u00e9ly\u00e9ben.<\/p>\n\n\n\n<p>Mindemellett a jelent\u0151sebb hallgat\u00f3i szervezetek is bemutatkoznak, minden \u00e9vben megtal\u00e1lhat\u00f3 a\u00a0<a href=\"https:\/\/simonyi.bme.hu\/\" target=\"_blank\" rel=\"noreferrer noopener\">Simonyi K\u00e1roly Szakkoll\u00e9gium<\/a>\u00a0\u00e9s a\u00a0<a href=\"http:\/\/frt.bme.hu\/\" target=\"_blank\" rel=\"noreferrer noopener\">BME Formula Racing Team<\/a>.<\/p>\n\n\n\n<p><\/p>\n\n\n\n<p>BME SPORTNAP<\/p>\n\n\n\n<p>A sportnap c\u00e9lja, hogy megmozgassa az egyetemi hallgat\u00f3s\u00e1got. Kisebb-nagyobb csapatokba t\u00f6m\u00f6r\u00fclve k\u00fcl\u00f6nb\u00f6z\u0151 sport\u00e1gakban zajlik a verseng\u00e9s, t\u00f6bbek k\u00f6z\u00f6tt labdar\u00fag\u00e1sban, streetballban, kidob\u00f3sban, asztaliteniszben \u00e9s csocs\u00f3ban.<\/p>\n\n\n\n<p>A sportnap a n\u00e9zel\u0151d\u0151k sz\u00e1m\u00e1ra is tartogat sz\u00f3rakoz\u00e1si lehet\u0151s\u00e9get, n\u00e9h\u00e1ny \u00e9lm\u00e9nysportot \u2013 mint p\u00e9ld\u00e1ul, rekesz\u00e9p\u00edt\u00e9s, lasertag \u00e9s falm\u00e1sz\u00e1s \u2013 ingyenesen lehet ki pr\u00f3b\u00e1lni, \u00e9s \u00faj sportokkal lehet ismerkedni a bemutat\u00f3k keret\u00e9ben.<\/p>\n\n\n\n<p>A karok k\u00f6zti vet\u00e9lked\u0151n az egyes karokat k\u00e9pvisel\u0151 csapatok m\u00e9rik \u00f6ssze erej\u00fcket k\u00fcl\u00f6nb\u00f6z\u0151 feladatokban. <\/p>\n<\/div>\n\n\n\n<div class=\"wp-block-column is-layout-flow wp-block-column-is-layout-flow\">\n<h3 class=\"wp-block-heading\">SCH\u00d6NHERZ QPA<\/h3>\n\n\n\n<p>A Sch\u00f6nherz Qpa jelenti n\u00e1lunk a kari napokat. Napokr\u00f3l besz\u00e9l\u00fcnk, de ez az esem\u00e9ny t\u00f6bb mint 50 \u00e9ves l\u00e9tez\u00e9se sor\u00e1n egyszer\u0171 d\u00e9lut\u00e1ni vet\u00e9lked\u0151b\u0151l egy gyakorlatilag\u00a0<strong>k\u00e9t h\u00e9tig tart\u00f3 rendezv\u00e9nny\u00e9 v\u00e1lt<\/strong>, a lehet\u0151 legsz\u00ednesebb programokkal.<\/p>\n\n\n\n<p>A Qp\u00e1t minden \u00e9vben az el\u0151z\u0151 nyertes csapat rendezi. \u0150k tal\u00e1lj\u00e1k ki a t\u00e9m\u00e1t is \u2013 p\u00e9ld\u00e1ul&nbsp; Szikla \u00e9s Zs\u00f6mle, Vadnyugati, K\u00e1osz \u00e9s Pl\u00fcsstraktor \u2013, mely meghat\u00e1rozza a Qpa szellem\u00e9t. Minden \u00e9vben vannak a Qpa t\u00e9m\u00e1j\u00e1hoz k\u00f6t\u0151d\u0151 feladatok \u2013 p\u00e9ld\u00e1ul a J\u00f3munk\u00e1sember Qp\u00e1n a \u201eTermeljetek min\u00e9l t\u00f6bbet\u201d feladat \u2013, de ezek mellett a m\u00e1r megszokott, hagyom\u00e1nyoss\u00e1 v\u00e1lt programok is megtal\u00e1lhat\u00f3k, mint a&nbsp;<strong>Sch\u00f6nherz t\u00fara<\/strong>&nbsp;a H\u0171v\u00f6sv\u00f6lgyben, a&nbsp;<strong>Vid\u00e9ki \u00e9s a V\u00e1rosi Nap<\/strong>&nbsp;vagy a&nbsp;<strong>M\u00e1trix<\/strong>. A M\u00e1trix a Qpa tal\u00e1n legl\u00e1tv\u00e1nyosabb feladata, amikor a L\u00e1gym\u00e1nyosi- h\u00edd t\u00f6lt\u00e9s\u00e9n \u00fclve egy\u00fctt n\u00e9zz\u00fck meg a koll\u00e9gium fal\u00e1ra sz\u00ednes LED-ek seg\u00edts\u00e9g\u00e9vel kivet\u00edtett, a csapatok \u00e1ltal k\u00e9sz\u00edtett vide\u00f3kat.<\/p>\n\n\n\n<p>A Qpa els\u0151 hete az El\u0151feladatok\u00e9. A csapatoknak egy hete van leadni a kiadott feladatokat pl.: csapatn\u00e9v kital\u00e1l\u00e1sa,&nbsp;<strong>SchOscar vide\u00f3 k\u00e9sz\u00edt\u00e9se<\/strong>&nbsp;vagy a csapat log\u00f3j\u00e1nak felfest\u00e9se a Sch\u00f6nherz k\u00f6r\u00e9, melyek sz\u00ednesebb\u00e9 \u00e9s vid\u00e1mabb\u00e1 teszik a koll\u00e9gium k\u00f6rnyezet\u00e9t.<\/p>\n\n\n\n<p>A m\u00e1sodik h\u00e9ten van t\u00e9nylegesen a Qpa.&nbsp;Ekkorra m\u00e1r a szervez\u0151k fel\u00e1ll\u00edtanak egy Qpa- helysz\u00ednt, a Sch\u00f6nherz Koll\u00e9giumban \u00e9s k\u00f6rny\u00e9k\u00e9n, ahov\u00e1 minden Qp\u00e1z\u00f3 bemehet. Ezen a h\u00e9ten m\u00e1r napk\u00f6zben \u00e9rdekesebbn\u00e9l \u00e9rdekesebb beadand\u00f3 feladatokat kapnak a csapatok, illetve est\u00e9nk\u00e9nt k\u00fcl\u00f6nb\u00f6z\u0151&nbsp;<strong>bulikon<\/strong>&nbsp;\u00e9s&nbsp;<strong>koncerteken<\/strong>&nbsp;lehet kikapcsol\u00f3dni. Egyik \u00e9vben p\u00e9ld\u00e1ul&nbsp;<strong>Zsel\u00e9-party<\/strong>&nbsp;volt, ahol a csapatok a min\u00e9l extr\u00e9mebb frizur\u00e1val val\u00f3 megjelen\u00e9s\u00e9rt kaphattak pontokat. A Qpa elhagyhatatlan r\u00e9sz\u00e9t k\u00e9pzi a&nbsp;<strong>Casanova-b\u00e1l<\/strong>&nbsp;is, ahol a karunkhoz m\u00e9rten meglehet\u0151sen nagy a n\u0151i nem ar\u00e1nya, mivel a \u201efeladat\u201d az, hogy a csapatok a lehet\u0151 legt\u00f6bb l\u00e1nyt vigy\u00e9k el a b\u00e1lra. De ha m\u00e1r legekr\u0151l van sz\u00f3, ott a&nbsp;<strong>100-as s\u00f6rv\u00e1lt\u00f3<\/strong>&nbsp;is, melyben Guiness-rekorderek vagyunk.<\/p>\n\n\n\n<p>K\u00e9t h\u00e9t ut\u00e1n a Qpa z\u00e1r\u00e1sak\u00e9nt a SKUBU el\u0151tt (<strong>Sch\u00f6nherz Qpa Ut\u00e1ni Buli<\/strong>) kihirdetik a nyertes csapatot, aki a Sch\u00f6nherz v\u00e1ndorkupa mell\u00e9 azt a megtisztel\u0151 feladatot kapja, hogy k\u00f6vetkez\u0151 \u00e9vben megrendezheti a Qp\u00e1t. <\/p>\n<\/div>\n<\/div>\n<\/div>\n<\/div>\n<\/div>\n\n\n\n<div class=\"wp-block-cover alignfull is-light has-parallax\" style=\"padding-top:var(--wp--preset--spacing--50);padding-right:var(--wp--preset--spacing--50);padding-bottom:var(--wp--preset--spacing--50);padding-left:var(--wp--preset--spacing--50);min-height:100vh;aspect-ratio:unset;\"><span aria-hidden=\"true\" class=\"wp-block-cover__background has-base-background-color has-background-dim-0 has-background-dim\"><\/span><div class=\"wp-block-cover__image-background wp-image-201 has-parallax\" style=\"background-position:50% 50%;background-image:url(https:\/\/felvi-teszt.vik.bme.hu\/wp-content\/uploads\/2024\/07\/revtelen.jpg)\"><\/div><div class=\"wp-block-cover__inner-container has-global-padding is-layout-constrained wp-container-core-cover-is-layout-e4fd886c wp-block-cover-is-layout-constrained\">\n<div style=\"height:500px\" aria-hidden=\"true\" class=\"wp-block-spacer\"><\/div>\n<\/div><\/div>\n\n\n\n<div class=\"wp-block-group alignfull has-base-2-background-color has-background has-global-padding is-layout-constrained wp-container-core-group-is-layout-0f9e5a71 wp-block-group-is-layout-constrained\" style=\"margin-top:0;margin-bottom:0;padding-top:0;padding-right:var(--wp--preset--spacing--60);padding-bottom:0;padding-left:var(--wp--preset--spacing--60)\">\n<div class=\"wp-block-group alignwide is-layout-flow wp-block-group-is-layout-flow\">\n<figure class=\"wp-block-embed is-type-video is-provider-youtube wp-block-embed-youtube wp-embed-aspect-16-9 wp-has-aspect-ratio\" style=\"margin-top:var(--wp--preset--spacing--40);margin-bottom:var(--wp--preset--spacing--40)\"><div class=\"wp-block-embed__wrapper\">\n<iframe loading=\"lazy\" title=\"Sch\u00f6nherz M\u00e1trix k\u00f6zvet\u00edt\u00e9s 2018\" width=\"500\" height=\"281\" src=\"https:\/\/www.youtube.com\/embed\/-CmxG903aKs?feature=oembed\" frameborder=\"0\" allow=\"accelerometer; autoplay; clipboard-write; encrypted-media; gyroscope; picture-in-picture; web-share\" referrerpolicy=\"strict-origin-when-cross-origin\" allowfullscreen><\/iframe>\n<\/div><figcaption class=\"wp-element-caption\">Sch\u00f6nherz M\u00e1trix k\u00f6zvet\u00edt\u00e9s a Budav\u00e1ri Sch\u00f6nherz St\u00fadi\u00f3t\u00f3l<\/figcaption><\/figure>\n<\/div>\n<\/div>\n\n\n\n<h3 class=\"wp-block-heading\" style=\"margin-top:var(--wp--preset--spacing--30);margin-bottom:var(--wp--preset--spacing--30)\">EGY\u00c9B RENDEZV\u00c9NYEK<\/h3>\n\n\n\n<p>A k\u00e9t nagy rendezv\u00e9nyen k\u00edv\u00fcl is akadnak kikapcsol\u00f3d\u00e1si lehet\u0151s\u00e9gek b\u0151s\u00e9gesen, a k\u00fcl\u00f6nb\u00f6z\u0151 \u00f6ntev\u00e9keny k\u00f6r\u00f6k kisebb-nagyobb programjai szinte egym\u00e1st \u00e9rik a&nbsp;<a href=\"https:\/\/sch.bme.hu\/\" target=\"_blank\" rel=\"noreferrer noopener\">Sch\u00f6nherz Koll\u00e9giumban<\/a>.<\/p>\n","protected":false},"excerpt":{"rendered":"<p>Szemelv\u00e9nyek a VIK \u00e9let\u00e9b\u0151l Az egyetemi mindennapokat v\u00e1ltozatos hallgat\u00f3i rendezv\u00e9nyek sz\u00ednes\u00edtik. A legnagyobb rendezv\u00e9ny az Egyetemi Napok, egy val\u00f3di fesztiv\u00e1l koncertekkel \u00e9s civil programokkal, m\u00e9gis a legt\u00f6bben tal\u00e1n a kari napokk\u00e9nt funkcion\u00e1l\u00f3 Sch\u00f6nherz Qp\u00e1t v\u00e1rj\u00e1k a legjobban. Mert musz\u00e1j n\u00e9ha kikapcsolni. Az egyetemi mindennapokat v\u00e1ltozatos hallgat\u00f3i rendezv\u00e9nyek sz\u00ednes\u00edtik. A legnagyobb rendezv\u00e9ny az&nbsp;Egyetemi Napok, egy&nbsp;val\u00f3di fesztiv\u00e1l&nbsp;koncertekkel [&hellip;]<\/p>\n","protected":false},"author":1,"featured_media":0,"parent":0,"menu_order":0,"comment_status":"closed","ping_status":"closed","template":"","meta":{"footnotes":""},"class_list":["post-195","page","type-page","status-publish","hentry"],"_links":{"self":[{"href":"https:\/\/felvi-teszt.vik.bme.hu\/index.php\/wp-json\/wp\/v2\/pages\/195","targetHints":{"allow":["GET"]}}],"collection":[{"href":"https:\/\/felvi-teszt.vik.bme.hu\/index.php\/wp-json\/wp\/v2\/pages"}],"about":[{"href":"https:\/\/felvi-teszt.vik.bme.hu\/index.php\/wp-json\/wp\/v2\/types\/page"}],"author":[{"embeddable":true,"href":"https:\/\/felvi-teszt.vik.bme.hu\/index.php\/wp-json\/wp\/v2\/users\/1"}],"replies":[{"embeddable":true,"href":"https:\/\/felvi-teszt.vik.bme.hu\/index.php\/wp-json\/wp\/v2\/comments?post=195"}],"version-history":[{"count":6,"href":"https:\/\/felvi-teszt.vik.bme.hu\/index.php\/wp-json\/wp\/v2\/pages\/195\/revisions"}],"predecessor-version":[{"id":521,"href":"https:\/\/felvi-teszt.vik.bme.hu\/index.php\/wp-json\/wp\/v2\/pages\/195\/revisions\/521"}],"wp:attachment":[{"href":"https:\/\/felvi-teszt.vik.bme.hu\/index.php\/wp-json\/wp\/v2\/media?parent=195"}],"curies":[{"name":"wp","href":"https:\/\/api.w.org\/{rel}","templated":true}]}}