{"id":164,"date":"2024-07-02T13:23:50","date_gmt":"2024-07-02T13:23:50","guid":{"rendered":"https:\/\/felvi-teszt.vik.bme.hu\/?page_id=164"},"modified":"2024-07-10T09:00:03","modified_gmt":"2024-07-10T09:00:03","slug":"msc-urmernok","status":"publish","type":"page","link":"https:\/\/felvi-teszt.vik.bme.hu\/index.php\/msc-urmernok\/","title":{"rendered":"MSc \u0170rm\u00e9rn\u00f6k"},"content":{"rendered":"\n<div class=\"wp-block-group alignfull has-base-color has-contrast-background-color has-text-color has-background has-global-padding is-layout-constrained wp-container-core-group-is-layout-5ef3a871 wp-block-group-is-layout-constrained\" style=\"margin-top:0;margin-bottom:0;padding-top:var(--wp--preset--spacing--20);padding-right:var(--wp--preset--spacing--60);padding-bottom:var(--wp--preset--spacing--20);padding-left:var(--wp--preset--spacing--60)\">\n<div class=\"wp-block-group has-global-padding is-layout-constrained wp-block-group-is-layout-constrained\">\n<p style=\"margin-top:var(--wp--preset--spacing--20);margin-bottom:var(--wp--preset--spacing--20)\"><strong><strong>A hazai \u0171rm\u00e9rn\u00f6k k\u00e9pz\u00e9s c\u00e9lja olyan fels\u0151fok\u00fa ismeretekkel rendelkez\u0151 m\u0171szaki szakemberek k\u00e9pz\u00e9se, akik az \u0171rtechnol\u00f3gi\u00e1hoz, \u0171rkutat\u00e1shoz kapcsol\u00f3d\u00f3, els\u0151sorban m\u00e9rn\u00f6ki jelleg\u0171 tervez\u00e9si, fejleszt\u00e9si, gy\u00e1rt\u00e1si \u00e9s \u00fczemeltet\u00e9si feladatokat k\u00e9pesek ell\u00e1tni. A k\u00e9pz\u00e9st elv\u00e9gzetteknek lehet\u0151s\u00e9g\u00fck van a szakter\u00fcleten kutat\u00e1si-fejleszt\u00e9si feladatok ell\u00e1t\u00e1s\u00e1ra, koordin\u00e1l\u00e1s\u00e1ra, alap- \u00e9s alkalmazott kutat\u00e1si feladatok kidolgoz\u00e1s\u00e1ban val\u00f3 r\u00e9szv\u00e9telre, tanulm\u00e1nyaik PhD k\u00e9pz\u00e9s keret\u00e9ben val\u00f3 folytat\u00e1s\u00e1ra<\/strong><\/strong>.<\/p>\n\n\n\n<figure class=\"wp-block-image size-full is-style-rounded is-style-rounded--1\"><img loading=\"lazy\" decoding=\"async\" width=\"710\" height=\"474\" src=\"http:\/\/felvi-teszt.vik.bme.hu\/wp-content\/uploads\/2024\/07\/antenna.jpeg\" alt=\"\" class=\"wp-image-448\"\/><\/figure>\n\n\n\n<p style=\"margin-top:var(--wp--preset--spacing--20);margin-bottom:var(--wp--preset--spacing--20)\">Az MSc k\u00e9pz\u00e9s term\u00e9szettudom\u00e1nyos ismeretek \u00e9s \u0171rm\u00e9rn\u00f6ki szakmai ismeretek r\u00e9szekb\u0151l \u00e1ll, melyeket k\u00f6telez\u0151en \u00e9s szabadon v\u00e1laszthat\u00f3 tant\u00e1rgyak \u00e9s gazdas\u00e1gi-hum\u00e1n ismeretek eg\u00e9sz\u00edtenek ki.<\/p>\n\n\n\n<p style=\"margin-top:var(--wp--preset--spacing--20);margin-bottom:var(--wp--preset--spacing--20)\">Az \u0171rm\u00e9rn\u00f6ki MSc k\u00e9pz\u00e9sben jelenleg nincsenek sem szakir\u00e1nyok, sem specializ\u00e1ci\u00f3k. A k\u00e9pz\u00e9sben el\u0151\u00edrt szakmai ismeretek \u00e1tad\u00e1sa minden hallgat\u00f3 sz\u00e1m\u00e1ra megval\u00f3sul a k\u00f6telez\u0151 tant\u00e1rgyak elv\u00e9gz\u00e9se sor\u00e1n, ugyanakkor a k\u00e9pz\u00e9si programban a k\u00f6telez\u0151en \u00e9s szabadon v\u00e1laszthat\u00f3 t\u00e1rgyak seg\u00edtik a hallgat\u00f3kat abban, hogy kor\u00e1bbi alapk\u00e9pz\u00e9s\u00fcknek \u00e9s \u00e9rdekl\u0151d\u00e9si k\u00f6r\u00fcknek megfelel\u0151en bizonyos szakmai ismeretekben jobban el tudjanak m\u00e9ly\u00fclni. A hallgat\u00f3k tanulm\u00e1nyaik sor\u00e1n a k\u00e9t f\u00e9l\u00e9ves projektlaborat\u00f3rium tant\u00e1rgy keret\u00e9ben egy v\u00e1lasztott oktat\u00f3 t\u00e1mogat\u00e1s\u00e1val egy-egy tansz\u00e9k munk\u00e1j\u00e1ba szorosabban bekapcsol\u00f3dnak, tanulm\u00e1nyaik szerves r\u00e9sze a tansz\u00e9k szakmai tev\u00e9kenys\u00e9geiben, projektjeiben val\u00f3 r\u00e9szv\u00e9tel. Ennek folytat\u00e1sa a szint\u00e9n k\u00e9t f\u00e9l\u00e9ves diplomatervez\u00e9s, amely lehet a projektlaborat\u00f3rium t\u00e9m\u00e1j\u00e1nak a folytat\u00e1sa, vagy m\u00e1s v\u00e1lasztott t\u00e9ma kidolgoz\u00e1sa oktat\u00f3i t\u00e1mogat\u00e1ssal.<\/p>\n\n\n\n<p style=\"margin-top:var(--wp--preset--spacing--10);margin-bottom:var(--wp--preset--spacing--10)\">A k\u00e9pz\u00e9s hallgat\u00f3i sz\u00e1m\u00e1ra a diploma megszerz\u00e9s\u00e9nek felt\u00e9tele egy legal\u00e1bb 4 hetes szakmai gyakorlat sikeres teljes\u00edt\u00e9se is.<\/p>\n\n\n\n<div style=\"height:16px\" aria-hidden=\"true\" class=\"wp-block-spacer\"><\/div>\n<\/div>\n\n\n\n<div class=\"wp-block-cover alignfull has-parallax is-repeated has-aspect-ratio\" style=\"border-style:none;border-width:0px;border-radius:46px;margin-top:0;margin-bottom:0;padding-top:var(--wp--preset--spacing--50);padding-right:var(--wp--preset--spacing--50);padding-bottom:var(--wp--preset--spacing--50);padding-left:var(--wp--preset--spacing--50);min-height:30vh;aspect-ratio:auto;min-height:unset;\"><span aria-hidden=\"true\" class=\"wp-block-cover__background has-base-background-color has-background-dim-0 has-background-dim\"><\/span><div class=\"wp-block-cover__image-background wp-image-449 has-parallax is-repeated\" style=\"background-position:50% 50%;background-image:url(https:\/\/felvi-teszt.vik.bme.hu\/wp-content\/uploads\/2024\/07\/muhold2.jpg)\"><\/div><div class=\"wp-block-cover__inner-container has-global-padding is-layout-constrained wp-container-core-cover-is-layout-746d3924 wp-block-cover-is-layout-constrained\">\n<p class=\"has-text-align-center has-large-font-size\" style=\"margin-right:0;margin-left:0;padding-top:0;padding-right:0;padding-bottom:0;padding-left:0\">&#8222;Space, the final frontier&#8230;&#8221;<\/p>\n<\/div><\/div>\n\n\n\n<p style=\"margin-top:var(--wp--preset--spacing--20);margin-bottom:var(--wp--preset--spacing--20)\">A mesterszak tantervi h\u00e1l\u00f3ja k\u00e9t v\u00e1ltozatban k\u00e9sz\u00fcl el annak \u00e9rdek\u00e9ben, hogy a tanulm\u00e1nyok a tavaszi \u00e9s az \u0151szi f\u00e9l\u00e9vben is megkezdhet\u0151k legyenek oly m\u00f3don, hogy a tant\u00e1rgyakat ne kelljen mindk\u00e9t f\u00e9l\u00e9vben meghirdetni. Ezzel biztos\u00edtani tudjuk, hogy a BSc k\u00e9pz\u00e9st 7 (ill. p\u00e1ratlan sz\u00e1m\u00fa) f\u00e9l\u00e9v alatt teljes\u00edt\u0151 hallgat\u00f3k f\u00e9l\u00e9vkihagy\u00e1s n\u00e9lk\u00fcl megkezdj\u00e9k MSc tanulm\u00e1nyaikat.<\/p>\n\n\n\n<p class=\"has-base-2-color has-text-color has-link-color wp-elements-661cb857a06d115a8a37bba340f9d165\" style=\"margin-top:var(--wp--preset--spacing--20);margin-bottom:var(--wp--preset--spacing--20)\"><strong>Tov\u00e1bbi inform\u00e1ci\u00f3k a szak <a href=\"https:\/\/www.vik.bme.hu\/hallgatoknak\/mesterkepzes\/urmernoki-szak\/\">honlapj\u00e1n<\/a>!<\/strong><\/p>\n<\/div>\n","protected":false},"excerpt":{"rendered":"<p>A hazai \u0171rm\u00e9rn\u00f6k k\u00e9pz\u00e9s c\u00e9lja olyan fels\u0151fok\u00fa ismeretekkel rendelkez\u0151 m\u0171szaki szakemberek k\u00e9pz\u00e9se, akik az \u0171rtechnol\u00f3gi\u00e1hoz, \u0171rkutat\u00e1shoz kapcsol\u00f3d\u00f3, els\u0151sorban m\u00e9rn\u00f6ki jelleg\u0171 tervez\u00e9si, fejleszt\u00e9si, gy\u00e1rt\u00e1si \u00e9s \u00fczemeltet\u00e9si feladatokat k\u00e9pesek ell\u00e1tni. A k\u00e9pz\u00e9st elv\u00e9gzetteknek lehet\u0151s\u00e9g\u00fck van a szakter\u00fcleten kutat\u00e1si-fejleszt\u00e9si feladatok ell\u00e1t\u00e1s\u00e1ra, koordin\u00e1l\u00e1s\u00e1ra, alap- \u00e9s alkalmazott kutat\u00e1si feladatok kidolgoz\u00e1s\u00e1ban val\u00f3 r\u00e9szv\u00e9telre, tanulm\u00e1nyaik PhD k\u00e9pz\u00e9s keret\u00e9ben val\u00f3 folytat\u00e1s\u00e1ra. Az MSc [&hellip;]<\/p>\n","protected":false},"author":1,"featured_media":0,"parent":0,"menu_order":0,"comment_status":"closed","ping_status":"closed","template":"","meta":{"footnotes":""},"class_list":["post-164","page","type-page","status-publish","hentry"],"_links":{"self":[{"href":"https:\/\/felvi-teszt.vik.bme.hu\/index.php\/wp-json\/wp\/v2\/pages\/164","targetHints":{"allow":["GET"]}}],"collection":[{"href":"https:\/\/felvi-teszt.vik.bme.hu\/index.php\/wp-json\/wp\/v2\/pages"}],"about":[{"href":"https:\/\/felvi-teszt.vik.bme.hu\/index.php\/wp-json\/wp\/v2\/types\/page"}],"author":[{"embeddable":true,"href":"https:\/\/felvi-teszt.vik.bme.hu\/index.php\/wp-json\/wp\/v2\/users\/1"}],"replies":[{"embeddable":true,"href":"https:\/\/felvi-teszt.vik.bme.hu\/index.php\/wp-json\/wp\/v2\/comments?post=164"}],"version-history":[{"count":7,"href":"https:\/\/felvi-teszt.vik.bme.hu\/index.php\/wp-json\/wp\/v2\/pages\/164\/revisions"}],"predecessor-version":[{"id":451,"href":"https:\/\/felvi-teszt.vik.bme.hu\/index.php\/wp-json\/wp\/v2\/pages\/164\/revisions\/451"}],"wp:attachment":[{"href":"https:\/\/felvi-teszt.vik.bme.hu\/index.php\/wp-json\/wp\/v2\/media?parent=164"}],"curies":[{"name":"wp","href":"https:\/\/api.w.org\/{rel}","templated":true}]}}