{"id":114,"date":"2024-07-02T12:30:28","date_gmt":"2024-07-02T12:30:28","guid":{"rendered":"https:\/\/felvi-teszt.vik.bme.hu\/?page_id=114"},"modified":"2024-07-08T19:53:41","modified_gmt":"2024-07-08T19:53:41","slug":"bsc-kepzeseink","status":"publish","type":"page","link":"https:\/\/felvi-teszt.vik.bme.hu\/index.php\/bsc-kepzeseink\/","title":{"rendered":"BSc k\u00e9pz\u00e9seink"},"content":{"rendered":"\n<div class=\"wp-block-group alignwide has-global-padding is-layout-constrained wp-block-group-is-layout-constrained\">\n<h1 class=\"wp-block-heading alignwide has-large-font-size\" style=\"line-height:1.2\"><em>A karon k\u00e9t BSc szakot tal\u00e1lsz, a villamosm\u00e9rn\u00f6k \u00e9s a m\u00e9rn\u00f6kinformatikus k\u00e9pz\u00e9st. Ha nem tudod, hogy ezek mit is jelentenek pontosan, vagy nem tudsz d\u00f6nteni a k\u00e9t szak k\u00f6z\u00f6tt, esetleg m\u00e1s karok vagy int\u00e9zm\u00e9nyek \u00e9s a VIK k\u00f6z\u00f6tt vacill\u00e1lsz, felt\u00e9tlen olvasd el al\u00e1bbi \u00edr\u00e1sainkat. Ha net\u00e1n mindezek ut\u00e1n is bizonytalan lenn\u00e9l, l\u00e1togass meg minket, pillants be mindennapjainkba!<\/em><\/h1>\n<\/div>\n\n\n\n<div class=\"wp-block-group alignfull has-global-padding is-layout-constrained wp-container-core-group-is-layout-8fa2000b wp-block-group-is-layout-constrained\" style=\"padding-top:var(--wp--preset--spacing--30);padding-right:var(--wp--preset--spacing--50);padding-bottom:0;padding-left:var(--wp--preset--spacing--50)\">\n<div class=\"wp-block-columns alignwide is-layout-flex wp-container-core-columns-is-layout-ff4b9c61 wp-block-columns-is-layout-flex\" style=\"margin-top:0;margin-bottom:0\">\n<div class=\"wp-block-column is-layout-flow wp-container-core-column-is-layout-8a368f38 wp-block-column-is-layout-flow\">\n<figure class=\"wp-block-image size-full is-style-rounded is-style-rounded--1\"><img loading=\"lazy\" decoding=\"async\" width=\"250\" height=\"250\" src=\"http:\/\/felvi-teszt.vik.bme.hu\/wp-content\/uploads\/2024\/07\/BSC_kepzes_1.jpg\" alt=\"\" class=\"wp-image-256\"\/><\/figure>\n<\/div>\n\n\n\n<div class=\"wp-block-column is-layout-flow wp-container-core-column-is-layout-8736a895 wp-block-column-is-layout-flow\" style=\"padding-top:0\">\n<figure class=\"wp-block-image size-full is-style-rounded is-style-rounded--2\"><img loading=\"lazy\" decoding=\"async\" width=\"250\" height=\"250\" src=\"http:\/\/felvi-teszt.vik.bme.hu\/wp-content\/uploads\/2024\/07\/BSC_kepzes_2.jpg\" alt=\"\" class=\"wp-image-255\"\/><\/figure>\n<\/div>\n\n\n\n<div class=\"wp-block-column is-layout-flow wp-container-core-column-is-layout-8a368f38 wp-block-column-is-layout-flow\">\n<figure class=\"wp-block-image size-full is-style-rounded is-style-rounded--3\"><img loading=\"lazy\" decoding=\"async\" width=\"250\" height=\"250\" src=\"http:\/\/felvi-teszt.vik.bme.hu\/wp-content\/uploads\/2024\/07\/BSC_kepzes_3.jpg\" alt=\"\" class=\"wp-image-254\"\/><\/figure>\n<\/div>\n\n\n\n<div class=\"wp-block-column is-layout-flow wp-container-core-column-is-layout-8736a895 wp-block-column-is-layout-flow\" style=\"padding-top:0\">\n<figure class=\"wp-block-image size-full is-style-rounded is-style-rounded--4\"><img loading=\"lazy\" decoding=\"async\" width=\"250\" height=\"250\" src=\"http:\/\/felvi-teszt.vik.bme.hu\/wp-content\/uploads\/2024\/07\/BSC_kepzes_4.jpg\" alt=\"\" class=\"wp-image-257\"\/><\/figure>\n<\/div>\n<\/div>\n\n\n\n<p class=\"has-heading-font-family has-large-font-size\" style=\"margin-top:var(--wp--preset--spacing--30)\">Az al\u00e1bbi linkeken el\u00e9rheted a BSc szakjaink r\u00e9szletes bemutat\u00f3j\u00e1t.<\/p>\n\n\n\n<p><\/p>\n\n\n\n<ul class=\"wp-block-list\">\n<li style=\"margin-top:var(--wp--preset--spacing--20);margin-bottom:var(--wp--preset--spacing--20)\" class=\"has-heading-font-family has-large-font-size\"><a href=\"https:\/\/felvi-teszt.vik.bme.hu\/index.php\/bsc-villamosmernok\/\" data-type=\"link\" data-id=\"https:\/\/felvi-teszt.vik.bme.hu\/index.php\/bsc-villamosmernok\/\" target=\"_blank\" rel=\"noreferrer noopener\">BSc VILLAMOSM\u00c9RN\u00d6K<\/a> | <a href=\"http:\/\/felvi-teszt.vik.bme.hu\/wp-content\/uploads\/2024\/07\/szak-1-VILLAMOS-compressed.pdf\" data-type=\"link\" data-id=\"http:\/\/felvi-teszt.vik.bme.hu\/wp-content\/uploads\/2024\/07\/szak-1-VILLAMOS-compressed.pdf\" target=\"_blank\" rel=\"noreferrer noopener\">FLYER<\/a><\/li>\n\n\n\n<li style=\"margin-top:var(--wp--preset--spacing--20);margin-bottom:var(--wp--preset--spacing--20)\" class=\"has-heading-font-family has-large-font-size\"><a href=\"https:\/\/felvi-teszt.vik.bme.hu\/index.php\/bsc-mernokinformatikus\/\" data-type=\"link\" data-id=\"https:\/\/felvi-teszt.vik.bme.hu\/index.php\/bsc-mernokinformatikus\/\" target=\"_blank\" rel=\"noreferrer noopener\">BSc M\u00c9RN\u00d6KINFORMATIKUS<\/a> | <a href=\"http:\/\/felvi-teszt.vik.bme.hu\/wp-content\/uploads\/2024\/07\/szak-2-MERNOK-INFORMATIKUS-compressed.pdf\" data-type=\"link\" data-id=\"http:\/\/felvi-teszt.vik.bme.hu\/wp-content\/uploads\/2024\/07\/szak-2-MERNOK-INFORMATIKUS-compressed.pdf\" target=\"_blank\" rel=\"noreferrer noopener\">FLYER<\/a><div id=\"elementor-tab-title-1742\" class=\"elementor-tab-title\" data-tab=\"2\" role=\"button\" aria-controls=\"elementor-tab-content-1742\" aria-expanded=\"false\"><\/div><div id=\"elementor-tab-title-1742\" class=\"elementor-tab-title\" data-tab=\"2\" role=\"button\" aria-controls=\"elementor-tab-content-1742\" aria-expanded=\"false\"><\/div><div id=\"elementor-tab-title-1742\" class=\"elementor-tab-title\" data-tab=\"2\" role=\"button\" aria-controls=\"elementor-tab-content-1742\" aria-expanded=\"false\">\t\t\t\t\t<\/div><\/li>\n<\/ul>\n\n\n\n<p class=\"has-heading-font-family has-medium-font-size\" style=\"margin-bottom:var(--wp--preset--spacing--20)\">Az al\u00e1bbi seg\u00e9danyagokat az\u00e9rt szedt\u00fck \u00f6ssze, hogy t\u00e1j\u00e9koz\u00f3dhass a k\u00fcl\u00f6nb\u00f6z\u0151 szakok k\u00f6z\u00f6tti k\u00fcl\u00f6nbs\u00e9gekben, hogy tiszt\u00e1zd a javasolt felk\u00e9sz\u00fcl\u00e9s r\u00e9szleteit, \u00e9s az idegen nyelv\u0171 oktat\u00e1sba is bepillant\u00e1st nyerhess.<\/p>\n<\/div>\n\n\n\n<details class=\"wp-block-details is-layout-flow wp-block-details-is-layout-flow\" style=\"margin-top:var(--wp--preset--spacing--10);margin-bottom:var(--wp--preset--spacing--10)\"><summary>SZAKOK \u00d6SSZEHASONL\u00cdT\u00c1SA<\/summary>\n<p><\/p>\n\n\n\n<p style=\"margin-top:var(--wp--preset--spacing--20);margin-bottom:var(--wp--preset--spacing--20)\"><em><strong>Bizonytalan vagy, hogy melyik szak lenne a legmegfelel\u0151bb sz\u00e1modra, esetleg m\u00e1s int\u00e9zm\u00e9ny hasonl\u00f3 k\u00e9pz\u00e9sei \u00e9s a BME k\u00f6z\u00f6tt nem tudsz d\u00f6nteni? Akkor mindenk\u00e9ppen olvass tov\u00e1bb, hogy megtal\u00e1ld v\u00e1laszokat a k\u00e9rd\u00e9seidre.<\/strong><\/em><\/p>\n\n\n\n<p><\/p>\n\n\n\n<h5 class=\"wp-block-heading\" style=\"margin-top:var(--wp--preset--spacing--10);margin-bottom:var(--wp--preset--spacing--10)\">M\u00c9RN\u00d6KINFORMATIKUS VAGY VILLAMOSM\u00c9RN\u00d6K?<\/h5>\n\n\n\n<p>A Villamosm\u00e9rn\u00f6ki \u00e9s Informatikai Kar k\u00e9t alapszakja, a&nbsp;<strong>villamosm\u00e9rn\u00f6k<\/strong>&nbsp;\u00e9s a&nbsp;<strong>m\u00e9rn\u00f6kinformatikus<\/strong>&nbsp;k\u00e9pz\u00e9s sok hasonl\u00f3s\u00e1ggal rendelkezik, \u00edgy sokak sz\u00e1m\u00e1ra els\u0151re neh\u00e9znek t\u0171nhet a v\u00e1laszt\u00e1s. Mindk\u00e9t szak eset\u00e9n fel kell k\u00e9sz\u00fcln\u00f6d arra, hogy magas szinten fogod tanulni a matematik\u00e1t, \u00e9s ahogy a villamosm\u00e9rn\u00f6k\u00f6k sem ker\u00fclhetik el a programoz\u00e1si ismeretek elsaj\u00e1t\u00edt\u00e1s\u00e1t, \u00fagy az informatikusok is fognak elektronikai ismereteket szerezni. Mindemellett mindk\u00e9t szakon elsaj\u00e1t\u00edthatod azt a m\u00e9rn\u00f6ki gondolkod\u00e1sm\u00f3dot, mely alkalmass\u00e1 tesz gyors probl\u00e9mamegold\u00e1sra az \u00e9let minden ter\u00fclet\u00e9n.<\/p>\n\n\n\n<p>A d\u00f6nt\u00e9sed arra kell alapoznod, hogy miben szeretn\u00e9l ink\u00e1bb elm\u00e9ly\u00fclni. Alapvet\u0151en meg\u00e1llja a hely\u00e9t, hogy a villamosm\u00e9rn\u00f6k\u00f6k az elektromos, elektronikus eszk\u00f6z\u00f6k tervez\u00e9s\u00e9ben, m\u00edg az informatikusok a szoftveres megold\u00e1sok ter\u00e9n tesznek szert m\u00e9lyrehat\u00f3bb ismeretekre. A tov\u00e1bbi szakosod\u00e1si lehet\u0151s\u00e9gek is ezen ir\u00e1nyok ment\u00e9n fognak haladni.<\/p>\n\n\n\n<p>Ha a&nbsp;<strong>villamosm\u00e9rn\u00f6ki<\/strong>&nbsp;szakot v\u00e1lasztod, egyr\u00e9szt m\u00e9lyrehat\u00f3an megismerkedsz az&nbsp;<strong>elektromos jelens\u00e9gek fizikai alapjaival<\/strong>, ezek le\u00edr\u00e1s\u00e1nak lehet\u0151s\u00e9geivel, m\u00e1sr\u00e9szt megtanulhatsz \u00f6sszetett&nbsp;<strong>elektromos \u00e9s elektronikus rendszereket tervezni, programozni<\/strong>. Lehet\u0151s\u00e9ged lesz mind nagyg\u00e9pekr\u0151l, mind finom elektronikus eszk\u00f6z\u00f6kr\u0151l tanulni.<\/p>\n\n\n\n<p>A&nbsp;<strong>m\u00e9rn\u00f6kinformatikus szakon<\/strong>&nbsp;alapvet\u0151en a&nbsp;<strong>szoftverek, algoritmusok tervez\u00e9s\u00e9vel, ezek rendszerbe szervez\u00e9s\u00e9vel<\/strong>&nbsp;foglalkoz\u00f3 t\u00e1rgyakra kell sz\u00e1m\u00edtanod. Fontos tudni, hogy m\u00e9rn\u00f6k informatikusk\u00e9nt nem egyszer\u0171en programoz\u00e1s lesz a feladatod \u2013 k\u00e9pesnek kell lenned&nbsp;<strong>rendszereket alkotni, \u00e1tl\u00e1tni, tov\u00e1bbfejleszteni, modellezni<\/strong>.<\/p>\n\n\n\n<p>Mindk\u00e9t szakhoz sz\u00fcks\u00e9ged van szil\u00e1rd matematikai \u00e9s fizikai alapokra. Mindk\u00e9t szak v\u00e9gzett m\u00e9rn\u00f6kei a legkeresettebbek k\u00f6z\u00f6tt vannak a munkaer\u0151piacon. A d\u00f6nt\u00e9s v\u00e9g\u00fcl azon \u00e1ll, melyik ter\u00fclet felel meg legink\u00e1bb az \u00e9rdekl\u0151d\u00e9sednek.<\/p>\n\n\n\n<h5 class=\"wp-block-heading\" style=\"margin-top:var(--wp--preset--spacing--10);margin-bottom:var(--wp--preset--spacing--10)\">M\u0170SZAKI MENEDZSER VAGY M\u00c9RN\u00d6K?<\/h5>\n\n\n\n<p>A Villamosm\u00e9rn\u00f6ki \u00e9s Informatikai Kar szakjai \u00e9s a Gazdas\u00e1g- \u00e9s T\u00e1rsadalomtudom\u00e1nyi Kar m\u0171szaki menedzser szakja jelent\u0151sen elt\u00e9rnek egym\u00e1st\u00f3l. Az alapvet\u0151 k\u00fcl\u00f6nbs\u00e9g abban rejlik, hogy a <strong>villamosm\u00e9rn\u00f6k<\/strong>&nbsp;\u00e9s a&nbsp;<strong>m\u00e9rn\u00f6kinformatikus<\/strong>&nbsp;szak a szakter\u00fcletnek megfelel\u0151&nbsp;<strong>m\u0171szaki feladatok<\/strong>&nbsp;megold\u00e1s\u00e1hoz sz\u00fcks\u00e9ges m\u00e9rn\u00f6ki ismeretek \u00e1tad\u00e1s\u00e1ra t\u00f6rekszik, ellent\u00e9tben a&nbsp;<strong>m\u0171szaki menedzser<\/strong>&nbsp;szakkal, ami ink\u00e1bb&nbsp;<strong>gazdas\u00e1gi jelleg\u0171<\/strong>&nbsp;k\u00e9pz\u00e9st ny\u00fajt.<\/p>\n\n\n\n<p>A val\u00f3s\u00e1gban a k\u00e9p enn\u00e9l egy fokkal \u00e1rnyaltabb, a m\u00e9rn\u00f6ki szakok hallgat\u00f3i is tanulnak n\u00e9h\u00e1ny bevezet\u0151 jelleg\u0171 gazdas\u00e1gi illetve menedzsment tant\u00e1rgyat, \u00e9s a m\u0171szaki menedzser szakos hallgat\u00f3k is kapnak m\u00e9rn\u00f6ki alapokat.<\/p>\n\n\n\n<p>Ha els\u0151sorban a gazdas\u00e1gi folyamatok, szervezetvezet\u00e9s, menedzsment \u00e9rdekel, de mindemellett \u00e9rdekl\u0151dsz \u00e1ltal\u00e1ban v\u00e9ve a technikai \u00fajdons\u00e1gok ir\u00e1nt is, akkor j\u00f3 v\u00e1laszt\u00e1s lehet sz\u00e1modra a m\u0171szaki menedzser szak. Ezen a szakon a gazdas\u00e1gi ismeretek mellett a BME minden m\u00e9rn\u00f6ki k\u00e9pz\u00e9s\u00e9nek n\u00e9h\u00e1ny meghat\u00e1roz\u00f3 tant\u00e1rgy\u00e1t kell megtanulnod, hogy min\u00e9l k\u00f6nnyebben \u00e1tl\u00e1sd a m\u0171szaki folyamatok mozgat\u00f3rug\u00f3it, \u00e9s jobban meg\u00e9rtsd a m\u00e9rn\u00f6k\u00f6k technikai megold\u00e1sait.<\/p>\n\n\n\n<p>Akkor \u00e9rdemes a m\u00e9rn\u00f6ki szakok k\u00f6z\u00fcl v\u00e1logatnod, ha egy-egy szakter\u00fclet technikai k\u00e9rd\u00e9sei (pl. informatikai vagy elektronikai probl\u00e9m\u00e1k) \u00e9rdekelnek jobban. Mindez nem azt jelenti, hogy egy m\u00e9rn\u00f6k k\u00e9ptelen a gazdas\u00e1gi vil\u00e1gban t\u00e1j\u00e9koz\u00f3dni, hiszen rendk\u00edv\u00fcl fontos, hogy egy term\u00e9k \u2013 melyeket a m\u00e9rn\u00f6k\u00f6k terveznek \u2013 j\u00f3l eladhat\u00f3 legyen.<\/p>\n\n\n\n<p>A&nbsp;<strong>m\u00e9rn\u00f6ki k\u00e9pz\u00e9s<\/strong>&nbsp;sor\u00e1n az egyetem nem csak a szakmai ismereteket adja \u00e1t, hanem egy saj\u00e1tosan&nbsp;<strong>gyors tanul\u00e1si \u00e9s probl\u00e9mamegold\u00f3 k\u00e9pess\u00e9get<\/strong>&nbsp;is, melynek k\u00f6sz\u00f6nhet\u0151en sok m\u00e9rn\u00f6k nem tervez\u0151m\u00e9rn\u00f6kk\u00e9nt helyezkedik el, hanem m\u0171szaki ismereteket is ig\u00e9nyl\u0151 menedzseri \u00e1ll\u00e1st t\u00f6lt be.<\/p>\n\n\n\n<p>A m\u00e9rn\u00f6k hallgat\u00f3k k\u00f6z\u00fcl sokan \u2013 akiket a tanterv\u00fckben szerepl\u0151 gazdas\u00e1gi ismereteken t\u00fal jobban \u00e9rdekel ez a t\u00e9ma \u2013 eredeti szakjukkal p\u00e1rhuzamosan beiratkoznak a m\u0171szaki menedzser szakra is. Ford\u00edtva ez nem jellemz\u0151.<\/p>\n<\/details>\n\n\n\n<details class=\"wp-block-details is-layout-flow wp-block-details-is-layout-flow\" style=\"margin-top:var(--wp--preset--spacing--10);margin-bottom:var(--wp--preset--spacing--10)\"><summary>JAVASOLT FELK\u00c9SZ\u00dcL\u00c9S<\/summary>\n<p style=\"margin-top:var(--wp--preset--spacing--10);margin-bottom:var(--wp--preset--spacing--10)\"><em><strong>A Villamosm\u00e9rn\u00f6ki \u00e9s Informatikai Karon sz\u00e1mtalan izgalmas kih\u00edv\u00e1s v\u00e1r r\u00e1d, azonban nem \u00e1rt m\u00e1r a k\u00f6z\u00e9piskol\u00e1ban megfelel\u0151en k\u00e9sz\u00fclni, mert k\u00e9s\u0151bb komoly seg\u00edts\u00e9get jelent, ha gondosan v\u00e1lasztod meg a fakult\u00e1ci\u00f3s \u00e9s \u00e9retts\u00e9gi tant\u00e1rgyaidat.<\/strong><\/em><\/p>\n\n\n\n<p>Minden m\u00e9rn\u00f6ki tudom\u00e1ny alapja a&nbsp;<strong>matematika<\/strong>&nbsp;\u00e9s a&nbsp;<strong>fizika<\/strong>. Ha&nbsp;<a href=\"http:\/\/felvi.vik.bme.hu\/bsc-kepzes\/\" target=\"_blank\" rel=\"noreferrer noopener\">villamosm\u00e9rn\u00f6knek<\/a>&nbsp;k\u00e9sz\u00fclsz, akkor val\u00f3sz\u00edn\u0171leg nem \u00e9r majd nagy meglepet\u00e9s, \u00e1m a tapasztalatok szerint sokak sz\u00e1m\u00e1ra nem vil\u00e1gos, hogy mit is tan\u00edtanak a&nbsp;<a href=\"http:\/\/felvi.vik.bme.hu\/bsc-kepzes\/\" target=\"_blank\" rel=\"noreferrer noopener\">m\u00e9rn\u00f6kinformatikus<\/a>&nbsp;szakon. A BME-n tanul\u00f3 informatikusok ugyanazt a szeml\u00e9letm\u00f3dot saj\u00e1t\u00edtj\u00e1k el, mint az itt v\u00e9gzett villamos-, \u00e9p\u00edt\u0151- vagy g\u00e9p\u00e9szm\u00e9rn\u00f6k\u00f6k.&nbsp;<strong>M\u00e9rn\u00f6k\u00f6k lesznek.<\/strong>&nbsp;Mit is jelent ez? Egyetlen mondatban tal\u00e1n annyit, hogy elm\u00e9letileg szil\u00e1rdan megalapozott, ugyanakkor nagyon is gyakorlatias tud\u00e1st kapnak.<\/p>\n\n\n\n<p>De mi\u00e9rt olyan fontos erre m\u00e1r most, k\u00f6z\u00e9piskol\u00e1sk\u00e9nt felk\u00e9sz\u00fclni? A v\u00e1lasz roppant egyszer\u0171: a BME VIK-en hallgat\u00f3k\u00e9nt is&nbsp;<strong>\u00f3ri\u00e1si sz\u00fcks\u00e9ged lesz a matematik\u00e1ra \u00e9s a fizik\u00e1ra<\/strong>. Ahhoz, hogy a fels\u0151bb \u00e9vfolyamokon megbirk\u00f3zz\u00e1l a k\u00fcl\u00f6nf\u00e9le gyakorlati probl\u00e9m\u00e1kkal, ahhoz, hogy megfelel\u0151 szeml\u00e9leted, modellalkot\u00f3 k\u00e9pess\u00e9ged alakuljon ki, sikerrel kell venned az itt oktatott fizika tant\u00e1rgyakat is.<\/p>\n\n\n\n<p>A felk\u00e9sz\u00fcl\u00e9s nem k\u00fcl\u00f6n\u00f6sebben neh\u00e9z feladat. Jelenleg nincs m\u00e1s tennival\u00f3d, mint j\u00f3l megtanulni a k\u00f6z\u00e9piskol\u00e1s matematika \u00e9s fizika tananyagot. Lehet\u0151leg&nbsp;<strong>j\u00e1rj fakult\u00e1ci\u00f3ra<\/strong>&nbsp;mindk\u00e9t tant\u00e1rgyb\u00f3l, majd \u00e9retts\u00e9gizz fizik\u00e1b\u00f3l is, ne csak matematik\u00e1b\u00f3l. A tapasztalatok szerint a k\u00f6z\u00e9pszint\u0171 \u00e9retts\u00e9gi nem k\u00e9sz\u00edt fel megfelel\u0151en egy olyan sz\u00ednvonalas egyetemen val\u00f3 tanul\u00e1sra, mint a BME, ez\u00e9rt legal\u00e1bb&nbsp;<strong>matematik\u00e1b\u00f3l<\/strong>, de lehet\u0151s\u00e9g szerint&nbsp;<strong>fizik\u00e1b\u00f3l is tegy\u00e9l emelt szint\u0171 vizsg\u00e1t<\/strong>.<\/p>\n\n\n\n<p>A t\u00f6bbi azt\u00e1n m\u00e1r az egyetem dolga. Ha megvannak az alapjaid, a BME VIK-en megtan\u00edtj\u00e1k neked az \u00f6sszes tov\u00e1bbi tudnival\u00f3t.<\/p>\n\n\n\n<p>Ha a matematika \u00e9s a fizika tanul\u00e1sa mellett m\u00e9g egy kicsit szeretn\u00e9l k\u00e9sz\u00fclni az egyetemre, akkor azt javasoljuk, hogy a programoz\u00e1s alapjaival ismerkedj meg, els\u0151sorban a C (esetleg a Pascal) nyelvet aj\u00e1nljuk. Kit\u0171n\u0151 tank\u00f6nyv kezd\u0151k sz\u00e1m\u00e1ra az \u201eEgy\u00fctt k\u00f6nnyebb a programoz\u00e1s \u2013 C\u201d&nbsp; \u00e9s a \u201eProgramozzunk Turbo Pascal nyelven\u201d.<\/p>\n\n\n\n<p>Ez nem azt jelenti, hogy ez elv\u00e1rt ismeret lenne, hiszen teljesen az elej\u00e9t\u0151l kezdj\u00fck a programoz\u00e1s oktat\u00e1st, de k\u00f6nnyebbs\u00e9get jelenthet.<\/p>\n\n\n\n<p>Ha nem tudod, hogy el\u00e9g felk\u00e9sz\u00fclt vagy-e m\u00e1r, akkor \u00f6ssze\u00e1ll\u00edtottunk n\u00e9h\u00e1ny&nbsp;<a href=\"http:\/\/felvi.vik.bme.hu\/wp-content\/uploads\/2021\/12\/test.pdf\" target=\"_blank\" rel=\"noreferrer noopener\">tesztet<\/a>, amivel felm\u00e9rheted a tud\u00e1sod. (A megold\u00e1sok&nbsp;<a href=\"http:\/\/felvi.vik.bme.hu\/wp-content\/uploads\/2021\/12\/test_mo.pdf\" target=\"_blank\" rel=\"noreferrer noopener\">itt<\/a>&nbsp;\u00e9rhet\u0151ek el.)<\/p>\n\n\n\n<p>Amennyiben tov\u00e1bbi feladatokat akarsz megoldani, l\u00e1togass el az&nbsp;<a href=\"http:\/\/alfa.bme.hu\/\" target=\"_blank\" rel=\"noreferrer noopener\">alfa.bme.hu<\/a>&nbsp;oldalra.<\/p>\n<\/details>\n\n\n\n<details class=\"wp-block-details is-layout-flow wp-block-details-is-layout-flow\" style=\"margin-top:var(--wp--preset--spacing--10);margin-bottom:var(--wp--preset--spacing--10)\"><summary>IDEGEN NYELV\u0170 OKTAT\u00c1S<\/summary>\n<p style=\"margin-top:var(--wp--preset--spacing--10);margin-bottom:var(--wp--preset--spacing--10)\"><em><strong>A Karon n\u00e9met nyelv\u0171 k\u00e9pz\u00e9s is folyik, illetve lehet\u0151s\u00e9g van sz\u00e1mos tant\u00e1rgy angol nyelv\u0171 hallgat\u00e1s\u00e1ra is. Mindemellett sz\u00e1mtalan k\u00fclf\u00f6ldi di\u00e1kcsere \u00e9s \u00f6szt\u00f6nd\u00edj program \u00e9rhet\u0151 el hallgat\u00f3ink sz\u00e1m\u00e1ra. Az egyetemen lehet\u0151s\u00e9ged van ingyenes kiscsoportos nyelvi \u00f3r\u00e1kat l\u00e1togatni.<\/strong><\/em><\/p>\n\n\n\n<p>A m\u0171szaki vil\u00e1gban az \u00e9rt\u00e9kes diplom\u00e1hoz \u00e9s piack\u00e9pes tud\u00e1shoz&nbsp;<strong>elengedhetetlen legal\u00e1bb az angol nyelv<\/strong>&nbsp;magas szint\u0171 ismerete, melyet tov\u00e1bbi nyelvekkel kieg\u00e9sz\u00edtve m\u00e9g sz\u00e9lesebb lehet\u0151s\u00e9gek v\u00e1rnak r\u00e1d.<\/p>\n\n\n\n<p>Szerencs\u00e9re az egyetemen az&nbsp;<a href=\"http:\/\/www.nyi.bme.hu\/\" target=\"_blank\" rel=\"noreferrer noopener\"><strong>ingyenes nyelvoktat\u00e1s<\/strong><\/a>&nbsp;keret\u00e9ben a h\u00e9t legelterjedtebb nyelven, \u00f6t k\u00fcl\u00f6nb\u00f6z\u0151 szinten t\u00f6k\u00e9letes\u00edtheted a nyelvtud\u00e1sod, vagy ak\u00e1r egy teljesen \u00faj nyelvet is elkezdetsz az alapokt\u00f3l.<\/p>\n\n\n\n<p>Emellett, amennyiben m\u00e1r legal\u00e1bb egy k\u00f6z\u00e9pfok\u00fa, t\u00e1rsalg\u00e1si szint\u0171 nyelvtud\u00e1ssal rendelkezel, sz\u00e1mos k\u00fclf\u00f6ldi \u00f6szt\u00f6nd\u00edjprogramban vehetsz r\u00e9szt, ahol anyanyelvi k\u00f6rnyezetben, egyetemi tanulm\u00e1nyok vagy szakmai gyakorlat sor\u00e1n j\u00e1tszi k\u00f6nnyeds\u00e9ggel ragad r\u00e1d a szakma sz\u00f3kincse. Nem mell\u00e9kesen egy idegen orsz\u00e1g t\u00e1jaival, kult\u00far\u00e1j\u00e1val \u00e9s szok\u00e1saival is megismerkedhetsz a kint t\u00f6lt\u00f6tt f\u00e9l-egy \u00e9v sor\u00e1n. A k\u00fclf\u00f6ldi f\u00e9l\u00e9vek alatt a cserehallgat\u00f3k k\u00f6z\u00f6tt kialakult bar\u00e1ts\u00e1gok pedig \u00fajabb aprop\u00f3t teremthetnek Eur\u00f3pa \u00e9s a vil\u00e1g bebarangol\u00e1s\u00e1hoz.<\/p>\n\n\n\n<p>Az \u00f6szt\u00f6nd\u00edjprogramok k\u00f6z\u00fcl az&nbsp;<strong><a href=\"http:\/\/www.kth.bme.hu\/kulfoldi_reszkepzes\/erasmus_plus\/\" target=\"_blank\" rel=\"noreferrer noopener\">Erasmus di\u00e1kcsere program<\/a><\/strong>&nbsp;a legn\u00e9pszer\u0171bb \u00e9s legismertebb. Ennek keret\u00e9ben 17 eur\u00f3pai orsz\u00e1g egyetemein t\u00f6lthetsz el f\u00e9l-egy \u00e9vet, \u00e9s t\u00fal azon, hogy az ottani oktat\u00e1s ingyenes a sz\u00e1modra, az \u00f6szt\u00f6nd\u00edj m\u00e9g a kinn tart\u00f3zkod\u00e1s k\u00f6lts\u00e9geinek egy jelent\u0151s h\u00e1nyad\u00e1t is fedezi. Emellett a&nbsp;<a href=\"https:\/\/cwp.scholarship.hu\/\" target=\"_blank\" rel=\"noreferrer noopener\">Magyar \u00d6szt\u00f6nd\u00edj Bizotts\u00e1gnak<\/a>&nbsp;is vannak hasonl\u00f3 felt\u00e9telekkel ki\u00edrt \u00f6szt\u00f6nd\u00edjp\u00e1ly\u00e1zatai, szint\u00e9n els\u0151sorban eur\u00f3pai tanulm\u00e1nyokra.<\/p>\n\n\n\n<p>Ha enn\u00e9l messzebbre v\u00e1gyn\u00e1l, akkor v\u00e1logathatsz m\u00e9g az <strong>amerikai, jap\u00e1n \u00f6szt\u00f6nd\u00edjak<\/strong>&nbsp;k\u00f6z\u00fcl, a M\u0171egyetemnek \u00e9s a Villamosm\u00e9rn\u00f6ki \u00e9s Informatikai Karnak t\u00f6bb neves egyetemmel van kapcsolata ezen orsz\u00e1gokban, \u00fagyhogy amennyiben szeretn\u00e9l k\u00fclf\u00f6ld\u00f6n t\u00f6lteni egy f\u00e9l\u00e9vet, akkor ehhez minden lehet\u0151s\u00e9g adott.<\/p>\n\n\n\n<p>Ha nem szeretn\u00e9d elhagyni az egyetemet, akkor sem kell lemondanod az idegen nyelv\u0171 tanul\u00e1sr\u00f3l, mert b\u00e1r elt\u00e9r\u0151 rendszerben, de mind&nbsp;<strong>angol<\/strong>, mind&nbsp;<strong>n\u00e9met nyelv\u0171 k\u00e9pz\u00e9s<\/strong>&nbsp;zajlik a karon.<\/p>\n\n\n\n<p>N\u00e9met nyelv\u0171 k\u00e9pz\u00e9sre az els\u0151 \u00f6t f\u00e9l\u00e9v\u00e9ben van lehet\u0151s\u00e9ged BSc-n. Ekkor minden t\u00e1rgyat n\u00e9met nyelven hallgatnak a k\u00e9pz\u00e9sben tanul\u00f3k, \u00e9s n\u00e9met nyelven zajlanak a sz\u00e1monk\u00e9r\u00e9sek is, \u00e9ppen ez\u00e9rt elv\u00e1r\u00e1s a legal\u00e1bb k\u00f6z\u00e9pfok\u00fa nyelvvizsga. Az els\u0151 n\u00e9gy f\u00e9l\u00e9vet k\u00f6vet\u0151en a j\u00f3l teljes\u00edt\u0151 hallgat\u00f3knak lehet\u0151s\u00e9g\u00fck van egy f\u00e9l\u00e9vet a Karlsruhei Egyetemen elt\u00f6lteni, \u00e9s ezen fel\u00fcl ak\u00e1r ott \u00edrni a diplomamunk\u00e1t, vagy az egyetemmel kapcsolatban \u00e1ll\u00f3 n\u00e9met c\u00e9gekn\u00e9l v\u00e9gezni a szakmai gyakorlatot. Ennek a k\u00e9pz\u00e9snek egy minisite-ot is k\u00e9sz\u00edtett\u00fcnk, itt tudod \u00e1tb\u00f6ng\u00e9szni:&nbsp;<a href=\"http:\/\/nemet.vik.bme.hu\/\" target=\"_blank\" rel=\"noreferrer noopener\">KATT!<\/a><\/p>\n\n\n\n<p>Az angol nyelv\u0171 k\u00e9pz\u00e9s teljes eg\u00e9sz\u00e9ben itt zajlik a BME-n, BSc szinten els\u0151sorban a k\u00fclf\u00f6ldi hallgat\u00f3k sz\u00e1m\u00e1ra, t\u00e9r\u00edt\u00e9ses form\u00e1ban, amelybe a magyar k\u00e9pz\u00e9sen r\u00e9sztvev\u0151knek is lehet\u0151s\u00e9g\u00fck van bekapcsol\u00f3dni \u00e9s n\u00e9h\u00e1ny t\u00e1rgyat angol nyelven tanulni. K\u00e9s\u0151bb, MSc k\u00e9pz\u00e9sben enn\u00e9l nagyobb teret kap az angol nyelv\u0171 oktat\u00e1s.<\/p>\n\n\n\n<p>\u00d6sszess\u00e9g\u00e9ben l\u00e1that\u00f3, hogy szinte korl\u00e1tlan sz\u00e1m\u00fa lehet\u0151s\u00e9g van idegen nyelveket tanulni, gyakorolni az egyetemi \u00e9vek sor\u00e1n, pedig a lista m\u00e9g kor\u00e1ntsem teljes. Ennek k\u00f6sz\u00f6nhet\u0151en mindenki megtal\u00e1lja azt, ami legink\u00e1bb megfelel az elk\u00e9pzel\u00e9seinek.<\/p>\n<\/details>\n","protected":false},"excerpt":{"rendered":"<p>A karon k\u00e9t BSc szakot tal\u00e1lsz, a villamosm\u00e9rn\u00f6k \u00e9s a m\u00e9rn\u00f6kinformatikus k\u00e9pz\u00e9st. Ha nem tudod, hogy ezek mit is jelentenek pontosan, vagy nem tudsz d\u00f6nteni a k\u00e9t szak k\u00f6z\u00f6tt, esetleg m\u00e1s karok vagy int\u00e9zm\u00e9nyek \u00e9s a VIK k\u00f6z\u00f6tt vacill\u00e1lsz, felt\u00e9tlen olvasd el al\u00e1bbi \u00edr\u00e1sainkat. Ha net\u00e1n mindezek ut\u00e1n is bizonytalan lenn\u00e9l, l\u00e1togass meg minket, pillants [&hellip;]<\/p>\n","protected":false},"author":1,"featured_media":0,"parent":0,"menu_order":0,"comment_status":"closed","ping_status":"closed","template":"","meta":{"footnotes":""},"class_list":["post-114","page","type-page","status-publish","hentry"],"_links":{"self":[{"href":"https:\/\/felvi-teszt.vik.bme.hu\/index.php\/wp-json\/wp\/v2\/pages\/114","targetHints":{"allow":["GET"]}}],"collection":[{"href":"https:\/\/felvi-teszt.vik.bme.hu\/index.php\/wp-json\/wp\/v2\/pages"}],"about":[{"href":"https:\/\/felvi-teszt.vik.bme.hu\/index.php\/wp-json\/wp\/v2\/types\/page"}],"author":[{"embeddable":true,"href":"https:\/\/felvi-teszt.vik.bme.hu\/index.php\/wp-json\/wp\/v2\/users\/1"}],"replies":[{"embeddable":true,"href":"https:\/\/felvi-teszt.vik.bme.hu\/index.php\/wp-json\/wp\/v2\/comments?post=114"}],"version-history":[{"count":18,"href":"https:\/\/felvi-teszt.vik.bme.hu\/index.php\/wp-json\/wp\/v2\/pages\/114\/revisions"}],"predecessor-version":[{"id":305,"href":"https:\/\/felvi-teszt.vik.bme.hu\/index.php\/wp-json\/wp\/v2\/pages\/114\/revisions\/305"}],"wp:attachment":[{"href":"https:\/\/felvi-teszt.vik.bme.hu\/index.php\/wp-json\/wp\/v2\/media?parent=114"}],"curies":[{"name":"wp","href":"https:\/\/api.w.org\/{rel}","templated":true}]}}